{"id":81908,"date":"2022-11-28T12:05:46","date_gmt":"2022-11-28T11:05:46","guid":{"rendered":"https:\/\/secureus.se\/produkt\/ajax-rex-2-svart-repeater\/"},"modified":"2026-03-10T11:00:19","modified_gmt":"2026-03-10T10:00:19","slug":"ajax-rex-2-svart-repeater","status":"publish","type":"product","link":"https:\/\/secureus.se\/es\/ajax-rex-2-svart-repeater\/","title":{"rendered":"Repetidor Ajax ReX 2 Negro"},"content":{"rendered":"<h3>Ajax ReX 2 es un potente amplificador de se\u00f1al de radio que permite instalar dispositivos de seguridad Ajax en ubicaciones remotas, haciendo posible proteger \u00e1reas m\u00e1s grandes como almacenes, centros de negocios o propiedades enteras.<\/h3>\n<p>Con ReX 2, puede ampliar el rango de comunicaci\u00f3n de su sistema de seguridad Ajax y admitir la verificaci\u00f3n de fotograf\u00edas, proporcionando informaci\u00f3n r\u00e1pida y precisa sobre eventos de alarma.<\/p>\n<p><strong>Caracter\u00edsticas:<\/strong><\/p>\n<ul>\n<li><strong>Rango extendido:<\/strong> ReX 2 permite instalar dispositivos de seguridad hasta a 1.700 metros del hub, cubriendo un \u00e1rea de hasta 35 km\u00b2. Esto lo convierte en una opci\u00f3n perfecta para grandes propiedades e instalaciones comerciales.<\/li>\n<li><strong>Verificaci\u00f3n de fotograf\u00eda:<\/strong> Con soporte para verificaci\u00f3n de fotograf\u00edas a trav\u00e9s de los detectores MotionCam y MotionCam Outdoor, puede obtener r\u00e1pidamente evidencia visual de eventos de intrusi\u00f3n, minimizando el riesgo de falsas alarmas y proporcionando una mejor preparaci\u00f3n para el personal de seguridad.<\/li>\n<li><strong>Bater\u00eda de respaldo:<\/strong> ReX 2 tiene una bater\u00eda de respaldo que proporciona hasta 38 horas de tiempo de funcionamiento en caso de un corte de energ\u00eda, lo que garantiza que el sistema de seguridad permanezca activo incluso durante un corte de energ\u00eda.<\/li>\n<li><strong>Conexi\u00f3n Ethernet:<\/strong> Para garantizar una comunicaci\u00f3n estable y confiable, ReX 2 ofrece la posibilidad de conectarse al concentrador a trav\u00e9s de Ethernet, lo que mejora la confiabilidad del sistema en entornos con baja se\u00f1al de radio.<\/li>\n<li><strong>Protecci\u00f3n antisabotaje:<\/strong> ReX 2 est\u00e1 equipado con funciones para detectar manipulaci\u00f3n y sabotaje. Si alguien intenta manipular el dispositivo o desconectarlo del sistema, se activa una alarma de manipulaci\u00f3n.<\/li>\n<li><strong>Configuraci\u00f3n r\u00e1pida:<\/strong> ReX 2 es f\u00e1cil de instalar y configurar a trav\u00e9s de la aplicaci\u00f3n Ajax, y solo requiere escanear el c\u00f3digo QR y seguir las instrucciones para agregarlo al sistema.<\/li>\n<\/ul>\n<p><strong>Especificaciones t\u00e9cnicas:<\/strong><\/p>\n<ul>\n<li><strong>Compatibilidad:<\/strong> Hub 2, Hub 2 Plus, Hub H\u00edbrido<\/li>\n<li><strong>Protocolo de comunicaci\u00f3n:<\/strong> Joyero (para transmisi\u00f3n de alarmas y eventos), Alas (para transmisi\u00f3n de fotos)<\/li>\n<li><strong>Alcance m\u00e1ximo:<\/strong> Hasta 1.700 m (dependiendo de la intensidad de la se\u00f1al)<\/li>\n<li><strong>Bater\u00eda de respaldo:<\/strong> Hasta 38 horas<\/li>\n<li><strong>Conexi\u00f3n Ethernet:<\/strong> S\u00ed, para una comunicaci\u00f3n segura y estable.<\/li>\n<li><strong>Rango de temperatura:<\/strong> -10\u00b0C a +40\u00b0C<\/li>\n<li><strong>Instalaci\u00f3n:<\/strong> Interior<\/li>\n<li><strong>Medida:<\/strong> 163 x 163 x 36 mm<\/li>\n<li><strong>Peso:<\/strong> 410 gramos<\/li>\n<\/ul>\n<p>ReX 2 tambi\u00e9n ofrece comunicaci\u00f3n bidireccional entre el concentrador y los dispositivos conectados a trav\u00e9s del amplificador, lo que garantiza una transferencia de datos r\u00e1pida y segura.<\/p>\n<p>Si el sistema experimenta problemas con la comunicaci\u00f3n por radio, puede cambiar autom\u00e1ticamente a la conectividad Ethernet para garantizar que las alarmas y los eventos siempre se entreguen con rapidez y precisi\u00f3n.<\/p>\n<p>&nbsp;<\/p>","protected":false},"excerpt":{"rendered":"<p>Ajax ReX 2 es un amplificador de se\u00f1al de radio avanzado que ampl\u00eda el alcance de su sistema de seguridad y admite verificaci\u00f3n de fotograf\u00edas.<\/p>\n<p>Compatible con Hub 2, Hub 2 Plus y Hub Hybrid, ReX 2 garantiza una comunicaci\u00f3n confiable entre sus dispositivos de seguridad y el panel de control principal.<\/p>\n<p>Con respaldo de bater\u00eda, conexi\u00f3n Ethernet y protecci\u00f3n contra manipulaciones, ofrece mayor flexibilidad y seguridad para su sistema.<\/p>","protected":false},"featured_media":152109,"template":"","meta":{"_acf_changed":false},"product_brand":[],"product_cat":[3168,1319],"product_tag":[3127,4863],"class_list":{"0":"post-81908","1":"product","2":"type-product","3":"status-publish","4":"has-post-thumbnail","6":"product_cat-range-extender-repeater","7":"product_cat-ajax-larm","8":"product_tag-kontrollprodukt","9":"product_tag-pf","10":"product_shipping_class-tunga-paket","11":"pa_brands-ajax-systems","12":"pa_color-svart","13":"pa_farg-svart","14":"tm-no-options","16":"first","17":"instock","18":"sale","19":"featured","20":"taxable","21":"shipping-taxable","22":"purchasable","23":"product-type-simple"},"acf":[],"_links":{"self":[{"href":"https:\/\/secureus.se\/es\/wp-json\/wp\/v2\/product\/81908","targetHints":{"allow":["GET"]}}],"collection":[{"href":"https:\/\/secureus.se\/es\/wp-json\/wp\/v2\/product"}],"about":[{"href":"https:\/\/secureus.se\/es\/wp-json\/wp\/v2\/types\/product"}],"wp:featuredmedia":[{"embeddable":true,"href":"https:\/\/secureus.se\/es\/wp-json\/wp\/v2\/media\/152109"}],"wp:attachment":[{"href":"https:\/\/secureus.se\/es\/wp-json\/wp\/v2\/media?parent=81908"}],"wp:term":[{"taxonomy":"product_brand","embeddable":true,"href":"https:\/\/secureus.se\/es\/wp-json\/wp\/v2\/product_brand?post=81908"},{"taxonomy":"product_cat","embeddable":true,"href":"https:\/\/secureus.se\/es\/wp-json\/wp\/v2\/product_cat?post=81908"},{"taxonomy":"product_tag","embeddable":true,"href":"https:\/\/secureus.se\/es\/wp-json\/wp\/v2\/product_tag?post=81908"}],"curies":[{"name":"wp","href":"https:\/\/api.w.org\/{rel}","templated":true}]}}