{"id":82370,"date":"2023-07-03T14:53:56","date_gmt":"2023-07-03T12:53:56","guid":{"rendered":"https:\/\/secureus.se\/produkt\/plomberingstrad-gron\/"},"modified":"2026-04-08T08:56:37","modified_gmt":"2026-04-08T06:56:37","slug":"plomberingstrad-gron","status":"publish","type":"product","link":"https:\/\/secureus.se\/es\/plomberingstrad-gron\/","title":{"rendered":"Alambre de sellado Verde \u2013 Para Assa"},"content":{"rendered":"<h2 data-start=\"687\" data-end=\"737\" data-section-id=\"1rni14v\">Alambre de sellado para puertas de emergencia y extintores.<\/h2>\n<p>Alambres de sellado de 250 mm de longitud para accesorios de evacuaci\u00f3n de emergencia ASSA, por ejemplo, 179A, 179A S4 o 179B S4.<\/p>\n<p>Se utiliza para dejar bien claro que la salida solo puede utilizarse en situaciones de emergencia.<\/p>\n<p>Tambi\u00e9n disponible en rojo y azul, pero sin el icono de evacuaci\u00f3n de emergencia.<\/p>\n<p data-start=\"738\" data-end=\"945\">Este hilo de sellado verde se utiliza para sellar y marcar equipos de seguridad que solo deben usarse cuando sea necesario. Cuando se rompe el sello, se evidencia de inmediato que el equipo ha sido abierto o manipulado.<\/p>\n<p data-start=\"947\" data-end=\"990\">El alambre de sellado se utiliza a menudo, por ejemplo, en:<\/p>\n<ul data-start=\"992\" data-end=\"1085\">\n<li data-start=\"992\" data-end=\"1005\" data-section-id=\"pburat\">\n<p data-start=\"994\" data-end=\"1005\">puertas de emergencia<\/p>\n<\/li>\n<li data-start=\"1006\" data-end=\"1023\" data-section-id=\"xjulw6\">\n<p data-start=\"1008\" data-end=\"1023\">extintor de incendios<\/p>\n<\/li>\n<li data-start=\"1024\" data-end=\"1039\" data-section-id=\"1l4lnz0\">\n<p data-start=\"1026\" data-end=\"1039\">boca de incendio<\/p>\n<\/li>\n<li data-start=\"1040\" data-end=\"1057\" data-section-id=\"1f72y04\">\n<p data-start=\"1042\" data-end=\"1057\">caja de seguridad<\/p>\n<\/li>\n<li data-start=\"1058\" data-end=\"1085\" data-section-id=\"yfkruv\">\n<p data-start=\"1060\" data-end=\"1085\">instalaciones t\u00e9cnicas<\/p>\n<\/li>\n<\/ul>\n<p data-start=\"1087\" data-end=\"1179\">Esto agiliza los controles de seguridad, ya que se puede ver de inmediato si el equipo ha sido abierto.<\/p>\n<hr data-start=\"1181\" data-end=\"1184\" \/>\n<h2 data-start=\"1186\" data-end=\"1243\" data-section-id=\"q26pcq\">Se utiliza con frecuencia en instalaciones inmobiliarias y de seguridad.<\/h2>\n<p data-start=\"1244\" data-end=\"1454\">El sellado con alambre es una soluci\u00f3n com\u00fan en la administraci\u00f3n de propiedades y en los trabajos sistem\u00e1ticos de protecci\u00f3n contra incendios. Permite comprobar r\u00e1pidamente si los equipos de seguridad est\u00e1n intactos sin necesidad de abrir cada unidad.<\/p>\n<p data-start=\"1456\" data-end=\"1563\">Este modelo es especialmente adecuado para instalaciones donde <strong data-start=\"1513\" data-end=\"1554\">Componentes ASSA o herrajes para puertas de emergencia<\/strong> se utiliza.<\/p>\n<hr data-start=\"1565\" data-end=\"1568\" \/>\n<h2 data-start=\"1570\" data-end=\"1588\" data-section-id=\"1floner\">F\u00e1cil montaje<\/h2>\n<p data-start=\"1589\" data-end=\"1797\">El alambre de sellado se instala pasando la banda a trav\u00e9s de, por ejemplo, un pasador o una manija, y luego fij\u00e1ndola en la pieza de sellado. Una vez bloqueado, el sello no se puede abrir sin romperlo o cortarlo.<\/p>\n<p data-start=\"1799\" data-end=\"1855\">Esto la convierte en una soluci\u00f3n de seguridad sencilla pero eficaz.<\/p>\n<hr data-start=\"1857\" data-end=\"1860\" \/>\n<h1 data-start=\"1862\" data-end=\"1872\" data-section-id=\"16fopcq\">Beneficios<\/h1>\n<ul data-start=\"1874\" data-end=\"2070\">\n<li data-start=\"1874\" data-end=\"1916\" data-section-id=\"ls77ve\">\n<p data-start=\"1876\" data-end=\"1916\">Muestra inmediatamente si el equipo ha sido abierto.<\/p>\n<\/li>\n<li data-start=\"1917\" data-end=\"1962\" data-section-id=\"1pqowha\">\n<p data-start=\"1919\" data-end=\"1962\">Evita el uso innecesario de las puertas de emergencia.<\/p>\n<\/li>\n<li data-start=\"1963\" data-end=\"1998\" data-section-id=\"136scw8\">\n<p data-start=\"1965\" data-end=\"1998\">Simplifica las comprobaciones de protecci\u00f3n contra incendios.<\/p>\n<\/li>\n<li data-start=\"1999\" data-end=\"2032\" data-section-id=\"1ofabbw\">\n<p data-start=\"2001\" data-end=\"2032\">F\u00e1cil de montar y usar<\/p>\n<\/li>\n<li data-start=\"2033\" data-end=\"2070\" data-section-id=\"d31n5h\">\n<p data-start=\"2035\" data-end=\"2070\">Soluci\u00f3n de seguridad rentable<\/p>\n<\/li>\n<\/ul>\n<hr data-start=\"2072\" data-end=\"2075\" \/>\n<h1 data-start=\"2077\" data-end=\"2105\" data-section-id=\"brc9ws\">Usos comunes<\/h1>\n<ul data-start=\"2107\" data-end=\"2201\">\n<li data-start=\"2107\" data-end=\"2120\" data-section-id=\"1hfb5n9\">\n<p data-start=\"2109\" data-end=\"2120\">Puertas de emergencia<\/p>\n<\/li>\n<li data-start=\"2121\" data-end=\"2138\" data-section-id=\"1glgnsm\">\n<p data-start=\"2123\" data-end=\"2138\">Extintor de incendios<\/p>\n<\/li>\n<li data-start=\"2139\" data-end=\"2154\" data-section-id=\"ybft18\">\n<p data-start=\"2141\" data-end=\"2154\">Bocas de incendio<\/p>\n<\/li>\n<li data-start=\"2155\" data-end=\"2172\" data-section-id=\"hh5nt0\">\n<p data-start=\"2157\" data-end=\"2172\">Caja de seguridad<\/p>\n<\/li>\n<li data-start=\"2173\" data-end=\"2201\" data-section-id=\"1d7qlpj\">\n<p data-start=\"2175\" data-end=\"2201\">Instalaciones de propiedad<\/p>\n<\/li>\n<\/ul>\n<hr data-start=\"2203\" data-end=\"2206\" \/>\n<h1 data-start=\"2208\" data-end=\"2225\" data-section-id=\"vb28v8\">Presupuesto<\/h1>\n<p data-start=\"2227\" data-end=\"2384\">Tama\u00f1o: <strong data-start=\"2236\" data-end=\"2251\">250 \u00d7 20 mm<\/strong><br data-start=\"2251\" data-end=\"2254\" \/>Pintar: <strong data-start=\"2260\" data-end=\"2268\">Verde<\/strong><br data-start=\"2268\" data-end=\"2271\" \/>Tipo: <strong data-start=\"2276\" data-end=\"2317\">Alambre de sellado \/ sello de seguridad<\/strong><br data-start=\"2317\" data-end=\"2320\" \/>Usar: <strong data-start=\"2332\" data-end=\"2384\">Puertas de emergencia, extintores y equipos de seguridad.<\/strong><\/p>\n<p>\u00bfQuieres saber m\u00e1s sobre c\u00f3mo funciona el sellado?<br data-start=\"3597\" data-end=\"3600\" \/><a href=\"https:\/\/secureus.se\/es\/vad-ar-plomberingstrad-sa-fungerar-sakerhetsplombering\/\" target=\"_blank\" rel=\"noopener\"><strong>Lea nuestra gu\u00eda: <em data-start=\"3617\" data-end=\"3694\">\u00bfQu\u00e9 es el alambre de sellado y c\u00f3mo se utiliza en extintores y puertas de emergencia?<\/em><\/strong><\/a><\/p>\n<p>&nbsp;<\/p>","protected":false},"excerpt":{"rendered":"<p data-start=\"335\" data-end=\"528\">Hilo de sellado verde para marcar y sellar puertas de emergencia, extintores y otros equipos de seguridad.<\/p>\n<p data-start=\"335\" data-end=\"528\">El sello permite ver r\u00e1pidamente si un dispositivo ha sido abierto o manipulado.<\/p>\n<p data-start=\"530\" data-end=\"653\">Se utiliza a menudo en propiedades, entornos p\u00fablicos e industrias donde es necesario revisar peri\u00f3dicamente el equipo de seguridad.<\/p>\n<p><span style=\"text-decoration: underline\"><strong><span class=\"ui-provider a b c d e f g h i j k l m n o p q r s t u v w x y z ab ac ae af ag ah ai aj ak\" dir=\"ltr\">La imagen muestra un paquete de 10, pero el producto se vende por pieza. Si compra 10 piezas, ser\u00e1 como se muestra en la imagen.<\/span><\/strong><\/span><\/p>\n<div class=\"product-presentation__column is--accordion\">\n<div class=\"product-presentation__accordion\"><\/div>\n<\/div>","protected":false},"featured_media":140638,"template":"","meta":{"_acf_changed":false},"product_brand":[],"product_cat":[3224,1332],"product_tag":[],"class_list":{"0":"post-82370","1":"product","2":"type-product","3":"status-publish","4":"has-post-thumbnail","6":"product_cat-nodutrymning","7":"product_cat-utrymning-tillbehor","8":"product_shipping_class-postnord-varubrev","9":"pa_brands-stonehouse-security","10":"pa_farg-gron","11":"tm-no-options","13":"first","14":"instock","15":"sale","16":"featured","17":"taxable","18":"shipping-taxable","19":"purchasable","20":"product-type-simple"},"acf":[],"_links":{"self":[{"href":"https:\/\/secureus.se\/es\/wp-json\/wp\/v2\/product\/82370","targetHints":{"allow":["GET"]}}],"collection":[{"href":"https:\/\/secureus.se\/es\/wp-json\/wp\/v2\/product"}],"about":[{"href":"https:\/\/secureus.se\/es\/wp-json\/wp\/v2\/types\/product"}],"wp:featuredmedia":[{"embeddable":true,"href":"https:\/\/secureus.se\/es\/wp-json\/wp\/v2\/media\/140638"}],"wp:attachment":[{"href":"https:\/\/secureus.se\/es\/wp-json\/wp\/v2\/media?parent=82370"}],"wp:term":[{"taxonomy":"product_brand","embeddable":true,"href":"https:\/\/secureus.se\/es\/wp-json\/wp\/v2\/product_brand?post=82370"},{"taxonomy":"product_cat","embeddable":true,"href":"https:\/\/secureus.se\/es\/wp-json\/wp\/v2\/product_cat?post=82370"},{"taxonomy":"product_tag","embeddable":true,"href":"https:\/\/secureus.se\/es\/wp-json\/wp\/v2\/product_tag?post=82370"}],"curies":[{"name":"wp","href":"https:\/\/api.w.org\/{rel}","templated":true}]}}