{"id":82466,"date":"2022-03-10T15:47:00","date_gmt":"2022-03-10T14:47:00","guid":{"rendered":"https:\/\/secureus.se\/produkt\/magnetkontakt-mc440-vit-utanpaliggande\/"},"modified":"2026-04-13T11:50:48","modified_gmt":"2026-04-13T09:50:48","slug":"magnetkontakt-mc440-vit-utanpaliggande","status":"publish","type":"product","link":"https:\/\/secureus.se\/es\/magnetkontakt-mc440-vit-utanpaliggande\/","title":{"rendered":"Contacto magn\u00e9tico MC440 Blanco \u2013 Montaje en superficie"},"content":{"rendered":"<div>\n<p>Para una instalaci\u00f3n r\u00e1pida y sencilla, dispone de un terminal de tornillo con protecci\u00f3n de cable y contacto de manipulaci\u00f3n contra apertura no autorizada.<\/p>\n<p>El contacto magn\u00e9tico tiene un espacio grande, lo que significa que se puede montar f\u00e1cilmente en la mayor\u00eda de los materiales, como madera, pl\u00e1stico, puertas y ventanas de aluminio.<\/p>\n<p>El contacto funciona muy bien cuando se monta en puertas de acero y puertas de seguridad, pero en ese caso deber\u00e1 utilizar los espaciadores de pl\u00e1stico incluidos. Hay diferentes tipos de \u00e1ngulos de montaje para manejar la mayor\u00eda de las instalaciones. Si se necesitan espaciadores de pl\u00e1stico adicionales, utilice MC 400-6 o MC 400-7.<\/p>\n<\/div>","protected":false},"excerpt":{"rendered":"<p>Productos del mercado profesional \u2013 Alarmtech \u2013 Siempre precios bajos<\/p>","protected":false},"featured_media":145315,"template":"","meta":{"_acf_changed":false},"product_brand":[],"product_cat":[3086],"product_tag":[],"class_list":{"0":"post-82466","1":"product","2":"type-product","3":"status-publish","4":"has-post-thumbnail","6":"product_cat-magnetkontakter","7":"product_shipping_class-postnord-varubrev","8":"pa_brands-alarmtech","9":"tm-no-options","11":"first","12":"instock","13":"featured","14":"taxable","15":"shipping-taxable","16":"purchasable","17":"product-type-simple"},"acf":[],"_links":{"self":[{"href":"https:\/\/secureus.se\/es\/wp-json\/wp\/v2\/product\/82466","targetHints":{"allow":["GET"]}}],"collection":[{"href":"https:\/\/secureus.se\/es\/wp-json\/wp\/v2\/product"}],"about":[{"href":"https:\/\/secureus.se\/es\/wp-json\/wp\/v2\/types\/product"}],"wp:featuredmedia":[{"embeddable":true,"href":"https:\/\/secureus.se\/es\/wp-json\/wp\/v2\/media\/145315"}],"wp:attachment":[{"href":"https:\/\/secureus.se\/es\/wp-json\/wp\/v2\/media?parent=82466"}],"wp:term":[{"taxonomy":"product_brand","embeddable":true,"href":"https:\/\/secureus.se\/es\/wp-json\/wp\/v2\/product_brand?post=82466"},{"taxonomy":"product_cat","embeddable":true,"href":"https:\/\/secureus.se\/es\/wp-json\/wp\/v2\/product_cat?post=82466"},{"taxonomy":"product_tag","embeddable":true,"href":"https:\/\/secureus.se\/es\/wp-json\/wp\/v2\/product_tag?post=82466"}],"curies":[{"name":"wp","href":"https:\/\/api.w.org\/{rel}","templated":true}]}}