{"id":82469,"date":"2022-03-10T15:47:00","date_gmt":"2022-03-10T14:47:00","guid":{"rendered":"https:\/\/secureus.se\/produkt\/vibrationsdetektor-med-inbyggd-magnetkontakt\/"},"modified":"2026-04-22T15:52:34","modified_gmt":"2026-04-22T13:52:34","slug":"vd-1-vibrationsdetektor-med-inbyggd-magnetkontakt","status":"publish","type":"product","link":"https:\/\/secureus.se\/es\/vd-1-vibrationsdetektor-med-inbyggd-magnetkontakt\/","title":{"rendered":"Detector de vibraciones VD-1 con contacto magn\u00e9tico incorporado"},"content":{"rendered":"<h1>Detector de vibraciones VD-1 con contacto magn\u00e9tico: m\u00e1xima seguridad<\/h1>\n<p>SATEL VD-1 es un detector de vibraciones avanzado que combina precisi\u00f3n y flexibilidad.<\/p>\n<p>Con su contacto magn\u00e9tico incorporado, puede detectar intentos de intrusi\u00f3n como intentos violentos de abrir puertas y ventanas, mientras ignora las vibraciones naturales del entorno, como el viento y las corrientes de aire.<\/p>\n<p>La sensibilidad ajustable permite adaptar el detector a necesidades espec\u00edficas. El VD-1 puede identificar tanto vibraciones fuertes individuales como una serie de vibraciones m\u00e1s d\u00e9biles, lo que lo hace ideal para diversos entornos de seguridad.<\/p>\n<p>Adem\u00e1s, ofrece una clara indicaci\u00f3n LED del estado de la se\u00f1al y las alarmas.<\/p>\n<p>Con su interruptor de seguridad y su construcci\u00f3n robusta, el VD-1 es una soluci\u00f3n confiable para todas las necesidades de seguridad.<\/p>\n<p>El detector est\u00e1 disponible en dos colores, blanco y marr\u00f3n, para combinarse con cualquier entorno.<\/p>\n<h3>Ventajas:<\/h3>\n<ul>\n<li><strong>Detecci\u00f3n avanzada<\/strong>:Distingue entre vibraciones naturales e intentos de intrusi\u00f3n.<\/li>\n<li><strong>Sensibilidad ajustable<\/strong>:Personalice para detectar vibraciones fuertes y d\u00e9biles.<\/li>\n<li><strong>Protecci\u00f3n contra manipulaciones<\/strong>: Protege contra el acceso y la manipulaci\u00f3n no autorizados.<\/li>\n<li><strong>Dise\u00f1o elegante<\/strong>:Disponible en blanco y marr\u00f3n para adaptarse a todos los entornos.<\/li>\n<\/ul>\n<h3>Presupuesto:<\/h3>\n<ul>\n<li><strong>Medida<\/strong>:26 x 112 x 29 mm<\/li>\n<li><strong>Voltaje de funcionamiento<\/strong>: 12 V CC (\u00b115 %)<\/li>\n<li><strong>Consumo de energ\u00eda<\/strong>: En espera 3,5 mA, m\u00e1x. 5,4 mA<\/li>\n<li><strong>Rango de temperatura<\/strong>:-10\u00b0C a +55\u00b0C<\/li>\n<li><strong>Distancias de detecci\u00f3n t\u00edpicas<\/strong>:Hasta 3,5 metros en superficies de madera<\/li>\n<\/ul>\n<p>Elija SATEL VD-1 para un hogar o negocio seguro y protegido.<\/p>","protected":false},"excerpt":{"rendered":"<p><strong>Detector de vibraciones VD-1 con contacto magn\u00e9tico<\/strong><\/p>\n<p>Garantice la m\u00e1xima seguridad con el SATEL VD-1, un detector de vibraciones que puede distinguir entre vibraciones naturales e intentos de intrusi\u00f3n. Con sensibilidad ajustable y funci\u00f3n antimanipulaci\u00f3n, es ideal para proteger puertas y ventanas.<\/p>","protected":false},"featured_media":145376,"template":"","meta":{"_acf_changed":false},"product_brand":[],"product_cat":[3085,3086,1324],"product_tag":[2418],"class_list":{"0":"post-82469","1":"product","2":"type-product","3":"status-publish","4":"has-post-thumbnail","6":"product_cat-vibationsdetektorer-glaskrossdetektorer","7":"product_cat-magnetkontakter","8":"product_cat-outlet","9":"product_tag-rel-larmgivare","10":"product_shipping_class-postnord-varubrev","11":"pa_brands-satel","12":"tm-no-options","14":"first","15":"instock","16":"sale","17":"featured","18":"taxable","19":"shipping-taxable","20":"purchasable","21":"product-type-simple"},"acf":[],"_links":{"self":[{"href":"https:\/\/secureus.se\/es\/wp-json\/wp\/v2\/product\/82469","targetHints":{"allow":["GET"]}}],"collection":[{"href":"https:\/\/secureus.se\/es\/wp-json\/wp\/v2\/product"}],"about":[{"href":"https:\/\/secureus.se\/es\/wp-json\/wp\/v2\/types\/product"}],"wp:featuredmedia":[{"embeddable":true,"href":"https:\/\/secureus.se\/es\/wp-json\/wp\/v2\/media\/145376"}],"wp:attachment":[{"href":"https:\/\/secureus.se\/es\/wp-json\/wp\/v2\/media?parent=82469"}],"wp:term":[{"taxonomy":"product_brand","embeddable":true,"href":"https:\/\/secureus.se\/es\/wp-json\/wp\/v2\/product_brand?post=82469"},{"taxonomy":"product_cat","embeddable":true,"href":"https:\/\/secureus.se\/es\/wp-json\/wp\/v2\/product_cat?post=82469"},{"taxonomy":"product_tag","embeddable":true,"href":"https:\/\/secureus.se\/es\/wp-json\/wp\/v2\/product_tag?post=82469"}],"curies":[{"name":"wp","href":"https:\/\/api.w.org\/{rel}","templated":true}]}}