{"id":82471,"date":"2022-03-10T15:48:00","date_gmt":"2022-03-10T14:48:00","guid":{"rendered":"https:\/\/secureus.se\/produkt\/lr-cl-lins-i-kapsling-langstralande-for-slim-line-ir-detektor-luna-ir-detektor-pro-dual-luna-och-dual-pro\/"},"modified":"2025-12-31T19:45:15","modified_gmt":"2025-12-31T18:45:15","slug":"langstralande-lins-for-slim-line","status":"publish","type":"product","link":"https:\/\/secureus.se\/es\/langstralande-lins-for-slim-line\/","title":{"rendered":"Lente de haz largo para SLIM-LINE"},"content":{"rendered":"<div id=\"leftpane\">\n<h1>Lente de haz largo para SLIM-LINE: mejore su sistema de seguridad<\/h1>\n<p>La LR-CL es una lente de haz largo desarrollada espec\u00edficamente para maximizar el rendimiento de los detectores de la serie SLIM-LINE.<\/p>\n<p>Esta lente se adapta a las versiones IR y DUAL, incluidos los modelos PRO y LUNA, y ofrece capacidades de detecci\u00f3n excepcionales en espacios grandes.<\/p>\n<p>Con esta lente puedes:<\/p>\n<ul>\n<li>Ampl\u00ede el rango de detecci\u00f3n para cubrir distancias m\u00e1s largas.<\/li>\n<li>Garantice una mayor precisi\u00f3n de detecci\u00f3n en entornos de seguridad complejos.<\/li>\n<li>Personaliza tu instalaci\u00f3n con un f\u00e1cil montaje y compatibilidad con todos los modelos top de la serie SLIM-LINE.<\/li>\n<\/ul>\n<p><strong>Perfecto para:<\/strong><\/p>\n<ul>\n<li>Almacenes y locales comerciales.<\/li>\n<li>Pasillos largos y entornos industriales.<\/li>\n<li>Aplicaciones que requieren alta precisi\u00f3n y confiabilidad.<\/li>\n<\/ul>\n<p>Haga que sus soluciones de seguridad sean a\u00fan m\u00e1s robustas y efectivas con la lente LR-CL.<\/p>\n<\/div>","protected":false},"excerpt":{"rendered":"<p><strong>Lente de haz largo para SLIM-LINE<\/strong><br \/>\nAproveche al m\u00e1ximo sus detectores SLIM-LINE con la lente LR-CL.<\/p>\n<p>Especialmente dise\u00f1ado para los modelos PRO, LUNA y DUAL, proporciona una capacidad de detecci\u00f3n extendida y alta precisi\u00f3n.<\/p>\n<p>&nbsp;<\/p>","protected":false},"featured_media":145006,"template":"","meta":{"_acf_changed":false},"product_brand":[],"product_cat":[1325],"product_tag":[2145],"class_list":{"0":"post-82471","1":"product","2":"type-product","3":"status-publish","4":"has-post-thumbnail","6":"product_cat-larmgivare-skalskydd","7":"product_tag-rorelsedetektor-ir-detektorer","8":"product_shipping_class-postnord-varubrev","9":"pa_brands-satel","10":"tm-no-options","12":"first","13":"instock","14":"sale","15":"featured","16":"taxable","17":"shipping-taxable","18":"purchasable","19":"product-type-simple"},"acf":[],"_links":{"self":[{"href":"https:\/\/secureus.se\/es\/wp-json\/wp\/v2\/product\/82471","targetHints":{"allow":["GET"]}}],"collection":[{"href":"https:\/\/secureus.se\/es\/wp-json\/wp\/v2\/product"}],"about":[{"href":"https:\/\/secureus.se\/es\/wp-json\/wp\/v2\/types\/product"}],"wp:featuredmedia":[{"embeddable":true,"href":"https:\/\/secureus.se\/es\/wp-json\/wp\/v2\/media\/145006"}],"wp:attachment":[{"href":"https:\/\/secureus.se\/es\/wp-json\/wp\/v2\/media?parent=82471"}],"wp:term":[{"taxonomy":"product_brand","embeddable":true,"href":"https:\/\/secureus.se\/es\/wp-json\/wp\/v2\/product_brand?post=82471"},{"taxonomy":"product_cat","embeddable":true,"href":"https:\/\/secureus.se\/es\/wp-json\/wp\/v2\/product_cat?post=82471"},{"taxonomy":"product_tag","embeddable":true,"href":"https:\/\/secureus.se\/es\/wp-json\/wp\/v2\/product_tag?post=82471"}],"curies":[{"name":"wp","href":"https:\/\/api.w.org\/{rel}","templated":true}]}}