{"id":82472,"date":"2022-03-10T15:48:00","date_gmt":"2022-03-10T14:48:00","guid":{"rendered":"https:\/\/secureus.se\/produkt\/fjarrkontroll-opt-1-for-slimline-detektorer\/"},"modified":"2025-12-31T19:49:06","modified_gmt":"2025-12-31T18:49:06","slug":"opt-1-fjarrkontroll-for-slimline-detektorer","status":"publish","type":"product","link":"https:\/\/secureus.se\/es\/opt-1-fjarrkontroll-for-slimline-detektorer\/","title":{"rendered":"Satel OPT-1 Control remoto para detectores Slimline para y programaci\u00f3n"},"content":{"rendered":"<div>\n<div>\n<div>\n<div>\n<div>\n<div data-tid=\"messageBodyContainer\">\n<div data-tid=\"messageBodyContent\">\n<div>\n<div>\n<div>\n<h1>El control remoto OPT-1 es una soluci\u00f3n innovadora para la instalaci\u00f3n y servicio de detectores Slimline de SATEL.<\/h1>\n<p>Este control remoto por infrarrojos permite cambiar los par\u00e1metros de funcionamiento de los detectores de forma r\u00e1pida y sencilla sin necesidad de abrir el dispositivo.<\/p>\n<p>Con un alcance de 15 metros, puede ajustar configuraciones importantes como la sensibilidad del sensor, la prueba de caminata y m\u00e1s, lo que hace que la instalaci\u00f3n sea m\u00e1s r\u00e1pida y sencilla.<\/p>\n<p>Este control remoto es un dispositivo que ahorra tiempo y es rentable y acorta el proceso de instalaci\u00f3n y servicio.<\/p>\n<p>Poder controlar y probar los detectores sin tener que abrir f\u00edsicamente la carcasa reduce el riesgo de da\u00f1os a las unidades y aumenta la eficiencia durante la resoluci\u00f3n de problemas y la configuraci\u00f3n.<\/p>\n<p>Esto tambi\u00e9n significa menores costos operativos tanto de instalaci\u00f3n como de mantenimiento, convirti\u00e9ndolo en una herramienta indispensable tanto para instaladores como para t\u00e9cnicos.<\/p>\n<p>El control remoto OPT-1 es compatible con una amplia gama de detectores Slimline, incluidos LUNA, LUNA-PET, PRO, DUAL-LUNA, DUAL-LUNA-PET, DUAL-PRO, OPAL Plus y OPAL Pro.<\/p>\n<p>Esto permite su uso tanto para detectores b\u00e1sicos como avanzados en diversos sistemas de seguridad.<\/p>\n<p>Ya sea que trabaje con un detector de movimiento simple o con un dispositivo de tecnolog\u00eda dual m\u00e1s avanzado, el control remoto OPT-1 proporciona una soluci\u00f3n conveniente para personalizar las funciones del dispositivo seg\u00fan necesidades espec\u00edficas.<\/p>\n<p><strong>Caracter\u00edsticas y beneficios:<\/strong><\/p>\n<ul>\n<li><strong>F\u00e1cil instalaci\u00f3n y ajuste:<\/strong> Ajuste los par\u00e1metros de funcionamiento sin abrir la unidad.<\/li>\n<li><strong>Alcance de 15 metros:<\/strong> Operaci\u00f3n remota conveniente durante la instalaci\u00f3n y el servicio.<\/li>\n<li><strong>Compatibilidad:<\/strong> Se adapta a varios detectores Slimline, incluidos LUNA, OPAL Plus y OPAL Pro.<\/li>\n<li><strong>Rentable:<\/strong> Ahorra tiempo y dinero mediante una programaci\u00f3n r\u00e1pida y eficiente.<\/li>\n<li><strong>Seguro y confiable:<\/strong> Permite realizar ajustes sin riesgo de da\u00f1ar el dispositivo.<\/li>\n<\/ul>\n<p><strong>Especificaciones t\u00e9cnicas:<\/strong><\/p>\n<ul>\n<li><strong>Alcance:<\/strong> Hasta 15 metros<\/li>\n<li><strong>Compatibilidad:<\/strong> Detector SLIM-IR - LUNA, detector SLIM-IR - LUNA-PET, detector SLIM-IR - PRO, SLIM-DUAL-LUNA, SLIM-DUAL-LUNA-PET, SLIM-DUAL-PRO, OPAL Plus, OPAL Pro<\/li>\n<li><strong>Usar:<\/strong> Control remoto de detectores de movimiento sin abrir la carcasa<\/li>\n<li><strong>Caracter\u00edsticas:<\/strong> Ajuste de la sensibilidad del sensor, prueba de caminata y otros par\u00e1metros operativos<\/li>\n<\/ul>\n<\/div>\n<\/div>\n<\/div>\n<\/div>\n<\/div>\n<\/div>\n<\/div>\n<\/div>\n<\/div>\n<\/div>","protected":false},"excerpt":{"rendered":"<p>Control remoto OPT-1 para detectores Slimline: una soluci\u00f3n pr\u00e1ctica y rentable para controlar y programar detectores de movimiento de forma remota.<\/p>\n<p>Con un alcance de 15 metros, puede ajustar la sensibilidad del sensor y otras configuraciones sin abrir la carcasa.<\/p>","protected":false},"featured_media":145028,"template":"","meta":{"_acf_changed":false},"product_brand":[],"product_cat":[1325],"product_tag":[],"class_list":{"0":"post-82472","1":"product","2":"type-product","3":"status-publish","4":"has-post-thumbnail","6":"product_cat-larmgivare-skalskydd","7":"product_shipping_class-postnord-varubrev","8":"pa_brands-satel","9":"tm-no-options","11":"first","12":"instock","13":"sale","14":"featured","15":"taxable","16":"shipping-taxable","17":"purchasable","18":"product-type-simple"},"acf":[],"_links":{"self":[{"href":"https:\/\/secureus.se\/es\/wp-json\/wp\/v2\/product\/82472","targetHints":{"allow":["GET"]}}],"collection":[{"href":"https:\/\/secureus.se\/es\/wp-json\/wp\/v2\/product"}],"about":[{"href":"https:\/\/secureus.se\/es\/wp-json\/wp\/v2\/types\/product"}],"wp:featuredmedia":[{"embeddable":true,"href":"https:\/\/secureus.se\/es\/wp-json\/wp\/v2\/media\/145028"}],"wp:attachment":[{"href":"https:\/\/secureus.se\/es\/wp-json\/wp\/v2\/media?parent=82472"}],"wp:term":[{"taxonomy":"product_brand","embeddable":true,"href":"https:\/\/secureus.se\/es\/wp-json\/wp\/v2\/product_brand?post=82472"},{"taxonomy":"product_cat","embeddable":true,"href":"https:\/\/secureus.se\/es\/wp-json\/wp\/v2\/product_cat?post=82472"},{"taxonomy":"product_tag","embeddable":true,"href":"https:\/\/secureus.se\/es\/wp-json\/wp\/v2\/product_tag?post=82472"}],"curies":[{"name":"wp","href":"https:\/\/api.w.org\/{rel}","templated":true}]}}