{"id":82473,"date":"2022-03-10T15:48:00","date_gmt":"2022-03-10T14:48:00","guid":{"rendered":"https:\/\/secureus.se\/produkt\/ct-cl-lins-i-kapsling-gardinlins-for-slim-pro-luna-ej-pet\/"},"modified":"2026-04-22T16:35:46","modified_gmt":"2026-04-22T14:35:46","slug":"gardinlins-for-slim-pro-och-luna","status":"publish","type":"product","link":"https:\/\/secureus.se\/es\/gardinlins-for-slim-pro-och-luna\/","title":{"rendered":"Lente de cortina para SLIM-PRO y LUNA (sin mascotas)"},"content":{"rendered":"<div>\n<h1>Lente de cortina para SLIM-PRO y SLIM-LUNA \u2013 Precisi\u00f3n y seguridad<\/h1>\n<p>Mejore su instalaci\u00f3n de seguridad con esta lente de cortina, dise\u00f1ada para los detectores SLIM-PRO y SLIM-LUNA de SATEL.<\/p>\n<p>La lente ofrece una soluci\u00f3n elegante y funcional para la detecci\u00f3n de precisi\u00f3n en aplicaciones profesionales.<\/p>\n<p>Es perfecto para \u00e1reas que requieren una vigilancia cercana, sin interrupciones innecesarias por los movimientos de las mascotas.<\/p>\n<p><strong>Caracter\u00edsticas principales:<\/strong><\/p>\n<ul>\n<li><strong>Tecnolog\u00eda Fresnell avanzada<\/strong>:Proporciona alta precisi\u00f3n y estabilidad en la detecci\u00f3n.<\/li>\n<li><strong>Instalaci\u00f3n flexible<\/strong>:F\u00e1cil de instalar en detectores SLIM-PRO y SLIM-LUNA existentes.<\/li>\n<li><strong>Alta compatibilidad<\/strong>:Adaptado para las series SLIM-PRO y SLIM-LUNA (sin PET).<\/li>\n<\/ul>\n<p><strong>\u00c1reas de uso:<\/strong><\/p>\n<ul>\n<li>Locales comerciales y almacenes<\/li>\n<li>Escuelas y edificios p\u00fablicos<\/li>\n<li>\u00c1reas sensibles que requieren un control cuidadoso del movimiento<\/li>\n<\/ul>\n<p>Actualice su sistema de seguridad con una lente que combina precisi\u00f3n y confiabilidad.<\/p>\n<p>Adecuado para los entornos de seguridad m\u00e1s exigentes.<\/p>\n<\/div>\n<div><\/div>","protected":false},"excerpt":{"rendered":"<h4>Lente de cortina para SLIM-PRO y LUNA<\/h4>\n<p>Optimice la seguridad con esta lente de cortina Fresnell para detectores SLIM-PRO y SLIM-LUNA.<\/p>\n<p>Perfecto para una detecci\u00f3n precisa en entornos profesionales.<\/p>\n<p>No apto para detectores de mascotas.<\/p>","protected":false},"featured_media":145022,"template":"","meta":{"_acf_changed":false},"product_brand":[],"product_cat":[1325],"product_tag":[2145],"class_list":{"0":"post-82473","1":"product","2":"type-product","3":"status-publish","4":"has-post-thumbnail","6":"product_cat-larmgivare-skalskydd","7":"product_tag-rorelsedetektor-ir-detektorer","8":"product_shipping_class-postnord-varubrev","9":"pa_brands-satel","10":"tm-no-options","12":"first","13":"instock","14":"sale","15":"featured","16":"taxable","17":"shipping-taxable","18":"purchasable","19":"product-type-simple"},"acf":[],"_links":{"self":[{"href":"https:\/\/secureus.se\/es\/wp-json\/wp\/v2\/product\/82473","targetHints":{"allow":["GET"]}}],"collection":[{"href":"https:\/\/secureus.se\/es\/wp-json\/wp\/v2\/product"}],"about":[{"href":"https:\/\/secureus.se\/es\/wp-json\/wp\/v2\/types\/product"}],"wp:featuredmedia":[{"embeddable":true,"href":"https:\/\/secureus.se\/es\/wp-json\/wp\/v2\/media\/145022"}],"wp:attachment":[{"href":"https:\/\/secureus.se\/es\/wp-json\/wp\/v2\/media?parent=82473"}],"wp:term":[{"taxonomy":"product_brand","embeddable":true,"href":"https:\/\/secureus.se\/es\/wp-json\/wp\/v2\/product_brand?post=82473"},{"taxonomy":"product_cat","embeddable":true,"href":"https:\/\/secureus.se\/es\/wp-json\/wp\/v2\/product_cat?post=82473"},{"taxonomy":"product_tag","embeddable":true,"href":"https:\/\/secureus.se\/es\/wp-json\/wp\/v2\/product_tag?post=82473"}],"curies":[{"name":"wp","href":"https:\/\/api.w.org\/{rel}","templated":true}]}}