{"id":82474,"date":"2022-03-10T15:48:00","date_gmt":"2022-03-10T14:48:00","guid":{"rendered":"https:\/\/secureus.se\/produkt\/lr-cl2-lins-i-kapsling-langstralande-for-slim-line-ir-detektor-dual\/"},"modified":"2026-04-22T15:51:05","modified_gmt":"2026-04-22T13:51:05","slug":"langstralande-lins-till-slim-line-dual","status":"publish","type":"product","link":"https:\/\/secureus.se\/es\/langstralande-lins-till-slim-line-dual\/","title":{"rendered":"Lente de haz largo para SLIM-LINE DUAL"},"content":{"rendered":"<h1>Lente de haz largo LR-CL2 para detectores SLIM-LINE<\/h1>\n<p>El LR-CL2 es la soluci\u00f3n perfecta para quienes necesitan una mejor detecci\u00f3n a largas distancias.<\/p>\n<p>Esta lente est\u00e1 dise\u00f1ada para adaptarse a los detectores SLIM-LINE de SATEL, incluidos SLIM-PIR y SLIM-DUAL, lo que la convierte en una opci\u00f3n flexible para sistemas de seguridad comerciales y privados.<\/p>\n<p>Con la LR-CL2 obtienes una lente en una carcasa robusta con tecnolog\u00eda Fresnel, que se reemplaza f\u00e1cilmente por la carcasa est\u00e1ndar.<\/p>\n<p>No requiere un montaje complejo: solo se necesitan 30 segundos para cambiar la lente. Esto hace que el LR-CL2 sea una actualizaci\u00f3n suave para maximizar la seguridad de su propiedad.<\/p>\n<p>Caracter\u00edsticas y beneficios:<\/p>\n<ul>\n<li><strong>Detecci\u00f3n a larga distancia<\/strong>:Perfecto para \u00e1reas grandes donde la distancia es crucial.<\/li>\n<li><strong>F\u00e1cil instalaci\u00f3n<\/strong>:Cambie r\u00e1pidamente la cubierta sin tener que ajustar la lente.<\/li>\n<li><strong>Carcasa duradera<\/strong>:Construcci\u00f3n robusta que protege la lente en entornos hostiles.<\/li>\n<li><strong>Compatibilidad<\/strong>:Funciona con detectores SLIM-PIR y SLIM-DUAL.<\/li>\n<\/ul>\n<p>Con el LR-CL2 garantizar\u00e1 que su soluci\u00f3n de seguridad funcione de forma \u00f3ptima incluso en condiciones dif\u00edciles.<\/p>\n<p>Esta lente es un accesorio indispensable para llevar la seguridad al siguiente nivel.<\/p>","protected":false},"excerpt":{"rendered":"<p>La lente de haz largo LR-CL2 para detectores SLIM-LINE ofrece una detecci\u00f3n superior en largas distancias.<\/p>\n<p>Se adapta a las versiones IR y DUAL. F\u00e1cil de reemplazar e ideal para sistemas de seguridad avanzados.<\/p>\n<p>&nbsp;<\/p>","protected":false},"featured_media":145014,"template":"","meta":{"_acf_changed":false},"product_brand":[],"product_cat":[3220,1325],"product_tag":[2145],"class_list":{"0":"post-82474","1":"product","2":"type-product","3":"status-publish","4":"has-post-thumbnail","6":"product_cat-larmtillbehor","7":"product_cat-larmgivare-skalskydd","8":"product_tag-rorelsedetektor-ir-detektorer","9":"product_shipping_class-postnord-varubrev","10":"pa_brands-satel","11":"tm-no-options","13":"first","14":"instock","15":"sale","16":"featured","17":"taxable","18":"shipping-taxable","19":"purchasable","20":"product-type-simple"},"acf":[],"_links":{"self":[{"href":"https:\/\/secureus.se\/es\/wp-json\/wp\/v2\/product\/82474","targetHints":{"allow":["GET"]}}],"collection":[{"href":"https:\/\/secureus.se\/es\/wp-json\/wp\/v2\/product"}],"about":[{"href":"https:\/\/secureus.se\/es\/wp-json\/wp\/v2\/types\/product"}],"wp:featuredmedia":[{"embeddable":true,"href":"https:\/\/secureus.se\/es\/wp-json\/wp\/v2\/media\/145014"}],"wp:attachment":[{"href":"https:\/\/secureus.se\/es\/wp-json\/wp\/v2\/media?parent=82474"}],"wp:term":[{"taxonomy":"product_brand","embeddable":true,"href":"https:\/\/secureus.se\/es\/wp-json\/wp\/v2\/product_brand?post=82474"},{"taxonomy":"product_cat","embeddable":true,"href":"https:\/\/secureus.se\/es\/wp-json\/wp\/v2\/product_cat?post=82474"},{"taxonomy":"product_tag","embeddable":true,"href":"https:\/\/secureus.se\/es\/wp-json\/wp\/v2\/product_tag?post=82474"}],"curies":[{"name":"wp","href":"https:\/\/api.w.org\/{rel}","templated":true}]}}