{"id":82476,"date":"2022-03-10T15:48:00","date_gmt":"2022-03-10T14:48:00","guid":{"rendered":"https:\/\/secureus.se\/produkt\/slim-ir-detektor-pet-klass-grade2-15x20-meter-husdjur-20-kg\/"},"modified":"2025-12-31T19:56:25","modified_gmt":"2025-12-31T18:56:25","slug":"slim-pir-pet-klass-grade2","status":"publish","type":"product","link":"https:\/\/secureus.se\/es\/slim-pir-pet-klass-grade2\/","title":{"rendered":"SLIM-PIR-PET Clase\/Grado 2 \u2013 15\u00d720 metros + Mascotas"},"content":{"rendered":"<h1>Detector de movimiento SLIM-PIR-PET con inmunidad a mascotas<\/h1>\n<p>SLIM-PIR-PET es un detector de movimiento inteligente y confiable dise\u00f1ado para combinar seguridad y conveniencia.<\/p>\n<p>Con inmunidad a mascotas de hasta 20 kg, es perfecto para hogares con mascotas, sin comprometer la seguridad.<\/p>\n<p>El detector utiliza un sensor infrarrojo pasivo (PIR) avanzado para detectar movimiento en el \u00e1rea protegida.<\/p>\n<p>Con sensibilidad ajustable en ocho pasos, puedes adaptarlo f\u00e1cilmente a diferentes entornos. El dispositivo tambi\u00e9n tiene resistencias de final de l\u00ednea integradas (2EOL) que simplifican la instalaci\u00f3n y el indicador LED ofrece cuatro colores diferentes para combinar con su configuraci\u00f3n de seguridad.<\/p>\n<p><strong>Caracter\u00edsticas y beneficios<\/strong>:<\/p>\n<ul>\n<li><strong>Inmunidad de las mascotas<\/strong>:Detecta movimiento sin falsas alarmas de mascotas de hasta 20 kg.<\/li>\n<li><strong>Detecci\u00f3n avanzada<\/strong>:Tecnolog\u00eda PIR con compensaci\u00f3n digital de temperatura para un m\u00e1ximo rendimiento.<\/li>\n<li><strong>Indicador LED seleccionable<\/strong>:Adaptable para diferentes colores de se\u00f1alizaci\u00f3n.<\/li>\n<li><strong>F\u00e1cil de instalar<\/strong>:Compatible con todos los sistemas de seguridad modernos.<\/li>\n<\/ul>\n<p>Ya sea en propiedades residenciales o comerciales, SLIM-PIR-PET ofrece un equilibrio perfecto entre tecnolog\u00eda y facilidad de uso.<\/p>\n<p>Con un dise\u00f1o compacto y una construcci\u00f3n robusta, es est\u00e9ticamente agradable y funcional.<\/p>\n<p>&nbsp;<\/p>","protected":false},"excerpt":{"rendered":"<p><strong>Detector de movimiento SLIM-PIR-PET con inmunidad a mascotas<\/strong><br \/>\nSLIM-PIR-PET es un detector de movimiento de alto rendimiento con inmunidad a mascotas de hasta 20 kg.<\/p>\n<p>Perfecto tanto para propiedades residenciales como comerciales, combina tecnolog\u00eda avanzada con facilidad de uso.<\/p>","protected":false},"featured_media":144928,"template":"","meta":{"_acf_changed":false},"product_brand":[],"product_cat":[1325],"product_tag":[2963,2145],"class_list":{"0":"post-82476","1":"product","2":"type-product","3":"status-publish","4":"has-post-thumbnail","6":"product_cat-larmgivare-skalskydd","7":"product_tag-grade-2","8":"product_tag-rorelsedetektor-ir-detektorer","9":"product_shipping_class-postnord-varubrev","10":"pa_brands-satel","11":"tm-no-options","13":"first","14":"instock","15":"sale","16":"featured","17":"taxable","18":"shipping-taxable","19":"purchasable","20":"product-type-simple"},"acf":[],"_links":{"self":[{"href":"https:\/\/secureus.se\/es\/wp-json\/wp\/v2\/product\/82476","targetHints":{"allow":["GET"]}}],"collection":[{"href":"https:\/\/secureus.se\/es\/wp-json\/wp\/v2\/product"}],"about":[{"href":"https:\/\/secureus.se\/es\/wp-json\/wp\/v2\/types\/product"}],"wp:featuredmedia":[{"embeddable":true,"href":"https:\/\/secureus.se\/es\/wp-json\/wp\/v2\/media\/144928"}],"wp:attachment":[{"href":"https:\/\/secureus.se\/es\/wp-json\/wp\/v2\/media?parent=82476"}],"wp:term":[{"taxonomy":"product_brand","embeddable":true,"href":"https:\/\/secureus.se\/es\/wp-json\/wp\/v2\/product_brand?post=82476"},{"taxonomy":"product_cat","embeddable":true,"href":"https:\/\/secureus.se\/es\/wp-json\/wp\/v2\/product_cat?post=82476"},{"taxonomy":"product_tag","embeddable":true,"href":"https:\/\/secureus.se\/es\/wp-json\/wp\/v2\/product_tag?post=82476"}],"curies":[{"name":"wp","href":"https:\/\/api.w.org\/{rel}","templated":true}]}}