{"id":82805,"date":"2023-08-19T17:17:28","date_gmt":"2023-08-19T15:17:28","guid":{"rendered":"https:\/\/secureus.se\/produkt\/arbetsrela-infalld-1vxl-uc-10a\/"},"modified":"2026-03-13T18:57:55","modified_gmt":"2026-03-13T17:57:55","slug":"arbetsrela-infalld-1vxl-uc-10a","status":"publish","type":"product","link":"https:\/\/secureus.se\/es\/arbetsrela-infalld-1vxl-uc-10a\/","title":{"rendered":"Rel\u00e9 de funcionamiento \u2013 Empotrado \u2013 1VXL UC 10A"},"content":{"rendered":"<p>1 contacto inversor libre de potencial 10A\/250V AC.<br \/>\nCarga de l\u00e1mpara incandescente hasta 2000W.<br \/>\nSin consumo en \u201cstandby\u201d.<br \/>\nUnidad empotrada. Largo 45mm, ancho 45mm, profundidad 18mm.<br \/>\nTecnolog\u00eda h\u00edbrida moderna que combina las mejores ventajas del control electr\u00f3nico sin desgaste y rel\u00e9s especiales de alto rendimiento.<br \/>\nVoltaje de funcionamiento universal de 8 a 230 V CA\/CC. Bajo nivel de ruido.<\/p>\n<h2>Caracter\u00edsticas del producto<\/h2>\n<div class=\"produkt-egenskaper\"><span class=\"produkt-egenskap\"><span class=\"label\">Funci\u00f3n<\/span><span class=\"value\">Completamente electr\u00f3nico<br \/>\n<\/span><\/span><span class=\"produkt-egenskap\"><span class=\"label\">M\u00e9todo de montaje<br \/>\n<\/span><span class=\"value\">Montaje empotrado<br \/>\n<\/span><\/span><span class=\"produkt-egenskap\"><span class=\"label\">Profundidad de instalaci\u00f3n<\/span><span class=\"value\">18 mm<br \/>\n<\/span><\/span><span class=\"produkt-egenskap\"><span class=\"label\">N\u00famero de contactos cambiantes<\/span><span class=\"value\">1<br \/>\n<\/span><\/span><span class=\"produkt-egenskap\"><span class=\"label\">Voltaje de control 1<\/span><span class=\"value\">8\u2026230 V<br \/>\n<\/span><\/span><span class=\"produkt-egenskap\"><span class=\"label\">Tipo de tensi\u00f3n de control 1<\/span><span class=\"value\">AC\/DC<\/span><\/span><span class=\"produkt-egenskap\"><span class=\"label\">Voltaje de control de frecuencia 1<\/span><span class=\"value\">0\u202660 Hz<br \/>\n<\/span><\/span><span class=\"produkt-egenskap\"><span class=\"label\">Tipo de tensi\u00f3n de control 2<\/span><span class=\"value\">AC\/DC<\/span><\/span><span class=\"produkt-egenskap\"><span class=\"label\">Corriente nominal<\/span><span class=\"value\">10A<br \/>\n<\/span><\/span><span class=\"produkt-egenskap\"><span class=\"label\">Rango de tensi\u00f3n de alimentaci\u00f3n <\/span><span class=\"value\">0\u2026250 V<br \/>\n<\/span><\/span><span class=\"produkt-egenskap\"><span class=\"label\">Tipo de tensi\u00f3n de alimentaci\u00f3n <\/span><span class=\"value\">AC\/DC<\/span><\/span><span class=\"produkt-egenskap\"><span class=\"label\">M\u00e1x.<br \/>\nCarga de l\u00e1mpara incandescente<\/span><span class=\"value\">2000W<br \/>\n<\/span><\/span><span class=\"produkt-egenskap\"><span class=\"label\">Carga m\u00e1xima de l\u00e1mpara fluorescente<\/span><span class=\"value\">1000 VA<br \/>\n<\/span><\/span><span class=\"produkt-egenskap\"><span class=\"label\">Carga m\u00e1xima de l\u00e1mpara fluorescente en conexi\u00f3n Duo<\/span><span class=\"value\">1000 VA<br \/>\n<\/span><\/span><span class=\"produkt-egenskap\"><span class=\"label\">Carga m\u00e1xima de l\u00e1mpara fluorescente compensada en paralelo<\/span><span class=\"value\">500 VA<br \/>\n<\/span><\/span><span class=\"produkt-egenskap\"><span class=\"label\">M\u00e1x. corriente de conmutaci\u00f3n (cos fi = 0,6)<\/span><span class=\"value\">4 A<\/span><\/span><\/div>","protected":false},"excerpt":{"rendered":"<p>Rel\u00e9 multi 8-230 Volt en la bobina y 10A 250V en la bobina. Tenga en cuenta que el rel\u00e9 no debe conectarse para impulsar motores o cargas inductivas como l\u00e1mparas fluorescentes, etc.<\/p>","protected":false},"featured_media":140322,"template":"","meta":{"_acf_changed":false},"product_brand":[],"product_cat":[4151,4152,1548],"product_tag":[],"class_list":{"0":"post-82805","1":"product","2":"type-product","3":"status-publish","4":"has-post-thumbnail","6":"product_cat-rela-12-volt","7":"product_cat-rela-24-volt","8":"product_cat-relaer-elektronik","9":"product_shipping_class-postnord-varubrev","10":"tm-no-options","12":"first","13":"instock","14":"sale","15":"featured","16":"taxable","17":"shipping-taxable","18":"purchasable","19":"product-type-simple"},"acf":[],"_links":{"self":[{"href":"https:\/\/secureus.se\/es\/wp-json\/wp\/v2\/product\/82805","targetHints":{"allow":["GET"]}}],"collection":[{"href":"https:\/\/secureus.se\/es\/wp-json\/wp\/v2\/product"}],"about":[{"href":"https:\/\/secureus.se\/es\/wp-json\/wp\/v2\/types\/product"}],"wp:featuredmedia":[{"embeddable":true,"href":"https:\/\/secureus.se\/es\/wp-json\/wp\/v2\/media\/140322"}],"wp:attachment":[{"href":"https:\/\/secureus.se\/es\/wp-json\/wp\/v2\/media?parent=82805"}],"wp:term":[{"taxonomy":"product_brand","embeddable":true,"href":"https:\/\/secureus.se\/es\/wp-json\/wp\/v2\/product_brand?post=82805"},{"taxonomy":"product_cat","embeddable":true,"href":"https:\/\/secureus.se\/es\/wp-json\/wp\/v2\/product_cat?post=82805"},{"taxonomy":"product_tag","embeddable":true,"href":"https:\/\/secureus.se\/es\/wp-json\/wp\/v2\/product_tag?post=82805"}],"curies":[{"name":"wp","href":"https:\/\/api.w.org\/{rel}","templated":true}]}}