{"id":82831,"date":"2023-02-20T14:28:55","date_gmt":"2023-02-20T13:28:55","guid":{"rendered":"https:\/\/secureus.se\/produkt\/flx-s-st-flipx-standard-indoor-pir-sensor-with-rotatable-lens\/"},"modified":"2026-04-14T16:11:00","modified_gmt":"2026-04-14T14:11:00","slug":"optex-flx-s-st-flipx-standard-indoor-pir-sensor-with-rotatable-lens","status":"publish","type":"product","link":"https:\/\/secureus.se\/es\/optex-flx-s-st-flipx-standard-indoor-pir-sensor-with-rotatable-lens\/","title":{"rendered":"Optex FLX-S-ST FlipX Detector PIR profesional 15 metros \u00e1ngulo o haz largo 24 metros"},"content":{"rendered":"<h1>El sensor PIR est\u00e1ndar Optex FLX-S-ST FlipX es el \u00faltimo producto de Optex que ofrece tecnolog\u00eda avanzada para uso en interiores.<\/h1>\n<p>Equipado con una lente giratoria, este sensor PIR proporciona la capacidad de cambiar entre detecci\u00f3n amplia y estrecha.<\/p>\n<p>Con una detecci\u00f3n amplia de hasta 12 metros y una detecci\u00f3n estrecha de hasta 18 metros, el sensor proporciona una soluci\u00f3n flexible para diferentes necesidades de seguridad.<\/p>\n<p>Una de las caracter\u00edsticas m\u00e1s notables del FLX-S-ST es el uso de un novedoso sensor piroel\u00e9ctrico y un elemento de captura humana.<\/p>\n<p>Esto hace que el sensor sea muy preciso en la detecci\u00f3n de movimiento y tambi\u00e9n est\u00e1 equipado con tecnolog\u00eda de procesamiento de se\u00f1ales mejorada que reduce el riesgo de falsas alarmas.<\/p>\n<p>El procesador de se\u00f1al digital y la lente esf\u00e9rica optimizan la detecci\u00f3n en toda el \u00e1rea de cobertura.<\/p>\n<p>Con sensibilidad ajustable y la capacidad de colocar el sensor entre 2,0 y 3,0 metros de altura, el FLX-S-ST es perfecto tanto para propiedades residenciales como para peque\u00f1as propiedades comerciales.<\/p>\n<p>Adem\u00e1s, ofrece una alta tolerancia a las mascotas, lo que lo hace adecuado para entornos con mascotas.<\/p>\n<p>El dise\u00f1o robusto y las caracter\u00edsticas convenientes del FLX-S-ST lo convierten en una soluci\u00f3n confiable para garantizar una vigilancia segura y conveniente tanto en hogares como en peque\u00f1as empresas.<\/p>\n<p>Adem\u00e1s de su funcionalidad confiable, es f\u00e1cil de instalar con el indicador LED incluido para facilitar la resoluci\u00f3n de problemas y la instalaci\u00f3n.<\/p>","protected":false},"excerpt":{"rendered":"<p>El Optex FLX-S-ST es un sensor PIR para interiores de alto rendimiento con una lente giratoria.<\/p>\n<p>Ofrece detecci\u00f3n tanto amplia como estrecha, perfecta para aplicaciones residenciales y comerciales de bajo nivel.<\/p>\n<p>Con un innovador sensor piroel\u00e9ctrico y un elemento de captura humana, garantiza una detecci\u00f3n confiable y precisa.<\/p>","protected":false},"featured_media":140675,"template":"","meta":{"_acf_changed":false},"product_brand":[],"product_cat":[1325],"product_tag":[2989,2145,2465],"class_list":{"0":"post-82831","1":"product","2":"type-product","3":"status-publish","4":"has-post-thumbnail","6":"product_cat-larmgivare-skalskydd","7":"product_tag-egen-logo-ej-taggar-kort","8":"product_tag-rorelsedetektor-ir-detektorer","9":"product_tag-sbsc-larmklass2","10":"product_shipping_class-postnord-varubrev","11":"pa_brands-optex","12":"tm-no-options","14":"first","15":"instock","16":"sale","17":"featured","18":"taxable","19":"shipping-taxable","20":"purchasable","21":"product-type-simple"},"acf":[],"_links":{"self":[{"href":"https:\/\/secureus.se\/es\/wp-json\/wp\/v2\/product\/82831","targetHints":{"allow":["GET"]}}],"collection":[{"href":"https:\/\/secureus.se\/es\/wp-json\/wp\/v2\/product"}],"about":[{"href":"https:\/\/secureus.se\/es\/wp-json\/wp\/v2\/types\/product"}],"wp:featuredmedia":[{"embeddable":true,"href":"https:\/\/secureus.se\/es\/wp-json\/wp\/v2\/media\/140675"}],"wp:attachment":[{"href":"https:\/\/secureus.se\/es\/wp-json\/wp\/v2\/media?parent=82831"}],"wp:term":[{"taxonomy":"product_brand","embeddable":true,"href":"https:\/\/secureus.se\/es\/wp-json\/wp\/v2\/product_brand?post=82831"},{"taxonomy":"product_cat","embeddable":true,"href":"https:\/\/secureus.se\/es\/wp-json\/wp\/v2\/product_cat?post=82831"},{"taxonomy":"product_tag","embeddable":true,"href":"https:\/\/secureus.se\/es\/wp-json\/wp\/v2\/product_tag?post=82831"}],"curies":[{"name":"wp","href":"https:\/\/api.w.org\/{rel}","templated":true}]}}