{"id":82917,"date":"2022-10-04T13:11:18","date_gmt":"2022-10-04T11:11:18","guid":{"rendered":"https:\/\/secureus.se\/produkt\/elko-rs-stromstallare-valfri-gravyr-oppnaknapp-valfritt-med-er-logo\/"},"modified":"2025-12-12T13:17:33","modified_gmt":"2025-12-12T12:17:33","slug":"elko-rs-stromstallare-valfri-gravyr-oppnaknapp-valfritt-med-er-logo","status":"publish","type":"product","link":"https:\/\/secureus.se\/es\/elko-rs-stromstallare-valfri-gravyr-oppnaknapp-valfritt-med-er-logo\/","title":{"rendered":"Interruptor ELKO (RS) \u2013 Grabado opcional \u201cBot\u00f3n de apertura\u201d con su logotipo"},"content":{"rendered":"<p>Cierre con bot\u00f3n de apertura y resorte con el dise\u00f1o que elijas. La correcci\u00f3n de pruebas siempre se incluye con los nuevos productos. El grabado es a 1 tinta.<\/p>\n<p>El tiempo de entrega es de 2 a 5 d\u00edas y los precios incluyen grabado y dise\u00f1o.<\/p>\n<p>Si desea que los botones abiertos aparezcan publicados en su stock exclusivo para clientes, h\u00e1ganoslo saber.<\/p>\n<p>ELKO Externo (RS) E:nr 1841221<\/p>\n<p>&nbsp;<\/p>","protected":false},"excerpt":{"rendered":"<p>\u00d6ppnaknapp slutande funktion och \u00e5terfj\u00e4drande med ert val av design &#8211; Korrektur kommer allid p\u00e5 nya produkter. Obsevera att gravyr \u00e4r 1-f\u00e4rgad. Leveranstiden \u00e4r 2-5 dagar och priser inkluderar gravyr<\/p>","protected":false},"featured_media":141849,"template":"","meta":{"_acf_changed":false},"product_brand":[],"product_cat":[4827],"product_tag":[2989,2936,2937],"class_list":{"0":"post-82917","1":"product","2":"type-product","3":"status-publish","4":"has-post-thumbnail","6":"product_cat-elko","7":"product_tag-egen-logo-ej-taggar-kort","8":"product_tag-oppna-brand-design-produkt","9":"product_tag-oppnaknappar","10":"product_shipping_class-postnord-varubrev","11":"pa_brands-stonehouse-security","12":"tm-has-options","14":"first","15":"instock","16":"sale","17":"featured","18":"taxable","19":"shipping-taxable","20":"purchasable","21":"product-type-simple"},"acf":[],"_links":{"self":[{"href":"https:\/\/secureus.se\/es\/wp-json\/wp\/v2\/product\/82917","targetHints":{"allow":["GET"]}}],"collection":[{"href":"https:\/\/secureus.se\/es\/wp-json\/wp\/v2\/product"}],"about":[{"href":"https:\/\/secureus.se\/es\/wp-json\/wp\/v2\/types\/product"}],"wp:featuredmedia":[{"embeddable":true,"href":"https:\/\/secureus.se\/es\/wp-json\/wp\/v2\/media\/141849"}],"wp:attachment":[{"href":"https:\/\/secureus.se\/es\/wp-json\/wp\/v2\/media?parent=82917"}],"wp:term":[{"taxonomy":"product_brand","embeddable":true,"href":"https:\/\/secureus.se\/es\/wp-json\/wp\/v2\/product_brand?post=82917"},{"taxonomy":"product_cat","embeddable":true,"href":"https:\/\/secureus.se\/es\/wp-json\/wp\/v2\/product_cat?post=82917"},{"taxonomy":"product_tag","embeddable":true,"href":"https:\/\/secureus.se\/es\/wp-json\/wp\/v2\/product_tag?post=82917"}],"curies":[{"name":"wp","href":"https:\/\/api.w.org\/{rel}","templated":true}]}}