{"id":83006,"date":"2023-09-08T10:33:54","date_gmt":"2023-09-08T08:33:54","guid":{"rendered":"https:\/\/secureus.se\/?post_type=product&#038;p=83006"},"modified":"2026-04-23T12:38:21","modified_gmt":"2026-04-23T10:38:21","slug":"paxton-514-326-net2-proximity-card-reader","status":"publish","type":"product","link":"https:\/\/secureus.se\/es\/paxton-514-326-net2-proximity-card-reader\/","title":{"rendered":"Lector de tarjetas de proximidad Paxton 514-326 Net2"},"content":{"rendered":"<p>Nuestro lector de tarjetas de proximidad Paxton 514-326 Net2 se utiliza mejor para agregar tokens a un sistema Net2 de forma r\u00e1pida y precisa. Tambi\u00e9n se puede utilizar para identificar fichas perdidas.<\/p>\n<ul>\n<li>Conexi\u00f3n USB sencilla.<\/li>\n<li>Disponibles versiones de proximidad y proximidad\/banda magn\u00e9tica.<\/li>\n<li>Lee tokens Net2 y MIFARE\u00ae.<\/li>\n<\/ul>\n<p><strong>Estas tarjetas ya no tienen referencia al n\u00famero de tarjeta en el embalaje externo. Si no dispone de un m\u00e9todo electr\u00f3nico para leer\/mostrar el n\u00famero de proximidad, se requiere este producto.<\/strong><\/p>\n<p><strong><br \/>\nPeso del producto:<br \/>\n0,29 kilogramos<br \/>\n<\/strong><\/p>","protected":false},"excerpt":{"rendered":"<p>Nuestro lector de tarjetas de proximidad Paxton 514-326 Net2 se utiliza mejor para agregar tokens a un sistema Net2 de forma r\u00e1pida y precisa. Tambi\u00e9n se puede utilizar para identificar fichas perdidas. Simple<\/p>","protected":false},"featured_media":140474,"template":"","meta":{"_acf_changed":false},"product_brand":[],"product_cat":[1743],"product_tag":[2942,3069],"class_list":{"0":"post-83006","1":"product","2":"type-product","3":"status-publish","4":"has-post-thumbnail","6":"product_cat-rfid-lasare","7":"product_tag-paxton-rg15","8":"product_tag-trade-produkt","9":"product_shipping_class-tunga-paket","10":"pa_brands-paxton","11":"tm-no-options","13":"first","14":"instock","15":"sale","16":"taxable","17":"shipping-taxable","18":"purchasable","19":"product-type-simple"},"acf":[],"_links":{"self":[{"href":"https:\/\/secureus.se\/es\/wp-json\/wp\/v2\/product\/83006","targetHints":{"allow":["GET"]}}],"collection":[{"href":"https:\/\/secureus.se\/es\/wp-json\/wp\/v2\/product"}],"about":[{"href":"https:\/\/secureus.se\/es\/wp-json\/wp\/v2\/types\/product"}],"wp:featuredmedia":[{"embeddable":true,"href":"https:\/\/secureus.se\/es\/wp-json\/wp\/v2\/media\/140474"}],"wp:attachment":[{"href":"https:\/\/secureus.se\/es\/wp-json\/wp\/v2\/media?parent=83006"}],"wp:term":[{"taxonomy":"product_brand","embeddable":true,"href":"https:\/\/secureus.se\/es\/wp-json\/wp\/v2\/product_brand?post=83006"},{"taxonomy":"product_cat","embeddable":true,"href":"https:\/\/secureus.se\/es\/wp-json\/wp\/v2\/product_cat?post=83006"},{"taxonomy":"product_tag","embeddable":true,"href":"https:\/\/secureus.se\/es\/wp-json\/wp\/v2\/product_tag?post=83006"}],"curies":[{"name":"wp","href":"https:\/\/api.w.org\/{rel}","templated":true}]}}