{"id":83008,"date":"2023-09-08T10:35:11","date_gmt":"2023-09-08T08:35:11","guid":{"rendered":"https:\/\/secureus.se\/?post_type=product&#038;p=83008"},"modified":"2026-04-08T16:16:33","modified_gmt":"2026-04-08T14:16:33","slug":"paxton-net2-self-adhesive-proximity-discs-pack-of-10","status":"publish","type":"product","link":"https:\/\/secureus.se\/es\/paxton-net2-self-adhesive-proximity-discs-pack-of-10\/","title":{"rendered":"Discos de proximidad autoadhesivos Paxton Net2 (paquete de 10)"},"content":{"rendered":"<p>El disco de proximidad autoadhesivo Paxton Net2 es la forma m\u00e1s rentable de convertir tarjetas de PVC est\u00e1ndar en tarjetas sin contacto con capacidades de control de acceso bajo la tecnolog\u00eda de proximidad Net2.<\/p>\n<ul>\n<li>Se vende en paquetes de 10.<\/li>\n<li>Dimensiones: 25 mm x 25 mm x 2 mm<\/li>\n<li>proximidad de 125 kHz<\/li>\n<\/ul>\n<p><strong><br \/>\nPeso del producto:<br \/>\n0,10 kilogramos<br \/>\n<\/strong><\/p>","protected":false},"excerpt":{"rendered":"<p>El disco de proximidad autoadhesivo Paxton Net2 es la forma m\u00e1s rentable de convertir tarjetas de PVC est\u00e1ndar en tarjetas sin contacto con capacidades de control de acceso bajo la tecnolog\u00eda de proximidad Net2. Vendido en<\/p>","protected":false},"featured_media":141041,"template":"","meta":{"_acf_changed":false},"product_brand":[],"product_cat":[4817],"product_tag":[2942,3069],"class_list":{"0":"post-83008","1":"product","2":"type-product","3":"status-publish","4":"has-post-thumbnail","6":"product_cat-paxton-taggar","7":"product_tag-paxton-rg15","8":"product_tag-trade-produkt","9":"product_shipping_class-postnord-varubrev","10":"pa_brands-paxton","11":"tm-no-options","13":"first","14":"instock","15":"sale","16":"taxable","17":"shipping-taxable","18":"purchasable","19":"product-type-simple"},"acf":[],"_links":{"self":[{"href":"https:\/\/secureus.se\/es\/wp-json\/wp\/v2\/product\/83008","targetHints":{"allow":["GET"]}}],"collection":[{"href":"https:\/\/secureus.se\/es\/wp-json\/wp\/v2\/product"}],"about":[{"href":"https:\/\/secureus.se\/es\/wp-json\/wp\/v2\/types\/product"}],"wp:featuredmedia":[{"embeddable":true,"href":"https:\/\/secureus.se\/es\/wp-json\/wp\/v2\/media\/141041"}],"wp:attachment":[{"href":"https:\/\/secureus.se\/es\/wp-json\/wp\/v2\/media?parent=83008"}],"wp:term":[{"taxonomy":"product_brand","embeddable":true,"href":"https:\/\/secureus.se\/es\/wp-json\/wp\/v2\/product_brand?post=83008"},{"taxonomy":"product_cat","embeddable":true,"href":"https:\/\/secureus.se\/es\/wp-json\/wp\/v2\/product_cat?post=83008"},{"taxonomy":"product_tag","embeddable":true,"href":"https:\/\/secureus.se\/es\/wp-json\/wp\/v2\/product_tag?post=83008"}],"curies":[{"name":"wp","href":"https:\/\/api.w.org\/{rel}","templated":true}]}}