{"id":83010,"date":"2023-09-08T10:34:53","date_gmt":"2023-09-08T08:34:53","guid":{"rendered":"https:\/\/secureus.se\/?post_type=product&#038;p=83010"},"modified":"2026-04-08T16:26:21","modified_gmt":"2026-04-08T14:26:21","slug":"paxton-paxton10-010-427-proximity-iso-cards-pack-of-10","status":"publish","type":"product","link":"https:\/\/secureus.se\/es\/paxton-paxton10-010-427-proximity-iso-cards-pack-of-10\/","title":{"rendered":"Tarjetas de proximidad ISO Paxton Paxton10 010-427 (paquete de 10)"},"content":{"rendered":"<p>Estas tarjetas de proximidad Paxton10 010-427 est\u00e1n dise\u00f1adas para usarse junto con un sistema de control de acceso Paxton10. Con una frecuencia de 125 kHz, estas tarjetas livianas son perfectas para personalizarlas como tarjetas de identificaci\u00f3n con fotograf\u00eda y de control de acceso para usar en el lugar de trabajo o en las instalaciones.<\/p>\n<ul>\n<li>Se vende en paquetes de 10.<\/li>\n<li>Opera en el rango de frecuencia de 125 MHz<\/li>\n<li>Tama\u00f1o de tarjeta de cr\u00e9dito CR80 est\u00e1ndar (85,60 x 53,98 mm)<\/li>\n<li>Para usar con el sistema Paxton10<\/li>\n<\/ul>\n<p>N\u00famero de pieza del fabricante: 010-427<\/p>\n<p><strong><br \/>\nPeso del producto:<br \/>\n0,60 kilogramos<br \/>\n<\/strong><\/p>","protected":false},"excerpt":{"rendered":"<p>Estas tarjetas de proximidad Paxton10 010-427 est\u00e1n dise\u00f1adas para usarse junto con un sistema de control de acceso Paxton10. Con una frecuencia de 125 kHz, estas tarjetas livianas son perfectas para personalizarlas como una tarjeta de fotos.<\/p>","protected":false},"featured_media":140240,"template":"","meta":{"_acf_changed":false},"product_brand":[],"product_cat":[4820],"product_tag":[2942,3069],"class_list":{"0":"post-83010","1":"product","2":"type-product","3":"status-publish","4":"has-post-thumbnail","6":"product_cat-paxton-kort","7":"product_tag-paxton-rg15","8":"product_tag-trade-produkt","9":"product_shipping_class-postnord-varubrev","10":"pa_brands-paxton","11":"tm-no-options","13":"first","14":"instock","15":"sale","16":"taxable","17":"shipping-taxable","18":"purchasable","19":"product-type-simple"},"acf":[],"_links":{"self":[{"href":"https:\/\/secureus.se\/es\/wp-json\/wp\/v2\/product\/83010","targetHints":{"allow":["GET"]}}],"collection":[{"href":"https:\/\/secureus.se\/es\/wp-json\/wp\/v2\/product"}],"about":[{"href":"https:\/\/secureus.se\/es\/wp-json\/wp\/v2\/types\/product"}],"wp:featuredmedia":[{"embeddable":true,"href":"https:\/\/secureus.se\/es\/wp-json\/wp\/v2\/media\/140240"}],"wp:attachment":[{"href":"https:\/\/secureus.se\/es\/wp-json\/wp\/v2\/media?parent=83010"}],"wp:term":[{"taxonomy":"product_brand","embeddable":true,"href":"https:\/\/secureus.se\/es\/wp-json\/wp\/v2\/product_brand?post=83010"},{"taxonomy":"product_cat","embeddable":true,"href":"https:\/\/secureus.se\/es\/wp-json\/wp\/v2\/product_cat?post=83010"},{"taxonomy":"product_tag","embeddable":true,"href":"https:\/\/secureus.se\/es\/wp-json\/wp\/v2\/product_tag?post=83010"}],"curies":[{"name":"wp","href":"https:\/\/api.w.org\/{rel}","templated":true}]}}