{"id":83016,"date":"2023-09-08T10:33:39","date_gmt":"2023-09-08T08:33:39","guid":{"rendered":"https:\/\/secureus.se\/?post_type=product&#038;p=83016"},"modified":"2026-03-26T10:12:10","modified_gmt":"2026-03-26T09:12:10","slug":"paxton-692-052-net2-proximity-iso-cards-pack-of-500","status":"publish","type":"product","link":"https:\/\/secureus.se\/es\/paxton-692-052-net2-proximity-iso-cards-pack-of-500\/","title":{"rendered":"Tarjetas ISO de proximidad Paxton 692-052 Net2 (paquete de 500)"},"content":{"rendered":"<p>Estas tarjetas ISO de proximidad Paxton Net2 est\u00e1n dise\u00f1adas para usarse con los sistemas Paxton Net2. Estas tarjetas no tienen banda magn\u00e9tica, pero cada tarjeta est\u00e1 programada con un n\u00famero \u00fanico de ocho d\u00edgitos.<\/p>\n<ul>\n<li>Paquete de 500<\/li>\n<li>Frecuencia de 125 kHz<\/li>\n<li>Tama\u00f1o de tarjeta CR80 (86 mm x 54 mm)<\/li>\n<\/ul>\n<p><strong><br \/>\nPeso del producto:<br \/>\n3,45 kilogramos<br \/>\n<\/strong><\/p>","protected":false},"excerpt":{"rendered":"<p>These Paxton Net2 proximity ISO cards are made for use with the Paxton Net2 systems. These cards don\u2019t have a magnetic stripe, but each card is programmed with an eight-digit<\/p>","protected":false},"featured_media":140491,"template":"","meta":{"_acf_changed":false},"product_brand":[],"product_cat":[4820],"product_tag":[2942,3069],"class_list":{"0":"post-83016","1":"product","2":"type-product","3":"status-publish","4":"has-post-thumbnail","6":"product_cat-paxton-kort","7":"product_tag-paxton-rg15","8":"product_tag-trade-produkt","9":"product_shipping_class-tunga-paket","10":"pa_brands-paxton","11":"tm-no-options","13":"first","14":"instock","15":"sale","16":"taxable","17":"shipping-taxable","18":"purchasable","19":"product-type-simple"},"acf":[],"_links":{"self":[{"href":"https:\/\/secureus.se\/es\/wp-json\/wp\/v2\/product\/83016","targetHints":{"allow":["GET"]}}],"collection":[{"href":"https:\/\/secureus.se\/es\/wp-json\/wp\/v2\/product"}],"about":[{"href":"https:\/\/secureus.se\/es\/wp-json\/wp\/v2\/types\/product"}],"wp:featuredmedia":[{"embeddable":true,"href":"https:\/\/secureus.se\/es\/wp-json\/wp\/v2\/media\/140491"}],"wp:attachment":[{"href":"https:\/\/secureus.se\/es\/wp-json\/wp\/v2\/media?parent=83016"}],"wp:term":[{"taxonomy":"product_brand","embeddable":true,"href":"https:\/\/secureus.se\/es\/wp-json\/wp\/v2\/product_brand?post=83016"},{"taxonomy":"product_cat","embeddable":true,"href":"https:\/\/secureus.se\/es\/wp-json\/wp\/v2\/product_cat?post=83016"},{"taxonomy":"product_tag","embeddable":true,"href":"https:\/\/secureus.se\/es\/wp-json\/wp\/v2\/product_tag?post=83016"}],"curies":[{"name":"wp","href":"https:\/\/api.w.org\/{rel}","templated":true}]}}