{"id":83024,"date":"2023-09-08T10:32:58","date_gmt":"2023-09-08T08:32:58","guid":{"rendered":"https:\/\/secureus.se\/?post_type=product&#038;p=83024"},"modified":"2026-04-08T16:29:12","modified_gmt":"2026-04-08T14:29:12","slug":"paxton-692-500-net2-proximity-iso-cards-pack-of-10","status":"publish","type":"product","link":"https:\/\/secureus.se\/es\/paxton-692-500-net2-proximity-iso-cards-pack-of-10\/","title":{"rendered":"Tarjetas ISO de proximidad Paxton 692-500 Net2 (paquete de 10)"},"content":{"rendered":"<p>Las tarjetas ISO de proximidad Paxton 692-500 Net2 son tarjetas sin contacto imprimibles compatibles para usar con los sistemas de seguridad Net2. Estas tarjetas operan a una frecuencia portadora de 125 KHz.<\/p>\n<ul>\n<li>Se vende en paquetes de 10.<\/li>\n<li>Opera en el rango de frecuencia de 125 MHz<\/li>\n<li>Codificado con un n\u00famero \u00fanico de 8 d\u00edgitos<\/li>\n<li>Tarjeta ISO \u2013 Sin banda magn\u00e9tica ni panel de firma<\/li>\n<li>Tama\u00f1o de tarjeta de cr\u00e9dito CR80 est\u00e1ndar (85,60 x 53,98 mm)<\/li>\n<\/ul>\n<p><strong><br \/>\nPeso del producto:<br \/>\n0,07 kilogramos<br \/>\n<\/strong><\/p>","protected":false},"excerpt":{"rendered":"<p>The Paxton 692-500 Net2 Proximity ISO Cards are printable contactless cards compatible to use with the Net2 security systems. These cards operate at a carrier frequency of 125 KHz. Sold<\/p>","protected":false},"featured_media":141055,"template":"","meta":{"_acf_changed":false},"product_brand":[],"product_cat":[4820,4812,4823],"product_tag":[2942,3069],"class_list":{"0":"post-83024","1":"product","2":"type-product","3":"status-publish","4":"has-post-thumbnail","6":"product_cat-paxton-kort","7":"product_cat-varumarkes-specifika-taggar","8":"product_cat-varumarkes-specifika-kort","9":"product_tag-paxton-rg15","10":"product_tag-trade-produkt","11":"product_shipping_class-postnord-varubrev","12":"pa_brands-paxton","13":"tm-no-options","15":"first","16":"instock","17":"sale","18":"taxable","19":"shipping-taxable","20":"purchasable","21":"product-type-simple"},"acf":[],"_links":{"self":[{"href":"https:\/\/secureus.se\/es\/wp-json\/wp\/v2\/product\/83024","targetHints":{"allow":["GET"]}}],"collection":[{"href":"https:\/\/secureus.se\/es\/wp-json\/wp\/v2\/product"}],"about":[{"href":"https:\/\/secureus.se\/es\/wp-json\/wp\/v2\/types\/product"}],"wp:featuredmedia":[{"embeddable":true,"href":"https:\/\/secureus.se\/es\/wp-json\/wp\/v2\/media\/141055"}],"wp:attachment":[{"href":"https:\/\/secureus.se\/es\/wp-json\/wp\/v2\/media?parent=83024"}],"wp:term":[{"taxonomy":"product_brand","embeddable":true,"href":"https:\/\/secureus.se\/es\/wp-json\/wp\/v2\/product_brand?post=83024"},{"taxonomy":"product_cat","embeddable":true,"href":"https:\/\/secureus.se\/es\/wp-json\/wp\/v2\/product_cat?post=83024"},{"taxonomy":"product_tag","embeddable":true,"href":"https:\/\/secureus.se\/es\/wp-json\/wp\/v2\/product_tag?post=83024"}],"curies":[{"name":"wp","href":"https:\/\/api.w.org\/{rel}","templated":true}]}}