{"id":83026,"date":"2023-09-08T10:32:32","date_gmt":"2023-09-08T08:32:32","guid":{"rendered":"https:\/\/secureus.se\/?post_type=product&#038;p=83026"},"modified":"2026-04-08T16:20:41","modified_gmt":"2026-04-08T14:20:41","slug":"paxton-695-644-net2-proximity-key-fobs-pack-of-10","status":"publish","type":"product","link":"https:\/\/secureus.se\/es\/paxton-695-644-net2-proximity-key-fobs-pack-of-10\/","title":{"rendered":"Llaveros de proximidad Paxton 695-644 Net2 (paquete de 10)"},"content":{"rendered":"<p>El llavero de proximidad Paxton 695-644 Net2 es una alternativa contempor\u00e1nea a las llaves mec\u00e1nicas. Es compatible para utilizar con los sistemas de seguridad Net2 y opera en una frecuencia portadora de 125 KHz.<\/p>\n<ul>\n<li>Se vende en paquetes de 10.<\/li>\n<li>Opera en el rango de frecuencia de 125 MHz<\/li>\n<li>Dimensiones: 83 x 2 x 0,5 mm<\/li>\n<li>Cada llavero est\u00e1 codificado de forma \u00fanica con un n\u00famero de 8 d\u00edgitos<\/li>\n<\/ul>\n<p><strong><br \/>\nPeso del producto:<br \/>\n0,06 kilogramos<br \/>\n<\/strong><\/p>","protected":false},"excerpt":{"rendered":"<p>The Paxton 695-644 Net2 Proximity Key Fob is a contemporary alternative to mechanical keys. It is compatible to use with the Net2 security systems and it operates at a carrier<\/p>","protected":false},"featured_media":141068,"template":"","meta":{"_acf_changed":false},"product_brand":[],"product_cat":[4817],"product_tag":[2942,3069],"class_list":{"0":"post-83026","1":"product","2":"type-product","3":"status-publish","4":"has-post-thumbnail","6":"product_cat-paxton-taggar","7":"product_tag-paxton-rg15","8":"product_tag-trade-produkt","9":"product_shipping_class-postnord-varubrev","10":"pa_brands-paxton","11":"tm-no-options","13":"first","14":"instock","15":"sale","16":"taxable","17":"shipping-taxable","18":"purchasable","19":"product-type-simple"},"acf":[],"_links":{"self":[{"href":"https:\/\/secureus.se\/es\/wp-json\/wp\/v2\/product\/83026","targetHints":{"allow":["GET"]}}],"collection":[{"href":"https:\/\/secureus.se\/es\/wp-json\/wp\/v2\/product"}],"about":[{"href":"https:\/\/secureus.se\/es\/wp-json\/wp\/v2\/types\/product"}],"wp:featuredmedia":[{"embeddable":true,"href":"https:\/\/secureus.se\/es\/wp-json\/wp\/v2\/media\/141068"}],"wp:attachment":[{"href":"https:\/\/secureus.se\/es\/wp-json\/wp\/v2\/media?parent=83026"}],"wp:term":[{"taxonomy":"product_brand","embeddable":true,"href":"https:\/\/secureus.se\/es\/wp-json\/wp\/v2\/product_brand?post=83026"},{"taxonomy":"product_cat","embeddable":true,"href":"https:\/\/secureus.se\/es\/wp-json\/wp\/v2\/product_cat?post=83026"},{"taxonomy":"product_tag","embeddable":true,"href":"https:\/\/secureus.se\/es\/wp-json\/wp\/v2\/product_tag?post=83026"}],"curies":[{"name":"wp","href":"https:\/\/api.w.org\/{rel}","templated":true}]}}