{"id":83031,"date":"2023-09-08T14:24:05","date_gmt":"2023-09-08T12:24:05","guid":{"rendered":"https:\/\/secureus.se\/?post_type=product&#038;p=83031"},"modified":"2026-04-08T16:27:24","modified_gmt":"2026-04-08T14:27:24","slug":"vanderbilt-cotag-0958-102-isoprox-cards-gbi51-303-pack-of-10-for-use-with-cotag-systems","status":"publish","type":"product","link":"https:\/\/secureus.se\/es\/vanderbilt-cotag-0958-102-isoprox-cards-gbi51-303-pack-of-10-for-use-with-cotag-systems\/","title":{"rendered":"Tarjetas IsoProx Vanderbilt Cotag 0958-102 GBI:51-303 (paquete de 10) (para usar con sistemas Cotag)"},"content":{"rendered":"<p>Las tarjetas IsoProx Siemens Cotag 0958-102 son tarjetas de proximidad laminadas ISO codificadas de f\u00e1brica para usar con sistemas Cotag. La superficie de PVC brillante es ideal para imprimir gr\u00e1ficos personalizados e identificaciones con fotograf\u00edas.<\/p>\n<ul>\n<li>Se vende en paquetes de 10.<\/li>\n<li>Tama\u00f1o de tarjeta de cr\u00e9dito CR80 est\u00e1ndar (86 mm x 54 mm)<\/li>\n<li>Rango de lectura: aproximadamente 33 cm para lectores manos libres Cotag<\/li>\n<li>Rango de lectura: var\u00eda entre 3 y 10 cm para los lectores de proximidad Cotag<\/li>\n<li>C\u00f3digo del fabricante: 0958-102<\/li>\n<\/ul>\n<p><strong><br \/>\nPeso del producto:<br \/>\n0,06 kilogramos<br \/>\n<\/strong><\/p>","protected":false},"excerpt":{"rendered":"<p>Las tarjetas IsoProx Siemens Cotag 0958-102 son tarjetas de proximidad laminadas ISO codificadas de f\u00e1brica para usar con sistemas Cotag. La superficie de PVC brillante es ideal para imprimir gr\u00e1ficos personalizados e identificaciones con fotograf\u00edas.<\/p>","protected":false},"featured_media":141024,"template":"","meta":{"_acf_changed":false},"product_brand":[],"product_cat":[4821],"product_tag":[3069],"class_list":{"0":"post-83031","1":"product","2":"type-product","3":"status-publish","4":"has-post-thumbnail","6":"product_cat-vanderbilt-cotag-kort","7":"product_tag-trade-produkt","8":"product_shipping_class-tunga-paket","9":"pa_brands-6vanderbilt","10":"tm-no-options","12":"first","13":"instock","14":"sale","15":"taxable","16":"shipping-taxable","17":"purchasable","18":"product-type-simple"},"acf":[],"_links":{"self":[{"href":"https:\/\/secureus.se\/es\/wp-json\/wp\/v2\/product\/83031","targetHints":{"allow":["GET"]}}],"collection":[{"href":"https:\/\/secureus.se\/es\/wp-json\/wp\/v2\/product"}],"about":[{"href":"https:\/\/secureus.se\/es\/wp-json\/wp\/v2\/types\/product"}],"wp:featuredmedia":[{"embeddable":true,"href":"https:\/\/secureus.se\/es\/wp-json\/wp\/v2\/media\/141024"}],"wp:attachment":[{"href":"https:\/\/secureus.se\/es\/wp-json\/wp\/v2\/media?parent=83031"}],"wp:term":[{"taxonomy":"product_brand","embeddable":true,"href":"https:\/\/secureus.se\/es\/wp-json\/wp\/v2\/product_brand?post=83031"},{"taxonomy":"product_cat","embeddable":true,"href":"https:\/\/secureus.se\/es\/wp-json\/wp\/v2\/product_cat?post=83031"},{"taxonomy":"product_tag","embeddable":true,"href":"https:\/\/secureus.se\/es\/wp-json\/wp\/v2\/product_tag?post=83031"}],"curies":[{"name":"wp","href":"https:\/\/api.w.org\/{rel}","templated":true}]}}