{"id":83041,"date":"2023-09-12T10:40:15","date_gmt":"2023-09-12T08:40:15","guid":{"rendered":"https:\/\/secureus.se\/produkt\/detectortesters-soloa10s-hfc-free-non-flammable-smoke-aerosol-for-testing-detectors-250ml-can\/"},"modified":"2026-04-09T11:40:18","modified_gmt":"2026-04-09T09:40:18","slug":"detectortesters-soloa10s-hfc-free-non-flammable-smoke-aerosol-for-testing-detectors-250ml-can","status":"publish","type":"product","link":"https:\/\/secureus.se\/es\/detectortesters-soloa10s-hfc-free-non-flammable-smoke-aerosol-for-testing-detectors-250ml-can\/","title":{"rendered":"Aerosol de humo no inflamable sin HFC Detectortesters SoloA10S para probar detectores, lata de 250 ml"},"content":{"rendered":"<h1>Aerosol de humo no inflamable sin HFC Detectortesters SoloA10S para probar detectores, lata de 250 ml<\/h1>\n<h2 data-start=\"373\" data-end=\"425\">Gas aerosol para pruebas confiables de detectores de humo<\/h2>\n<p data-start=\"427\" data-end=\"812\">Este gas en aerosol de 250 ml est\u00e1 desarrollado para probar detectores de humo de forma segura y eficaz.<\/p>\n<p data-start=\"427\" data-end=\"812\">El producto crea una cantidad definida de part\u00edculas de humo que imitan el humo real y garantiza que el sensor del detector reaccione como deber\u00eda.<\/p>\n<p data-start=\"427\" data-end=\"812\">Esta es una parte central de las comprobaciones funcionales de los sistemas de alarma contra incendios en entornos residenciales y comerciales.<\/p>\n<h2 data-start=\"814\" data-end=\"862\">Libre de HFC y no inflamable: seguro de usar<\/h2>\n<p data-start=\"864\" data-end=\"1126\">SoloA10S no contiene HFC y no es inflamable, lo que minimiza los riesgos para el usuario y el medio ambiente.<\/p>\n<p data-start=\"864\" data-end=\"1126\">La f\u00f3rmula de aerosol puro no deja residuos da\u00f1inos en el detector despu\u00e9s de la prueba, protegiendo tanto las piezas pl\u00e1sticas como las funciones del sensor.<\/p>\n<h3 data-start=\"1128\" data-end=\"1154\">Beneficios del producto<\/h3>\n<ul data-start=\"1156\" data-end=\"1469\">\n<li data-start=\"1156\" data-end=\"1216\">\n<p data-start=\"1158\" data-end=\"1216\">Genera part\u00edculas de humo realistas para realizar pruebas efectivas.<\/p>\n<\/li>\n<li data-start=\"1217\" data-end=\"1274\">\n<p data-start=\"1219\" data-end=\"1274\">Aerosol no inflamable y libre de HFC: alto nivel de seguridad<\/p>\n<\/li>\n<li data-start=\"1275\" data-end=\"1329\">\n<p data-start=\"1277\" data-end=\"1329\">No deja residuos da\u00f1inos que afecten al detector.<\/p>\n<\/li>\n<li data-start=\"1330\" data-end=\"1385\">\n<p data-start=\"1332\" data-end=\"1385\">Se adapta a herramientas profesionales de prueba de detectores de humo.<\/p>\n<\/li>\n<li data-start=\"1386\" data-end=\"1469\">\n<p data-start=\"1388\" data-end=\"1469\">F\u00e1cil de usar en pruebas profesionales.<\/p>\n<\/li>\n<\/ul>\n<h2 data-start=\"1471\" data-end=\"1492\">\u00c1reas de uso<\/h2>\n<p data-start=\"1494\" data-end=\"1517\">SoloA10S es adecuado para:<\/p>\n<ul data-start=\"1519\" data-end=\"1749\">\n<li data-start=\"1519\" data-end=\"1574\">\n<p data-start=\"1521\" data-end=\"1574\">Pruebas funcionales durante la instalaci\u00f3n de detectores de humo<\/p>\n<\/li>\n<li data-start=\"1575\" data-end=\"1622\">\n<p data-start=\"1577\" data-end=\"1622\">Servicio y mantenimiento anual o peri\u00f3dico<\/p>\n<\/li>\n<li data-start=\"1623\" data-end=\"1688\">\n<p data-start=\"1625\" data-end=\"1688\">Autocontrol en viviendas, oficinas, almacenes y entornos p\u00fablicos<\/p>\n<\/li>\n<li data-start=\"1689\" data-end=\"1749\">\n<p data-start=\"1691\" data-end=\"1749\">\u00daselo en combinaci\u00f3n con herramientas de dispensaci\u00f3n compatibles<\/p>\n<\/li>\n<\/ul>\n<p data-start=\"1751\" data-end=\"1911\">Este aerosol es una herramienta esencial para los instaladores y t\u00e9cnicos de alarmas contra incendios que necesitan realizar pruebas confiables.<\/p>\n<p data-start=\"1913\" data-end=\"1940\">ESPECIFICACIONES T\u00c9CNICAS:<\/p>\n<ul data-start=\"1942\" data-end=\"2371\">\n<li data-start=\"1942\" data-end=\"1985\">\n<p data-start=\"1944\" data-end=\"1985\">Producto: Gas aerosol para pruebas de detectores de humo<\/p>\n<\/li>\n<li data-start=\"1986\" data-end=\"2010\">\n<p data-start=\"1988\" data-end=\"2010\">Modelo: SoloA10S-001<\/p>\n<\/li>\n<li data-start=\"2011\" data-end=\"2028\">\n<p data-start=\"2013\" data-end=\"2028\">Volumen: 250 ml<\/p>\n<\/li>\n<li data-start=\"2029\" data-end=\"2081\">\n<p data-start=\"2031\" data-end=\"2081\">Color: (lata de aerosol est\u00e1ndar \u2013 dise\u00f1o plateado\/blanco)<\/p>\n<\/li>\n<li data-start=\"2082\" data-end=\"2146\">\n<p data-start=\"2084\" data-end=\"2146\">Funci\u00f3n: Genera part\u00edculas de humo aerosolizadas para realizar pruebas.<\/p>\n<\/li>\n<li data-start=\"2147\" data-end=\"2205\">\n<p data-start=\"2149\" data-end=\"2205\">Propiedades: Libre de HFC, no inflamable, no deja residuos.<\/p>\n<\/li>\n<li data-start=\"2206\" data-end=\"2272\">\n<p data-start=\"2208\" data-end=\"2272\">Compatibilidad: Equipo profesional de prueba de detectores de humo<\/p>\n<\/li>\n<li data-start=\"2273\" data-end=\"2371\">\n<p data-start=\"2275\" data-end=\"2371\">Certificaci\u00f3n: Certificado por UL seg\u00fan la normativa vigente sobre aerosoles.<\/p>\n<\/li>\n<\/ul>","protected":false},"excerpt":{"rendered":"<p><strong data-start=\"21\" data-end=\"62\"><span class=\"entity-underline hover:entity-accent inline cursor-pointer align-baseline\"><span class=\"whitespace-normal\">Gasolina Solo A10s<\/span><\/span><\/strong>\u00a0Es un gas en aerosol de 250 ml para pruebas funcionales de detectores de humo.<\/p>\n<p>No contiene HFC y no es inflamable, lo que hace que sea seguro utilizarlo en equipos de prueba profesionales.<\/p>\n<p>Dise\u00f1ado para proporcionar part\u00edculas de humo realistas y verificar que el detector est\u00e9 respondiendo correctamente.<\/p>","protected":false},"featured_media":140032,"template":"","meta":{"_acf_changed":false},"product_brand":[],"product_cat":[1764,2943],"product_tag":[],"class_list":{"0":"post-83041","1":"product","2":"type-product","3":"status-publish","4":"has-post-thumbnail","6":"product_cat-professionella-verktyg-for-prov-och-underhall","7":"product_cat-provgas-testgas-rokdetektorer","8":"product_shipping_class-postnord-varubrev","9":"pa_brands-solo","10":"tm-no-options","12":"first","13":"instock","14":"taxable","15":"shipping-taxable","16":"purchasable","17":"product-type-simple"},"acf":[],"_links":{"self":[{"href":"https:\/\/secureus.se\/es\/wp-json\/wp\/v2\/product\/83041","targetHints":{"allow":["GET"]}}],"collection":[{"href":"https:\/\/secureus.se\/es\/wp-json\/wp\/v2\/product"}],"about":[{"href":"https:\/\/secureus.se\/es\/wp-json\/wp\/v2\/types\/product"}],"wp:featuredmedia":[{"embeddable":true,"href":"https:\/\/secureus.se\/es\/wp-json\/wp\/v2\/media\/140032"}],"wp:attachment":[{"href":"https:\/\/secureus.se\/es\/wp-json\/wp\/v2\/media?parent=83041"}],"wp:term":[{"taxonomy":"product_brand","embeddable":true,"href":"https:\/\/secureus.se\/es\/wp-json\/wp\/v2\/product_brand?post=83041"},{"taxonomy":"product_cat","embeddable":true,"href":"https:\/\/secureus.se\/es\/wp-json\/wp\/v2\/product_cat?post=83041"},{"taxonomy":"product_tag","embeddable":true,"href":"https:\/\/secureus.se\/es\/wp-json\/wp\/v2\/product_tag?post=83041"}],"curies":[{"name":"wp","href":"https:\/\/api.w.org\/{rel}","templated":true}]}}