{"id":83043,"date":"2023-09-12T10:40:05","date_gmt":"2023-09-12T08:40:05","guid":{"rendered":"https:\/\/secureus.se\/produkt\/detectortesters-soloa5-smoke-detector-tester-aerosol-flammable-gas-handheld-or-use-with-330-and-332-dispensers\/"},"modified":"2026-04-09T11:40:26","modified_gmt":"2026-04-09T09:40:26","slug":"detectortesters-soloa5-smoke-detector-tester-aerosol-flammable-gas-handheld-or-use-with-330-and-332-dispensers","status":"publish","type":"product","link":"https:\/\/secureus.se\/es\/detectortesters-soloa5-smoke-detector-tester-aerosol-flammable-gas-handheld-or-use-with-330-and-332-dispensers\/","title":{"rendered":"Probador de detectores Solo A5: aerosol de humo para probar detectores de humo"},"content":{"rendered":"<h1 data-start=\"597\" data-end=\"676\">Probador de detectores Solo A5: aerosol de humo para probar detectores de humo<\/h1>\n<h2 data-start=\"319\" data-end=\"377\">Aerosol de humo confiable para pruebas profesionales de detectores<\/h2>\n<p data-start=\"379\" data-end=\"683\">Solo A5 est\u00e1 desarrollado para realizar pruebas funcionales precisas y seguras de detectores de humo en propiedades residenciales y comerciales.<\/p>\n<p data-start=\"379\" data-end=\"683\">El producto reemplaza al anterior Solo A3 y est\u00e1 optimizado para su uso con los dispensadores Solo 330 y Solo 332, garantizando una dosificaci\u00f3n correcta y una activaci\u00f3n efectiva del detector.<\/p>\n<p data-start=\"685\" data-end=\"954\">Durante la instalaci\u00f3n y el mantenimiento regular, es fundamental verificar que el detector reaccione al humo real, no solo a trav\u00e9s del bot\u00f3n de prueba.<\/p>\n<p data-start=\"685\" data-end=\"954\">El Solo A5 genera un aerosol de humo controlado que activa de forma confiable los detectores de humo \u00f3pticos e ionizantes.<\/p>\n<h2 data-start=\"956\" data-end=\"998\">Seguro tanto para los usuarios como para los detectores.<\/h2>\n<p data-start=\"1000\" data-end=\"1219\">A diferencia de los aerosoles m\u00e1s simples, Solo A5 est\u00e1 probado y aprobado por los principales fabricantes de detectores de humo.<\/p>\n<p data-start=\"1000\" data-end=\"1219\">La f\u00f3rmula est\u00e1 adaptada a los pl\u00e1sticos y materiales utilizados en los detectores modernos, lo que minimiza el riesgo de:<\/p>\n<ul data-start=\"1221\" data-end=\"1331\">\n<li data-start=\"1221\" data-end=\"1255\">\n<p data-start=\"1223\" data-end=\"1255\">Grietas por tensi\u00f3n en cubiertas de pl\u00e1stico<\/p>\n<\/li>\n<li data-start=\"1256\" data-end=\"1297\">\n<p data-start=\"1258\" data-end=\"1297\">Recubrimientos o residuos en los sensores<\/p>\n<\/li>\n<li data-start=\"1298\" data-end=\"1331\">\n<p data-start=\"1300\" data-end=\"1331\">Funci\u00f3n deteriorada despu\u00e9s de la prueba<\/p>\n<\/li>\n<\/ul>\n<p data-start=\"1333\" data-end=\"1415\">El producto cuenta con certificaci\u00f3n UL y cumple con los requisitos actuales de la industria para pruebas seguras.<\/p>\n<h2 data-start=\"1417\" data-end=\"1450\">Soluci\u00f3n econ\u00f3mica y eficiente<\/h2>\n<p data-start=\"1452\" data-end=\"1564\">Una botella de Solo A5 es suficiente para m\u00e1s de 400 pruebas, lo que proporciona un bajo coste por prueba y lo hace especialmente adecuado para:<\/p>\n<ul data-start=\"1566\" data-end=\"1701\">\n<li data-start=\"1566\" data-end=\"1596\">\n<p data-start=\"1568\" data-end=\"1596\">Instaladores de alarmas contra incendios<\/p>\n<\/li>\n<li data-start=\"1597\" data-end=\"1631\">\n<p data-start=\"1599\" data-end=\"1631\">Empresa de servicios de protecci\u00f3n contra incendios<\/p>\n<\/li>\n<li data-start=\"1632\" data-end=\"1656\">\n<p data-start=\"1634\" data-end=\"1656\">administrador de la propiedad<\/p>\n<\/li>\n<li data-start=\"1657\" data-end=\"1701\">\n<p data-start=\"1659\" data-end=\"1701\">Operaciones industriales y p\u00fablicas<\/p>\n<\/li>\n<\/ul>\n<h2 data-start=\"1703\" data-end=\"1722\">Importante saber<\/h2>\n<ul data-start=\"1724\" data-end=\"1875\">\n<li data-start=\"1724\" data-end=\"1761\">\n<p data-start=\"1726\" data-end=\"1761\">Agitar bien el frasco antes de usar.<\/p>\n<\/li>\n<li data-start=\"1762\" data-end=\"1828\">\n<p data-start=\"1764\" data-end=\"1828\">Para utilizar con el dispensador Solo 330 o Solo 332<\/p>\n<\/li>\n<li data-start=\"1829\" data-end=\"1875\">\n<p data-start=\"1831\" data-end=\"1875\">Destinado al control de funciones profesionales<\/p>\n<\/li>\n<\/ul>\n<p data-start=\"1877\" data-end=\"1904\">ESPECIFICACIONES T\u00c9CNICAS:<\/p>\n<ul data-start=\"1906\" data-end=\"2238\">\n<li data-start=\"1906\" data-end=\"1949\">\n<p data-start=\"1908\" data-end=\"1949\">Producto: Aerosol de humo para pruebas de detectores de humo<\/p>\n<\/li>\n<li data-start=\"1950\" data-end=\"1969\">\n<p data-start=\"1952\" data-end=\"1969\">Modelo: Solo A5<\/p>\n<\/li>\n<li data-start=\"1970\" data-end=\"1998\">\n<p data-start=\"1972\" data-end=\"1998\">Reemplaza el modelo: Solo A3<\/p>\n<\/li>\n<li data-start=\"1999\" data-end=\"2036\">\n<p data-start=\"2001\" data-end=\"2036\">N\u00famero de pruebas: M\u00e1s de 400 por botella<\/p>\n<\/li>\n<li data-start=\"2037\" data-end=\"2085\">\n<p data-start=\"2039\" data-end=\"2085\">Dispensador compatible: Solo 330, Solo 332<\/p>\n<\/li>\n<li data-start=\"2086\" data-end=\"2154\">\n<p data-start=\"2088\" data-end=\"2154\">Compatibilidad de detectores: Detectores de humo \u00f3pticos e ionizantes<\/p>\n<\/li>\n<li data-start=\"2155\" data-end=\"2187\">\n<p data-start=\"2157\" data-end=\"2187\">Certificaci\u00f3n: Certificado por UL<\/p>\n<\/li>\n<li data-start=\"2188\" data-end=\"2238\">\n<p data-start=\"2190\" data-end=\"2238\">Aplicaci\u00f3n: Comprobaci\u00f3n funcional de detectores de humo.<\/p>\n<\/li>\n<\/ul>","protected":false},"excerpt":{"rendered":"<p>Solo A5 es un aerosol de humo para pruebas funcionales seguras y efectivas de detectores de humo.<\/p>\n<p>Se utiliza con el dispensador Solo 330 o Solo 332 y est\u00e1 aprobado por los principales fabricantes de detectores.<\/p>\n<p>Una botella es suficiente para m\u00e1s de 400 pruebas, lo que la hace adecuada para uso profesional.<\/p>","protected":false},"featured_media":156260,"template":"","meta":{"_acf_changed":false},"product_brand":[],"product_cat":[1764,2943],"product_tag":[],"class_list":{"0":"post-83043","1":"product","2":"type-product","3":"status-publish","4":"has-post-thumbnail","6":"product_cat-professionella-verktyg-for-prov-och-underhall","7":"product_cat-provgas-testgas-rokdetektorer","8":"product_shipping_class-postnord-varubrev","9":"pa_brands-solo","10":"tm-no-options","12":"first","13":"instock","14":"sale","15":"featured","16":"taxable","17":"shipping-taxable","18":"purchasable","19":"product-type-simple"},"acf":[],"_links":{"self":[{"href":"https:\/\/secureus.se\/es\/wp-json\/wp\/v2\/product\/83043","targetHints":{"allow":["GET"]}}],"collection":[{"href":"https:\/\/secureus.se\/es\/wp-json\/wp\/v2\/product"}],"about":[{"href":"https:\/\/secureus.se\/es\/wp-json\/wp\/v2\/types\/product"}],"wp:featuredmedia":[{"embeddable":true,"href":"https:\/\/secureus.se\/es\/wp-json\/wp\/v2\/media\/156260"}],"wp:attachment":[{"href":"https:\/\/secureus.se\/es\/wp-json\/wp\/v2\/media?parent=83043"}],"wp:term":[{"taxonomy":"product_brand","embeddable":true,"href":"https:\/\/secureus.se\/es\/wp-json\/wp\/v2\/product_brand?post=83043"},{"taxonomy":"product_cat","embeddable":true,"href":"https:\/\/secureus.se\/es\/wp-json\/wp\/v2\/product_cat?post=83043"},{"taxonomy":"product_tag","embeddable":true,"href":"https:\/\/secureus.se\/es\/wp-json\/wp\/v2\/product_tag?post=83043"}],"curies":[{"name":"wp","href":"https:\/\/api.w.org\/{rel}","templated":true}]}}