{"id":83045,"date":"2023-09-12T10:39:36","date_gmt":"2023-09-12T08:39:36","guid":{"rendered":"https:\/\/secureus.se\/produkt\/detectortesters-soloc3-non-flammable-co-detector-tester-aerosol-250ml\/"},"modified":"2026-04-09T11:40:31","modified_gmt":"2026-04-09T09:40:31","slug":"detectortesters-solo-c3-non-flammable-co-detector-tester-aerosol-250ml","status":"publish","type":"product","link":"https:\/\/secureus.se\/es\/detectortesters-solo-c3-non-flammable-co-detector-tester-aerosol-250ml\/","title":{"rendered":"Detectortesters Solo C3 - Aerosol de prueba de CO no inflamable (250 ml)"},"content":{"rendered":"<h1 data-start=\"386\" data-end=\"425\">Detectortesters Solo C3 - Aerosol de prueba de CO no inflamable (250 ml)<\/h1>\n<h2 data-start=\"386\" data-end=\"425\">Gas aerosol para probar detectores de CO<\/h2>\n<p data-start=\"427\" data-end=\"794\">Solo C3 es un aerosol no inflamable desarrollado especialmente para pruebas funcionales de detectores de di\u00f3xido de carbono\/mon\u00f3xido de carbono que forman parte de los detectores de incendios.<\/p>\n<p data-start=\"427\" data-end=\"794\">El producto se utiliza junto con herramientas de dispensaci\u00f3n compatibles, como Solo 330 o Solo 332, para administrar una cantidad controlada de gas de prueba directamente a las aberturas del sensor del detector.<\/p>\n<p data-start=\"796\" data-end=\"960\">Probar la funci\u00f3n de CO es importante porque el sensor debe reaccionar correctamente al gas para garantizar un funcionamiento seguro en entornos residenciales, de oficina o industriales.<\/p>\n<h2 data-start=\"962\" data-end=\"997\">M\u00e9todo de prueba seguro y controlado<\/h2>\n<p data-start=\"999\" data-end=\"1276\">El aerosol Solo C3 no es inflamable, lo que proporciona un entorno de trabajo seguro para el usuario y reduce los riesgos durante las pruebas.<\/p>\n<p data-start=\"999\" data-end=\"1276\">El producto proporciona una concentraci\u00f3n constante de aerosol de CO que activa el sensor del detector y verifica que est\u00e9 funcionando correctamente.<\/p>\n<p data-start=\"1278\" data-end=\"1287\">Ventajas:<\/p>\n<ul data-start=\"1289\" data-end=\"1499\">\n<li data-start=\"1289\" data-end=\"1344\">\n<p data-start=\"1291\" data-end=\"1344\">Suministro controlado de gas para pruebas confiables<\/p>\n<\/li>\n<li data-start=\"1345\" data-end=\"1395\">\n<p data-start=\"1347\" data-end=\"1395\">F\u00f3rmula no inflamable para un uso seguro.<\/p>\n<\/li>\n<li data-start=\"1396\" data-end=\"1432\">\n<p data-start=\"1398\" data-end=\"1432\">Dise\u00f1ado para uso con dispensador.<\/p>\n<\/li>\n<li data-start=\"1433\" data-end=\"1499\">\n<p data-start=\"1435\" data-end=\"1499\">Adecuado para instalaciones profesionales de alarmas contra incendios y tareas de servicio.<\/p>\n<\/li>\n<\/ul>\n<h2 data-start=\"1501\" data-end=\"1522\">\u00c1reas de uso<\/h2>\n<p data-start=\"1524\" data-end=\"1547\">Solo C3 es adecuado para:<\/p>\n<ul data-start=\"1549\" data-end=\"1760\">\n<li data-start=\"1549\" data-end=\"1615\">\n<p data-start=\"1551\" data-end=\"1615\">Pruebas funcionales al instalar sensores de CO en detectores<\/p>\n<\/li>\n<li data-start=\"1616\" data-end=\"1651\">\n<p data-start=\"1618\" data-end=\"1651\">Servicio y mantenimiento peri\u00f3dico<\/p>\n<\/li>\n<li data-start=\"1652\" data-end=\"1706\">\n<p data-start=\"1654\" data-end=\"1706\">Autoinspecci\u00f3n en edificios residenciales y comerciales<\/p>\n<\/li>\n<li data-start=\"1707\" data-end=\"1760\">\n<p data-start=\"1709\" data-end=\"1760\">Trabajos de servicio en entornos p\u00fablicos e industriales<\/p>\n<\/li>\n<\/ul>\n<p data-start=\"1762\" data-end=\"1789\">ESPECIFICACIONES T\u00c9CNICAS:<\/p>\n<ul data-start=\"1791\" data-end=\"2044\">\n<li data-start=\"1791\" data-end=\"1834\">\n<p data-start=\"1793\" data-end=\"1834\">Producto: Gas aerosol para pruebas de detectores de CO<\/p>\n<\/li>\n<li data-start=\"1835\" data-end=\"1858\">\n<p data-start=\"1837\" data-end=\"1858\">Modelo: SOLO C3-001<\/p>\n<\/li>\n<li data-start=\"1859\" data-end=\"1876\">\n<p data-start=\"1861\" data-end=\"1876\">Volumen: 250 ml<\/p>\n<\/li>\n<li data-start=\"1877\" data-end=\"1907\">\n<p data-start=\"1879\" data-end=\"1907\">Formulaci\u00f3n: No inflamable<\/p>\n<\/li>\n<li data-start=\"1908\" data-end=\"1932\">\n<p data-start=\"1910\" data-end=\"1932\">Est\u00edmulo: aerosol de CO<\/p>\n<\/li>\n<li data-start=\"1933\" data-end=\"1994\">\n<p data-start=\"1935\" data-end=\"1994\">Compatibilidad: Se utiliza con herramientas dispensadoras Solo 330\/332<\/p>\n<\/li>\n<li data-start=\"1995\" data-end=\"2044\">\n<p data-start=\"1997\" data-end=\"2044\">Funci\u00f3n: Prueba de sensores de CO en detectores de incendios<\/p>\n<\/li>\n<\/ul>","protected":false},"excerpt":{"rendered":"<p><strong data-start=\"21\" data-end=\"62\"><span class=\"entity-underline hover:entity-accent inline cursor-pointer align-baseline\"><span class=\"whitespace-normal\">Detector de CO Solo C3 Aerosol<\/span><\/span><\/strong> Es un gas en aerosol de 250 ml para pruebas funcionales de sensores de CO en detectores de incendios.<\/p>\n<p>No es inflamable y est\u00e1 dise\u00f1ado para usarse con herramientas de dispensaci\u00f3n para una administraci\u00f3n controlada.<\/p>\n<p>Una soluci\u00f3n confiable para instaladores, t\u00e9cnicos y personal de servicio que prueban detectores de CO.<\/p>","protected":false},"featured_media":140975,"template":"","meta":{"_acf_changed":false},"product_brand":[],"product_cat":[1764,2943],"product_tag":[],"class_list":{"0":"post-83045","1":"product","2":"type-product","3":"status-publish","4":"has-post-thumbnail","6":"product_cat-professionella-verktyg-for-prov-och-underhall","7":"product_cat-provgas-testgas-rokdetektorer","8":"product_shipping_class-postnord-varubrev","9":"pa_brands-solo","10":"tm-no-options","12":"first","13":"instock","14":"sale","15":"taxable","16":"shipping-taxable","17":"purchasable","18":"product-type-simple"},"acf":[],"_links":{"self":[{"href":"https:\/\/secureus.se\/es\/wp-json\/wp\/v2\/product\/83045","targetHints":{"allow":["GET"]}}],"collection":[{"href":"https:\/\/secureus.se\/es\/wp-json\/wp\/v2\/product"}],"about":[{"href":"https:\/\/secureus.se\/es\/wp-json\/wp\/v2\/types\/product"}],"wp:featuredmedia":[{"embeddable":true,"href":"https:\/\/secureus.se\/es\/wp-json\/wp\/v2\/media\/140975"}],"wp:attachment":[{"href":"https:\/\/secureus.se\/es\/wp-json\/wp\/v2\/media?parent=83045"}],"wp:term":[{"taxonomy":"product_brand","embeddable":true,"href":"https:\/\/secureus.se\/es\/wp-json\/wp\/v2\/product_brand?post=83045"},{"taxonomy":"product_cat","embeddable":true,"href":"https:\/\/secureus.se\/es\/wp-json\/wp\/v2\/product_cat?post=83045"},{"taxonomy":"product_tag","embeddable":true,"href":"https:\/\/secureus.se\/es\/wp-json\/wp\/v2\/product_tag?post=83045"}],"curies":[{"name":"wp","href":"https:\/\/api.w.org\/{rel}","templated":true}]}}