{"id":83102,"date":"2023-09-12T10:49:20","date_gmt":"2023-09-12T08:49:20","guid":{"rendered":"https:\/\/secureus.se\/produkt\/detectortesters-testifire-2001-multi-sensor-smoke-heat-and-co-detector-tester\/"},"modified":"2026-03-27T10:31:15","modified_gmt":"2026-03-27T09:31:15","slug":"detectortesters-testifire-2001-multi-sensor-smoke-heat-and-co-detector-tester","status":"publish","type":"product","link":"https:\/\/secureus.se\/es\/detectortesters-testifire-2001-multi-sensor-smoke-heat-and-co-detector-tester\/","title":{"rendered":"Detectortesters Testifire 2001 - Detector de humo, calor y CO multisensor"},"content":{"rendered":"<p>Testifire permite realizar pruebas funcionales sencillas y compatibles de detectores de incendios. Adecuado para pruebas de humo, calor y CO, aumenta la productividad en el sitio y es la soluci\u00f3n l\u00edder en el mundo para probar detectores multisensoriales.<\/p>\n<p>Productivo:<\/p>\n<p>Admite pruebas m\u00e1s r\u00e1pidas sin tener que cambiar entre herramientas.<\/p>\n<p>Compatible:<\/p>\n<p>Se adapta a la m\u00e1s amplia gama de detectores, incluidos sensores individuales y m\u00faltiples.<\/p>\n<p>Aprobado:<\/p>\n<p>Certificado por UL y aprobado por los principales fabricantes de detectores.<\/p>\n<p>Caracter\u00edsticas principales:<br \/>\n\u2013 Todo en uno: una herramienta para probar humo, calor y CO que permite probar todos los detectores independientemente del tipo.<br \/>\n\u2013 Pruebas m\u00e1s r\u00e1pidas: ahorra tiempo y molestias sin tener que cambiar entre herramientas de prueba.<br \/>\n\u2013 Sin re-alarmas: el modo de \u201climpieza\u201d incorporado evita re-alarmas, minimizando las interrupciones y ahorrando tiempo.<br \/>\n\u2013 F\u00e1cil almacenamiento y transporte: Las c\u00e1psulas no peligrosas y no presurizadas permiten un almacenamiento y transporte m\u00e1s f\u00e1cil.<br \/>\n\u2013 Humo bajo demanda: Menos desperdicio de humo y sin riesgo de contaminaci\u00f3n del detector.<br \/>\n\u2013 Universal: prueba m\u00faltiples est\u00edmulos en secuencia, simult\u00e1nea o secuencialmente, seg\u00fan lo requiera el sistema contra incendios.<\/p>","protected":false},"excerpt":{"rendered":"<p>Detectortesters Testifire 2001 - Detector de humo, calor y CO multisensor<\/p>","protected":false},"featured_media":140929,"template":"","meta":{"_acf_changed":false},"product_brand":[],"product_cat":[2946,3848],"product_tag":[2948],"class_list":{"0":"post-83102","1":"product","2":"type-product","3":"status-publish","4":"has-post-thumbnail","6":"product_cat-testifire","7":"product_cat-testifire-kit","8":"product_tag-rokgastestare-testfire","9":"product_shipping_class-tunga-paket","10":"pa_brands-testifire","11":"tm-no-options","13":"first","14":"outofstock","15":"sale","16":"taxable","17":"shipping-taxable","18":"purchasable","19":"product-type-simple"},"acf":[],"_links":{"self":[{"href":"https:\/\/secureus.se\/es\/wp-json\/wp\/v2\/product\/83102","targetHints":{"allow":["GET"]}}],"collection":[{"href":"https:\/\/secureus.se\/es\/wp-json\/wp\/v2\/product"}],"about":[{"href":"https:\/\/secureus.se\/es\/wp-json\/wp\/v2\/types\/product"}],"wp:featuredmedia":[{"embeddable":true,"href":"https:\/\/secureus.se\/es\/wp-json\/wp\/v2\/media\/140929"}],"wp:attachment":[{"href":"https:\/\/secureus.se\/es\/wp-json\/wp\/v2\/media?parent=83102"}],"wp:term":[{"taxonomy":"product_brand","embeddable":true,"href":"https:\/\/secureus.se\/es\/wp-json\/wp\/v2\/product_brand?post=83102"},{"taxonomy":"product_cat","embeddable":true,"href":"https:\/\/secureus.se\/es\/wp-json\/wp\/v2\/product_cat?post=83102"},{"taxonomy":"product_tag","embeddable":true,"href":"https:\/\/secureus.se\/es\/wp-json\/wp\/v2\/product_tag?post=83102"}],"curies":[{"name":"wp","href":"https:\/\/api.w.org\/{rel}","templated":true}]}}