{"id":83112,"date":"2023-09-13T15:18:03","date_gmt":"2023-09-13T13:18:03","guid":{"rendered":"https:\/\/secureus.se\/?post_type=product&#038;p=83112"},"modified":"2026-03-26T11:37:13","modified_gmt":"2026-03-26T10:37:13","slug":"kontrolljournal-sbf1108","status":"publish","type":"product","link":"https:\/\/secureus.se\/es\/kontrolljournal-sbf1108\/","title":{"rendered":"DIARIO DE CONTROL SBF110:8"},"content":{"rendered":"<p>En el diario de inspecci\u00f3n, los administradores de instalaciones, empresas de construcci\u00f3n, empresas de servicios y empresas de inspecci\u00f3n anotan varias inspecciones\/eventos que tienen lugar en el sistema de alarma contra incendios.<\/p>","protected":false},"excerpt":{"rendered":"<p>Diario de inspecci\u00f3n de sistemas de alarma contra incendios seg\u00fan la normativa SBF110:8<\/p>","protected":false},"featured_media":140141,"template":"","meta":{"_acf_changed":false},"product_brand":[],"product_cat":[3977],"product_tag":[],"class_list":{"0":"post-83112","1":"product","2":"type-product","3":"status-publish","4":"has-post-thumbnail","6":"product_cat-or-skap-brand-brandskydd","7":"product_shipping_class-postnord-varubrev","8":"tm-no-options","10":"first","11":"instock","12":"sale","13":"taxable","14":"shipping-taxable","15":"purchasable","16":"product-type-simple"},"acf":[],"_links":{"self":[{"href":"https:\/\/secureus.se\/es\/wp-json\/wp\/v2\/product\/83112","targetHints":{"allow":["GET"]}}],"collection":[{"href":"https:\/\/secureus.se\/es\/wp-json\/wp\/v2\/product"}],"about":[{"href":"https:\/\/secureus.se\/es\/wp-json\/wp\/v2\/types\/product"}],"wp:featuredmedia":[{"embeddable":true,"href":"https:\/\/secureus.se\/es\/wp-json\/wp\/v2\/media\/140141"}],"wp:attachment":[{"href":"https:\/\/secureus.se\/es\/wp-json\/wp\/v2\/media?parent=83112"}],"wp:term":[{"taxonomy":"product_brand","embeddable":true,"href":"https:\/\/secureus.se\/es\/wp-json\/wp\/v2\/product_brand?post=83112"},{"taxonomy":"product_cat","embeddable":true,"href":"https:\/\/secureus.se\/es\/wp-json\/wp\/v2\/product_cat?post=83112"},{"taxonomy":"product_tag","embeddable":true,"href":"https:\/\/secureus.se\/es\/wp-json\/wp\/v2\/product_tag?post=83112"}],"curies":[{"name":"wp","href":"https:\/\/api.w.org\/{rel}","templated":true}]}}