{"id":83114,"date":"2023-09-13T15:18:29","date_gmt":"2023-09-13T13:18:29","guid":{"rendered":"https:\/\/secureus.se\/?post_type=product&#038;p=83114"},"modified":"2026-03-31T12:06:05","modified_gmt":"2026-03-31T10:06:05","slug":"kontrolljournal-sakerhet","status":"publish","type":"product","link":"https:\/\/secureus.se\/es\/kontrolljournal-sakerhet\/","title":{"rendered":"REGISTRO DE INSPECCI\u00d3N DE SEGURIDAD"},"content":{"rendered":"<p>Se requieren registros de inspecci\u00f3n en la mayor\u00eda de las instalaciones de seguridad. El diario de inspecci\u00f3n debe contener informaci\u00f3n sobre el propietario de la instalaci\u00f3n, el administrador de la instalaci\u00f3n, la empresa constructora, etc. Tambi\u00e9n se debe incluir otra informaci\u00f3n como el tipo de panel de control, bater\u00edas, ubicaciones y hora de puesta en servicio, etc. Se incluyen extractos de las normas SSF 130 Ap\u00e9ndice A y B de la Asociaci\u00f3n Sueca de Protecci\u00f3n contra Robos y de la Ley de Alarmas SFS n.\u00ba 1983:1097. Este reglamento regula las obligaciones y derechos del propietario de la instalaci\u00f3n. Durante la vida \u00fatil del sistema se deben registrar todos los eventos como pruebas, alarmas disparadas, desconexiones, se\u00f1ales de error, servicio, inspecciones, etc. El diario de control debe mantenerse dentro o cerca del equipo central.<\/p>","protected":false},"excerpt":{"rendered":"<p>Kontrolljournal kr\u00e4vs i de flesta s\u00e4kerhetsanl\u00e4ggningar. Kontrolljournalen ska inneh\u00e5lla uppgifter om anl\u00e4ggnings\u00e4gare, anl\u00e4ggningssk\u00f6tare, anl\u00e4ggar-firma mm. Andra uppgifter som typ av centralapparat, batterier, placeringar samt tidpunkt f\u00f6r drifts\u00e4ttning mm ska ocks\u00e5<\/p>","protected":false},"featured_media":139988,"template":"","meta":{"_acf_changed":false},"product_brand":[],"product_cat":[2950],"product_tag":[],"class_list":{"0":"post-83114","1":"product","2":"type-product","3":"status-publish","4":"has-post-thumbnail","6":"product_cat-or-skap-sakerhet","7":"product_shipping_class-postnord-varubrev","8":"tm-no-options","10":"first","11":"instock","12":"sale","13":"taxable","14":"shipping-taxable","15":"purchasable","16":"product-type-simple"},"acf":[],"_links":{"self":[{"href":"https:\/\/secureus.se\/es\/wp-json\/wp\/v2\/product\/83114","targetHints":{"allow":["GET"]}}],"collection":[{"href":"https:\/\/secureus.se\/es\/wp-json\/wp\/v2\/product"}],"about":[{"href":"https:\/\/secureus.se\/es\/wp-json\/wp\/v2\/types\/product"}],"wp:featuredmedia":[{"embeddable":true,"href":"https:\/\/secureus.se\/es\/wp-json\/wp\/v2\/media\/139988"}],"wp:attachment":[{"href":"https:\/\/secureus.se\/es\/wp-json\/wp\/v2\/media?parent=83114"}],"wp:term":[{"taxonomy":"product_brand","embeddable":true,"href":"https:\/\/secureus.se\/es\/wp-json\/wp\/v2\/product_brand?post=83114"},{"taxonomy":"product_cat","embeddable":true,"href":"https:\/\/secureus.se\/es\/wp-json\/wp\/v2\/product_cat?post=83114"},{"taxonomy":"product_tag","embeddable":true,"href":"https:\/\/secureus.se\/es\/wp-json\/wp\/v2\/product_tag?post=83114"}],"curies":[{"name":"wp","href":"https:\/\/api.w.org\/{rel}","templated":true}]}}