{"id":83116,"date":"2023-09-13T15:37:45","date_gmt":"2023-09-13T13:37:45","guid":{"rendered":"https:\/\/secureus.se\/?post_type=product&#038;p=83116"},"modified":"2026-04-22T15:39:21","modified_gmt":"2026-04-22T13:39:21","slug":"or-skap-a3-svart","status":"publish","type":"product","link":"https:\/\/secureus.se\/es\/or-skap-a3-svart\/","title":{"rendered":"Alarma de incendios para gabinete OR A3 negro"},"content":{"rendered":"<h1>Alarma de incendios para gabinete OR A3 negro<\/h1>\n<h1>OR GABINETE Alarma de incendio<\/h1>\n<p>Gabinete de documentos para planos de orientaci\u00f3n y servicio para sistemas de alarma contra incendios.<br \/>\nLa puerta se abre con una llave del departamento de bomberos.<\/p>\n<p>OR-3-BLACK tiene una tapa reforzada para poder usarse como mesa para port\u00e1til o dibujos.<br \/>\nOR-3 \u2013 ASSA tiene la parte posterior abierta para que pueda montarse sobre botones de alarma, etc.<\/p>\n<p>Los armarios est\u00e1n fabricados en chapa de acero y en colores seg\u00fan tabla siguiente.<\/p>\n<p><img decoding=\"async\" class=\"alignnone size-full wp-image-123513183\" title=\"Alarma de incendio OR CABINET A3 BLANCO PARA ASSA LOCK 6308235\" src=\"https:\/\/securityonline.se\/wp-content\/uploads\/2023\/09\/Swanson-Or-skap.jpg\" alt=\"Alarma de incendio OR CABINET A3 BLANCO PARA ASSA LOCK 6308235\" width=\"618\" height=\"292\" \/><\/p>","protected":false},"excerpt":{"rendered":"<p>La tapa est\u00e1 reforzada para poder usarse como mesa para port\u00e1til o para dibujos. Gabinete para dibujos de orientaci\u00f3n que se abre con llave de bomberos y se puede montar en cualquier direcci\u00f3n. Soporte para carpeta en puerta.<\/p>\n<p><span data-teams=\"true\">Estos armarios se entregan sin llave y si se necesita una se compra por separado.<\/span><\/p>","protected":false},"featured_media":140390,"template":"","meta":{"_acf_changed":false},"product_brand":[],"product_cat":[1837,3977,2950],"product_tag":[],"class_list":{"0":"post-83116","1":"product","2":"type-product","3":"status-publish","4":"has-post-thumbnail","6":"product_cat-dokumentskap","7":"product_cat-or-skap-brand-brandskydd","8":"product_cat-or-skap-sakerhet","9":"product_shipping_class-tunga-paket","10":"pa_brands-swansons","11":"tm-no-options","13":"first","14":"instock","15":"sale","16":"taxable","17":"shipping-taxable","18":"purchasable","19":"product-type-simple"},"acf":[],"_links":{"self":[{"href":"https:\/\/secureus.se\/es\/wp-json\/wp\/v2\/product\/83116","targetHints":{"allow":["GET"]}}],"collection":[{"href":"https:\/\/secureus.se\/es\/wp-json\/wp\/v2\/product"}],"about":[{"href":"https:\/\/secureus.se\/es\/wp-json\/wp\/v2\/types\/product"}],"wp:featuredmedia":[{"embeddable":true,"href":"https:\/\/secureus.se\/es\/wp-json\/wp\/v2\/media\/140390"}],"wp:attachment":[{"href":"https:\/\/secureus.se\/es\/wp-json\/wp\/v2\/media?parent=83116"}],"wp:term":[{"taxonomy":"product_brand","embeddable":true,"href":"https:\/\/secureus.se\/es\/wp-json\/wp\/v2\/product_brand?post=83116"},{"taxonomy":"product_cat","embeddable":true,"href":"https:\/\/secureus.se\/es\/wp-json\/wp\/v2\/product_cat?post=83116"},{"taxonomy":"product_tag","embeddable":true,"href":"https:\/\/secureus.se\/es\/wp-json\/wp\/v2\/product_tag?post=83116"}],"curies":[{"name":"wp","href":"https:\/\/api.w.org\/{rel}","templated":true}]}}