{"id":83398,"date":"2023-03-28T14:22:20","date_gmt":"2023-03-28T12:22:20","guid":{"rendered":"https:\/\/secureus.se\/produkt\/s65-12v-relay-base-12v-1a\/"},"modified":"2026-05-06T14:08:05","modified_gmt":"2026-05-06T12:08:05","slug":"relasockel-s65-12v","status":"publish","type":"product","link":"https:\/\/secureus.se\/es\/relasockel-s65-12v\/","title":{"rendered":"Base de rel\u00e9 Apollo 45681-508APO Base de rel\u00e9 S65 de 12 V"},"content":{"rendered":"<p><strong>Detector \u00f3ptico de humo de alta precisi\u00f3n:<\/strong> El z\u00f3calo de rel\u00e9 S65 es una excelente opci\u00f3n tanto para alarmas antirrobo como para alarmas contra incendios.<\/p>\n<p>Est\u00e1 dise\u00f1ado para usarse con DSC NEO, Power Series, MAXYS y otras alarmas antirrobo con cable convencionales.<\/p>\n<p>La c\u00e1mara de detecci\u00f3n \u00f3ptica del S65 utiliza principios de reflexi\u00f3n para detectar part\u00edculas de humo, lo que garantiza una activaci\u00f3n de la alarma r\u00e1pida y precisa.<\/p>\n<p><strong>Caracter\u00edsticas y beneficios:<\/strong><\/p>\n<ul>\n<li><strong>Uso flexible:<\/strong> El puente en la placa de circuito se puede montar en una posici\u00f3n de bloqueo o sin bloqueo seg\u00fan la aplicaci\u00f3n.<\/li>\n<li><strong>Calidad:<\/strong> El color blanco y la luz LED incorporada para indicaci\u00f3n de alarma brindan tanto est\u00e9tica como funcionalidad.<\/li>\n<li><strong>Durabilidad:<\/strong> Dise\u00f1ado para soportar tanto altas como bajas temperaturas, lo que lo hace adecuado para diferentes entornos.<\/li>\n<\/ul>\n<p><strong>Especificaci\u00f3n t\u00e9cnica:<\/strong><\/p>\n<ul>\n<li><strong>Voltaje:<\/strong> 9 \u2013 15 V CC<\/li>\n<li><strong>Consumo de energ\u00eda:<\/strong> 30-50 \u03bcA a 24 V CC<\/li>\n<li><strong>Corriente de alarma normal:<\/strong>\n<ul>\n<li>10 V = 18 mA<\/li>\n<li>24 V = 52 mA<\/li>\n<\/ul>\n<\/li>\n<li><strong>Rango de temperatura:<\/strong> -20\u00b0C a +60\u00b0C<\/li>\n<li><strong>Humedad:<\/strong> 0% a 95%, sin condensaci\u00f3n<\/li>\n<li><strong>Medida:<\/strong> 100 mm de di\u00e1metro x 25 mm de alto<\/li>\n<li><strong>Peso:<\/strong> 100 gramos<\/li>\n<\/ul>\n<p>&nbsp;<\/p>","protected":false},"excerpt":{"rendered":"<p>El z\u00f3calo de rel\u00e9 S65 es una base de rel\u00e9 de 12 V que se utiliza para alarmas contra robos y alarmas contra incendios.<\/p>\n<p>Es compatible con DSC PowerSeries y otros sistemas de seguridad.<\/p>\n<p>Con una c\u00e1mara de detecci\u00f3n \u00f3ptica, detecta eficazmente humo y fuego, y puede configurarse para aplicaciones con y sin bloqueo.<\/p>\n<p>Tiene un consumo de corriente de 30-50\u03bcA y opera en un rango de temperatura de -20\u00b0C a +60\u00b0C.<\/p>","protected":false},"featured_media":140931,"template":"","meta":{"_acf_changed":false},"product_brand":[],"product_cat":[4747],"product_tag":[2962,3311,3025,2704],"class_list":{"0":"post-83398","1":"product","2":"type-product","3":"status-publish","4":"has-post-thumbnail","6":"product_cat-65-serien","7":"product_tag-apollo-s65-serien","8":"product_tag-dsc-neo-svensk-manual","9":"product_tag-tradbundna-rokdetektorer-for-neo","10":"product_tag-utvalda-produkter-fran-apollo","11":"product_shipping_class-postnord-varubrev","12":"pa_brands-apollo-fire-detectors","13":"tm-has-options","15":"first","16":"instock","17":"featured","18":"taxable","19":"shipping-taxable","20":"purchasable","21":"product-type-simple"},"acf":[],"_links":{"self":[{"href":"https:\/\/secureus.se\/es\/wp-json\/wp\/v2\/product\/83398","targetHints":{"allow":["GET"]}}],"collection":[{"href":"https:\/\/secureus.se\/es\/wp-json\/wp\/v2\/product"}],"about":[{"href":"https:\/\/secureus.se\/es\/wp-json\/wp\/v2\/types\/product"}],"wp:featuredmedia":[{"embeddable":true,"href":"https:\/\/secureus.se\/es\/wp-json\/wp\/v2\/media\/140931"}],"wp:attachment":[{"href":"https:\/\/secureus.se\/es\/wp-json\/wp\/v2\/media?parent=83398"}],"wp:term":[{"taxonomy":"product_brand","embeddable":true,"href":"https:\/\/secureus.se\/es\/wp-json\/wp\/v2\/product_brand?post=83398"},{"taxonomy":"product_cat","embeddable":true,"href":"https:\/\/secureus.se\/es\/wp-json\/wp\/v2\/product_cat?post=83398"},{"taxonomy":"product_tag","embeddable":true,"href":"https:\/\/secureus.se\/es\/wp-json\/wp\/v2\/product_tag?post=83398"}],"curies":[{"name":"wp","href":"https:\/\/api.w.org\/{rel}","templated":true}]}}