{"id":83923,"date":"2023-09-27T17:59:55","date_gmt":"2023-09-27T15:59:55","guid":{"rendered":"https:\/\/secureus.se\/produkt\/eltryckeslas-pe580-med-kabel-ea220\/"},"modified":"2026-04-08T15:58:39","modified_gmt":"2026-04-08T13:58:39","slug":"eltryckeslas-pe580-med-kabel-ea220","status":"publish","type":"product","link":"https:\/\/secureus.se\/es\/eltryckeslas-pe580-med-kabel-ea220\/","title":{"rendered":"Cerradura de presi\u00f3n el\u00e9ctrica PE580 con cable EA220"},"content":{"rendered":"<p><\/p>\n<div>PE 580 pertenece a una familia de cerraduras el\u00e9ctricas de pulsador con funci\u00f3n de husillo dividido adaptadas para su uso con el cerrojo antip\u00e1nico 1141. Cumple con los requisitos seg\u00fan SS-EN1125. La PE580 es una cerradura de pulsador controlada electromec\u00e1nicamente, del tipo multifunci\u00f3n. Del tipo de cerradura de d\u00eda y es muy adecuada para edificios comerciales, cerraduras internas y puertas exteriores en edificios de apartamentos. Las cerraduras de funci\u00f3n dividida tienen una combinaci\u00f3n de funciones mec\u00e1nicas y el\u00e9ctricas, lo que permite la evacuaci\u00f3n en caso de p\u00e1nico sin control el\u00e9ctrico. El PE580 tiene dos microinterruptores integrados que indican la posici\u00f3n del pist\u00f3n y la apertura con pestillo antip\u00e1nico. La cerradura siempre se puede accionar mec\u00e1nicamente mediante un cilindro o pomo. La cerradura se activa autom\u00e1ticamente cuando se cierra la puerta.\u00a0<\/div>\n<div><b>Caracter\u00edsticas\u00a0<\/b><\/div>\n<div>\n<ul>\n<li>Funci\u00f3n dividida<\/li>\n<li>Manija exterior controlada el\u00e9ctricamente<\/li>\n<li>Siempre se puede abrir desde el interior con el cerrojo antip\u00e1nico ASSA ABLOY 1141<\/li>\n<li>La cerradura se puede controlar el\u00e9ctricamente, por ejemplo, desde un sistema de control de acceso, o desde un bot\u00f3n de apertura o un temporizador<\/li>\n<li>F\u00e1cilmente reversible derecha\/izquierda\u00a0<\/li>\n<li>Funci\u00f3n de avance\/retroceso conmutable (bloqueada o desbloqueada en posici\u00f3n desenergizada)<\/li>\n<li>La regla solo se despliega cuando la puerta est\u00e1 cerrada.<\/li>\n<li>Todos los cables est\u00e1n equipados con conectores para una f\u00e1cil instalaci\u00f3n con cable de conexi\u00f3n EA220<\/li>\n<li>Profundidad de mandril de 50 mm\n<\/li>\n<\/ul>\n<\/div>\n<div><b>Datos t\u00e9cnicos<\/b><\/div>\n<div>\n<ul>\n<li>Voltaje 12 \u2013 24 V CC (-10%\/+15%, estable)<\/li>\n<li>Consumo de energ\u00eda: M\u00e1x.: 550 mA (12 V CC), En espera: 240 mA (12 V CC)\u00a0<\/li>\n<li>Rango de temperatura: -20 \u2013 +60\u00b0C<\/li>\n<\/ul>\n<\/div>","protected":false},"excerpt":{"rendered":"<h5><a href=\"https:\/\/elslutblecksguiden.se\/\" target=\"_blank\" rel=\"noopener\">Gu\u00eda para cerraduras el\u00e9ctricas ASSA, cerraduras motorizadas, placas de cierre el\u00e9ctricas y gu\u00eda de reemplazo<\/a><\/h5>","protected":false},"featured_media":139943,"template":"","meta":{"_acf_changed":false},"product_brand":[],"product_cat":[2429],"product_tag":[2967],"class_list":{"0":"post-83923","1":"product","2":"type-product","3":"status-publish","4":"has-post-thumbnail","6":"product_cat-ellas","7":"product_tag-rg-assa-abloy","8":"product_shipping_class-tunga-paket","9":"pa_brands-abloy","10":"tm-no-options","12":"first","13":"onbackorder","14":"sale","15":"taxable","16":"shipping-taxable","17":"purchasable","18":"product-type-simple"},"acf":[],"_links":{"self":[{"href":"https:\/\/secureus.se\/es\/wp-json\/wp\/v2\/product\/83923","targetHints":{"allow":["GET"]}}],"collection":[{"href":"https:\/\/secureus.se\/es\/wp-json\/wp\/v2\/product"}],"about":[{"href":"https:\/\/secureus.se\/es\/wp-json\/wp\/v2\/types\/product"}],"wp:featuredmedia":[{"embeddable":true,"href":"https:\/\/secureus.se\/es\/wp-json\/wp\/v2\/media\/139943"}],"wp:attachment":[{"href":"https:\/\/secureus.se\/es\/wp-json\/wp\/v2\/media?parent=83923"}],"wp:term":[{"taxonomy":"product_brand","embeddable":true,"href":"https:\/\/secureus.se\/es\/wp-json\/wp\/v2\/product_brand?post=83923"},{"taxonomy":"product_cat","embeddable":true,"href":"https:\/\/secureus.se\/es\/wp-json\/wp\/v2\/product_cat?post=83923"},{"taxonomy":"product_tag","embeddable":true,"href":"https:\/\/secureus.se\/es\/wp-json\/wp\/v2\/product_tag?post=83923"}],"curies":[{"name":"wp","href":"https:\/\/api.w.org\/{rel}","templated":true}]}}