{"id":83925,"date":"2023-09-27T17:59:53","date_gmt":"2023-09-27T15:59:53","guid":{"rendered":"https:\/\/secureus.se\/produkt\/eltryckeslas-815c-50-hi-o-sats\/"},"modified":"2026-03-25T15:42:46","modified_gmt":"2026-03-25T14:42:46","slug":"eltryckeslas-815c-50-hi-o-sats","status":"publish","type":"product","link":"https:\/\/secureus.se\/es\/eltryckeslas-815c-50-hi-o-sats\/","title":{"rendered":"Kit de cerradura de empuje el\u00e9ctrica 815C-50 Hi-O"},"content":{"rendered":"<p>ASSA ABLOY 815C-50 Hi-O es una cerradura de empuje el\u00e9ctrica de la serie Velox, adaptada para puertas de alta frecuencia con huecos ASSA modulares o Connect. Adecuado como cerradura de d\u00eda.<\/p>\n<div>y cierres interiores en comercios, oficinas e industrias o en accesos y zonas p\u00fablicas de edificios de viviendas. Certificado seg\u00fan SS-EN 179, que permite su instalaci\u00f3n en v\u00edas de escape. 815C-50 es una cerradura digital basada en tecnolog\u00eda CAN-bus Hi-O. Hi-O significa que los dispositivos tienen una microcomputadora incorporada y se comunican entre s\u00ed para la instalaci\u00f3n plug-and-play, la sincronizaci\u00f3n del funcionamiento de la puerta, el monitoreo del comportamiento y el env\u00edo de informaci\u00f3n de diagn\u00f3stico. Una unidad Hi-O debe conectarse a un bus Hi-O a trav\u00e9s de DAC 530\/564, o a un sistema anal\u00f3gico a trav\u00e9s de I\/O BOX 350. I\/O BOX 350 permite la instalaci\u00f3n de un bloqueo Hi-O digital en un sistema controlado por rel\u00e9 anal\u00f3gico.<\/div>\n<div>\n<p><b>El paquete del kit incluye:<\/b><br \/>\nCarcasa para cerradura de pulsador el\u00e9ctrica 815C-50, I\/O-Box350, cable de conexi\u00f3n EA226 (10m), placa de cierre 1487-2 con im\u00e1n, transmisi\u00f3n de marco EA281 y 2 uds. Pasadores de empuje 520H 43 mm.<\/p>\n<div><b>Caracter\u00edsticas:<\/b><\/div>\n<div>\n<ul>\n<li>Funci\u00f3n dividida, controlada el\u00e9ctricamente desde el exterior, conectada mec\u00e1nicamente desde el interior (husillo dividido)<\/li>\n<li>Lateral f\u00e1cilmente conmutable de operaci\u00f3n el\u00e9ctrica\/mec\u00e1nica<\/li>\n<li>Funci\u00f3n de avance\/retroceso f\u00e1cilmente conmutable<\/li>\n<li>Pestillo reversible para puertas batientes a la derecha o a la izquierda<\/li>\n<li>Caja de pulsador con enclavamiento<\/li>\n<li>La cerradura siempre se puede accionar con la llave\/perilla<\/li>\n<li>Aprobado para instalaci\u00f3n en el l\u00edmite del compartimento de incendio E\/EI 120<\/li>\n<li>Certificado seg\u00fan SSF 3522-1093, clase 1 y SS-EN 179<\/li>\n<li>Aprobado para combinarse con el accesorio de evacuaci\u00f3n de emergencia 179J<\/li>\n<li>La funci\u00f3n de reocupaci\u00f3n se puede activar a trav\u00e9s de I\/O BOX 350 con se\u00f1al de alarma de evacuaci\u00f3n\/incendio<\/li>\n<li>Multifuncional<\/li>\n<li>Multivoltaje 12-24V<\/li>\n<li>Indicaci\u00f3n de estado disponible en el bus Hi-O y a trav\u00e9s del rel\u00e9 en el I\/O BOX 350 (ver hoja de producto)<\/li>\n<\/ul>\n<\/div>\n<div><\/div>\n<div>\n<p><b>Funci\u00f3n:<\/b><\/p>\n<ul>\n<li>La presi\u00f3n se activa con control el\u00e9ctrico desde el exterior y se controla mec\u00e1nicamente desde el interior, esto se utiliza luego para abrir la puerta.<\/li>\n<li>La presi\u00f3n en el exterior se activa el\u00e9ctricamente a trav\u00e9s de una se\u00f1al de un sistema de control de acceso, cerradura con c\u00f3digo o similar.<\/li>\n<li>La presi\u00f3n en el interior est\u00e1 conectada mec\u00e1nicamente, por lo que no es necesario conectar ning\u00fan pulsador.<\/li>\n<li>La funci\u00f3n de direcci\u00f3n el\u00e9ctrica es ajustable de derecha\/izquierda, adentro\/afuera.<\/li>\n<\/ul>\n<\/div>\n<\/div>","protected":false},"excerpt":{"rendered":"<h5><a href=\"https:\/\/elslutblecksguiden.se\/\" target=\"_blank\" rel=\"noopener\">Gu\u00eda para cerraduras el\u00e9ctricas ASSA, cerraduras motorizadas, placas de cierre el\u00e9ctricas y gu\u00eda de reemplazo<\/a><\/h5>","protected":false},"featured_media":139535,"template":"","meta":{"_acf_changed":false},"product_brand":[],"product_cat":[2429],"product_tag":[4424,2967],"class_list":{"0":"post-83925","1":"product","2":"type-product","3":"status-publish","4":"has-post-thumbnail","6":"product_cat-ellas","7":"product_tag-eltryckeslas-815","8":"product_tag-rg-assa-abloy","9":"product_shipping_class-tunga-paket","10":"pa_brands-abloy","11":"tm-no-options","13":"first","14":"instock","15":"sale","16":"taxable","17":"shipping-taxable","18":"purchasable","19":"product-type-simple"},"acf":[],"_links":{"self":[{"href":"https:\/\/secureus.se\/es\/wp-json\/wp\/v2\/product\/83925","targetHints":{"allow":["GET"]}}],"collection":[{"href":"https:\/\/secureus.se\/es\/wp-json\/wp\/v2\/product"}],"about":[{"href":"https:\/\/secureus.se\/es\/wp-json\/wp\/v2\/types\/product"}],"wp:featuredmedia":[{"embeddable":true,"href":"https:\/\/secureus.se\/es\/wp-json\/wp\/v2\/media\/139535"}],"wp:attachment":[{"href":"https:\/\/secureus.se\/es\/wp-json\/wp\/v2\/media?parent=83925"}],"wp:term":[{"taxonomy":"product_brand","embeddable":true,"href":"https:\/\/secureus.se\/es\/wp-json\/wp\/v2\/product_brand?post=83925"},{"taxonomy":"product_cat","embeddable":true,"href":"https:\/\/secureus.se\/es\/wp-json\/wp\/v2\/product_cat?post=83925"},{"taxonomy":"product_tag","embeddable":true,"href":"https:\/\/secureus.se\/es\/wp-json\/wp\/v2\/product_tag?post=83925"}],"curies":[{"name":"wp","href":"https:\/\/api.w.org\/{rel}","templated":true}]}}