{"id":83941,"date":"2023-09-27T17:58:44","date_gmt":"2023-09-27T15:58:44","guid":{"rendered":"https:\/\/secureus.se\/produkt\/eltryckeslas-el587-hi-o-omstallbar-12-24v\/"},"modified":"2026-04-08T15:59:02","modified_gmt":"2026-04-08T13:59:02","slug":"eltryckeslas-el587-hi-o-omstallbar-12-24v","status":"publish","type":"product","link":"https:\/\/secureus.se\/es\/eltryckeslas-el587-hi-o-omstallbar-12-24v\/","title":{"rendered":"Cerradura de empuje el\u00e9ctrica EL587 Hi-O Ajustable 12-24V"},"content":{"rendered":"<p>\nLas cerraduras el\u00e9ctricas multifuncionales con pulsador ABLOY EL587 est\u00e1n adaptadas para puertas de alta frecuencia con huecos para m\u00f3dulos ASSA ABLOY. Adecuado para cierre diurno y cierre interno en comercios, oficinas e industrias o en entradas y \u00e1reas p\u00fablicas de edificios de apartamentos. La EL587 es una carcasa de cerradura Hi-O que se puede conectar a un bus Hi-O. Hi-O significa que los dispositivos tienen una microcomputadora incorporada y se comunican entre s\u00ed para la instalaci\u00f3n plug-and-play, la sincronizaci\u00f3n del funcionamiento de la puerta, el monitoreo del comportamiento y el env\u00edo de informaci\u00f3n de diagn\u00f3stico.\u00a0 \u00a0<\/p>\n<div><b>Caracter\u00edsticas\u00a0<\/b><\/div>\n<div>\n<ul>\n<li>Funci\u00f3n dividida (lado f\u00e1cilmente conmutable de operaci\u00f3n el\u00e9ctrica\/mec\u00e1nica)<\/li>\n<li>Pulsador exterior de accionamiento el\u00e9ctrico<\/li>\n<li>El bot\u00f3n pulsador interior siempre abre la cerradura mec\u00e1nicamente.<\/li>\n<li>Caja de pulsador con enclavamiento <\/li>\n<li>La cerradura siempre se puede accionar con el cilindro\/perilla<\/li>\n<li>Multifuncional<\/li>\n<li>Funci\u00f3n de avance\/retroceso f\u00e1cilmente conmutable<\/li>\n<li>Proyecci\u00f3n de ca\u00edda variable de 20 mm o 14 mm<\/li>\n<li>2 microinterruptores: Enclavamiento (posici\u00f3n de la puerta), Movimiento del pulsador <\/li>\n<li>Profundidad de mandril de 50 mm\u00a0\u00a0<\/li>\n<li>Aprobado para combinarse con el accesorio de evacuaci\u00f3n de emergencia 179E-2<\/li>\n<li>Todos los cables est\u00e1n equipados con conectores para una f\u00e1cil instalaci\u00f3n con cable de conexi\u00f3n EA226<\/li>\n<li>Tecnolog\u00eda Hi-O<\/li>\n<\/ul>\n<\/div>\n<div><b><br \/><\/b><b>Datos t\u00e9cnicos:<\/b><\/div>\n<div>\n<ul>\n<li>Voltaje de funcionamiento: 12 \u2013 24 VCC, estabilizador<\/li>\n<li>Consumo de corriente 580-280 mA, 12 VCC 300-160 mA, 24 VCC<\/li>\n<\/ul>\n<\/div>","protected":false},"excerpt":{"rendered":"<h5><a href=\"https:\/\/elslutblecksguiden.se\/\" target=\"_blank\" rel=\"noopener\">Gu\u00eda para cerraduras el\u00e9ctricas ASSA, cerraduras motorizadas, placas de cierre el\u00e9ctricas y gu\u00eda de reemplazo<\/a><\/h5>","protected":false},"featured_media":139551,"template":"","meta":{"_acf_changed":false},"product_brand":[],"product_cat":[2429],"product_tag":[2967],"class_list":{"0":"post-83941","1":"product","2":"type-product","3":"status-publish","4":"has-post-thumbnail","6":"product_cat-ellas","7":"product_tag-rg-assa-abloy","8":"product_shipping_class-tunga-paket","9":"pa_brands-abloy","10":"tm-no-options","12":"first","13":"onbackorder","14":"sale","15":"taxable","16":"shipping-taxable","17":"purchasable","18":"product-type-simple"},"acf":[],"_links":{"self":[{"href":"https:\/\/secureus.se\/es\/wp-json\/wp\/v2\/product\/83941","targetHints":{"allow":["GET"]}}],"collection":[{"href":"https:\/\/secureus.se\/es\/wp-json\/wp\/v2\/product"}],"about":[{"href":"https:\/\/secureus.se\/es\/wp-json\/wp\/v2\/types\/product"}],"wp:featuredmedia":[{"embeddable":true,"href":"https:\/\/secureus.se\/es\/wp-json\/wp\/v2\/media\/139551"}],"wp:attachment":[{"href":"https:\/\/secureus.se\/es\/wp-json\/wp\/v2\/media?parent=83941"}],"wp:term":[{"taxonomy":"product_brand","embeddable":true,"href":"https:\/\/secureus.se\/es\/wp-json\/wp\/v2\/product_brand?post=83941"},{"taxonomy":"product_cat","embeddable":true,"href":"https:\/\/secureus.se\/es\/wp-json\/wp\/v2\/product_cat?post=83941"},{"taxonomy":"product_tag","embeddable":true,"href":"https:\/\/secureus.se\/es\/wp-json\/wp\/v2\/product_tag?post=83941"}],"curies":[{"name":"wp","href":"https:\/\/api.w.org\/{rel}","templated":true}]}}