{"id":83943,"date":"2023-09-27T17:58:40","date_gmt":"2023-09-27T15:58:40","guid":{"rendered":"https:\/\/secureus.se\/produkt\/eltryckeslas-el980-split-spindle\/"},"modified":"2026-04-08T15:59:10","modified_gmt":"2026-04-08T13:59:10","slug":"eltryckeslas-el980-split-spindle","status":"publish","type":"product","link":"https:\/\/secureus.se\/es\/eltryckeslas-el980-split-spindle\/","title":{"rendered":"Cerradura de empuje el\u00e9ctrica EL980 Husillo dividido"},"content":{"rendered":"<p>\nCerradura de empuje el\u00e9ctrica utilizada en Aptus 1189, 1179 y Assa DBL-340, DBL-342 y DBL-350.<\/p>\n<p><b>Caracter\u00edsticas:<\/b><br \/>\n<\/p>\n<ul>\n<li>Profundidad del mandril 50 mm<\/li>\n<li>Funci\u00f3n de husillo dividido<\/li>\n<li>Funci\u00f3n de avance o retroceso conmutable (bloqueada o desbloqueada en posici\u00f3n desenergizada)<\/li>\n<\/ul>\n<p><\/p>","protected":false},"excerpt":{"rendered":"<h5><a href=\"https:\/\/elslutblecksguiden.se\/\" target=\"_blank\" rel=\"noopener\">Gu\u00eda para cerraduras el\u00e9ctricas ASSA, cerraduras motorizadas, placas de cierre el\u00e9ctricas y gu\u00eda de reemplazo<\/a><\/h5>","protected":false},"featured_media":139954,"template":"","meta":{"_acf_changed":false},"product_brand":[],"product_cat":[2429],"product_tag":[2967],"class_list":{"0":"post-83943","1":"product","2":"type-product","3":"status-publish","4":"has-post-thumbnail","6":"product_cat-ellas","7":"product_tag-rg-assa-abloy","8":"product_shipping_class-tunga-paket","9":"pa_brands-abloy","10":"tm-no-options","12":"first","13":"onbackorder","14":"sale","15":"taxable","16":"shipping-taxable","17":"purchasable","18":"product-type-simple"},"acf":[],"_links":{"self":[{"href":"https:\/\/secureus.se\/es\/wp-json\/wp\/v2\/product\/83943","targetHints":{"allow":["GET"]}}],"collection":[{"href":"https:\/\/secureus.se\/es\/wp-json\/wp\/v2\/product"}],"about":[{"href":"https:\/\/secureus.se\/es\/wp-json\/wp\/v2\/types\/product"}],"wp:featuredmedia":[{"embeddable":true,"href":"https:\/\/secureus.se\/es\/wp-json\/wp\/v2\/media\/139954"}],"wp:attachment":[{"href":"https:\/\/secureus.se\/es\/wp-json\/wp\/v2\/media?parent=83943"}],"wp:term":[{"taxonomy":"product_brand","embeddable":true,"href":"https:\/\/secureus.se\/es\/wp-json\/wp\/v2\/product_brand?post=83943"},{"taxonomy":"product_cat","embeddable":true,"href":"https:\/\/secureus.se\/es\/wp-json\/wp\/v2\/product_cat?post=83943"},{"taxonomy":"product_tag","embeddable":true,"href":"https:\/\/secureus.se\/es\/wp-json\/wp\/v2\/product_tag?post=83943"}],"curies":[{"name":"wp","href":"https:\/\/api.w.org\/{rel}","templated":true}]}}