{"id":83945,"date":"2023-09-27T17:58:38","date_gmt":"2023-09-27T15:58:38","guid":{"rendered":"https:\/\/secureus.se\/produkt\/eltryckeslas-el580l-lagenergi-rattvand-sats-12-24v\/"},"modified":"2026-04-23T12:23:33","modified_gmt":"2026-04-23T10:23:33","slug":"eltryckeslas-el580l-lagenergi-rattvand-sats-12-24v","status":"publish","type":"product","link":"https:\/\/secureus.se\/es\/eltryckeslas-el580l-lagenergi-rattvand-sats-12-24v\/","title":{"rendered":"Cerradura de empuje el\u00e9ctrica EL580L Bajo consumo Conjunto mano derecha 12-24V"},"content":{"rendered":"<p>\nLas cerraduras el\u00e9ctricas multifuncionales con pulsador ABLOY EL580L est\u00e1n adaptadas para puertas de alta frecuencia con huecos modulares ASSA ABLOY donde se requiere un bajo consumo energ\u00e9tico. Adecuado para cierre diurno y cierre interno en comercios, oficinas e industrias o en entradas y \u00e1reas p\u00fablicas de edificios de apartamentos. ABLOY EL580L se puede utilizar en l\u00edmites de celdas contra incendios.<\/p>\n<div><b>Accesorios incluidos en el embalaje del kit:\u00a0<\/b><\/div>\n<div>Cerradura de empuje el\u00e9ctrica EL580L, Cable de conexi\u00f3n EA220, Transmisi\u00f3n de marco EA281, Pasadores de empuje Abloy para cerraduras de funci\u00f3n dividida.<\/p>\n<\/div>\n<div><b>Caracter\u00edsticas:<\/b><\/div>\n<div>\n<ul>\n<li>Funci\u00f3n dividida (lado operado el\u00e9ctricamente\/mec\u00e1nicamente f\u00e1cilmente conmutable)<\/li>\n<li>Pulsador exterior de accionamiento el\u00e9ctrico<\/li>\n<li>El bot\u00f3n pulsador interior siempre abre la cerradura mec\u00e1nicamente.\u00a0<\/li>\n<li>Bloqueo de bajo consumo\u00a0<\/li>\n<li>Caja de pulsador con enclavamiento\u00a0<\/li>\n<li>La cerradura siempre se puede accionar con el cilindro\/perilla\u00a0<\/li>\n<li>Multifuncional\u00a0<\/li>\n<li>Funci\u00f3n correcta\u00a0<\/li>\n<li>Proyecci\u00f3n de ca\u00edda variable de 20 mm o 14 mm<\/li>\n<li>2 microinterruptores: Enclavamiento (posici\u00f3n de la puerta), Movimiento del pulsador\u00a0<\/li>\n<li>Profundidad de mandril de 50 mm\u00a0<\/li>\n<li>Todos los cables est\u00e1n equipados con conectores para una f\u00e1cil instalaci\u00f3n con cable de conexi\u00f3n EA220\u00a0<\/li>\n<li>Totalmente adaptado al est\u00e1ndar de empotrar ASSA ABLOY<\/li>\n<\/ul>\n<\/div>\n<div><\/div>\n<div><b><\/b><\/div>\n<div><b>Datos t\u00e9cnicos<\/b><\/p>\n<ul>\n<li>Voltaje de funcionamiento: 3,6 V CC (-0%) - 24 V CC (+15%) Pu\u00f1alada<\/li>\n<li>Consumo de energ\u00eda: M\u00e1x. 350 mA RMS\/100 ms (cuando el motor est\u00e1 en funcionamiento), reposo 0,08 mA\u00a0<\/li>\n<li>Microinterruptor: Conmutador unipolar M\u00e1x. 30 VCC, 400 mA<\/li>\n<\/ul>\n<\/div>","protected":false},"excerpt":{"rendered":"<h5><a href=\"https:\/\/elslutblecksguiden.se\/\" target=\"_blank\" rel=\"noopener\">Gu\u00eda para cerraduras el\u00e9ctricas ASSA, cerraduras motorizadas, placas de cierre el\u00e9ctricas y gu\u00eda de reemplazo<\/a><\/h5>","protected":false},"featured_media":139964,"template":"","meta":{"_acf_changed":false},"product_brand":[],"product_cat":[2429],"product_tag":[2967],"class_list":{"0":"post-83945","1":"product","2":"type-product","3":"status-publish","4":"has-post-thumbnail","6":"product_cat-ellas","7":"product_tag-rg-assa-abloy","8":"product_shipping_class-tunga-paket","9":"pa_brands-abloy","10":"tm-no-options","12":"first","13":"onbackorder","14":"sale","15":"taxable","16":"shipping-taxable","17":"purchasable","18":"product-type-simple"},"acf":[],"_links":{"self":[{"href":"https:\/\/secureus.se\/es\/wp-json\/wp\/v2\/product\/83945","targetHints":{"allow":["GET"]}}],"collection":[{"href":"https:\/\/secureus.se\/es\/wp-json\/wp\/v2\/product"}],"about":[{"href":"https:\/\/secureus.se\/es\/wp-json\/wp\/v2\/types\/product"}],"wp:featuredmedia":[{"embeddable":true,"href":"https:\/\/secureus.se\/es\/wp-json\/wp\/v2\/media\/139964"}],"wp:attachment":[{"href":"https:\/\/secureus.se\/es\/wp-json\/wp\/v2\/media?parent=83945"}],"wp:term":[{"taxonomy":"product_brand","embeddable":true,"href":"https:\/\/secureus.se\/es\/wp-json\/wp\/v2\/product_brand?post=83945"},{"taxonomy":"product_cat","embeddable":true,"href":"https:\/\/secureus.se\/es\/wp-json\/wp\/v2\/product_cat?post=83945"},{"taxonomy":"product_tag","embeddable":true,"href":"https:\/\/secureus.se\/es\/wp-json\/wp\/v2\/product_tag?post=83945"}],"curies":[{"name":"wp","href":"https:\/\/api.w.org\/{rel}","templated":true}]}}