{"id":83947,"date":"2023-09-27T17:58:37","date_gmt":"2023-09-27T15:58:37","guid":{"rendered":"https:\/\/secureus.se\/produkt\/eltryckeslas-813c-50-hi-o-arx-sats\/"},"modified":"2026-04-23T12:23:33","modified_gmt":"2026-04-23T10:23:33","slug":"eltryckeslas-813c-50-hi-o-arx-sats","status":"publish","type":"product","link":"https:\/\/secureus.se\/es\/eltryckeslas-813c-50-hi-o-arx-sats\/","title":{"rendered":"Cerradura de empuje el\u00e9ctrica 813C-50 Hi-O ARX-Set"},"content":{"rendered":"<p>ASSA ABLOY 813C-50 Hi-O es una cerradura de empuje el\u00e9ctrica de la serie Velox, adaptada para puertas de alta frecuencia con huecos ASSA modulares o Connect. Adecuado para cierre diurno y cierre interno en comercios, oficinas e industrias o en entradas y \u00e1reas p\u00fablicas de edificios de apartamentos. 813C-50 es una cerradura digital basada en tecnolog\u00eda CAN-bus Hi-O. Hi-O significa que los dispositivos tienen una microcomputadora incorporada y se comunican entre s\u00ed para la instalaci\u00f3n plug-and-play, la sincronizaci\u00f3n del funcionamiento de la puerta, el monitoreo del comportamiento y el env\u00edo de informaci\u00f3n de diagn\u00f3stico. Una unidad Hi-O debe conectarse a un bus Hi-O a trav\u00e9s de DAC 530\/564, o a un sistema anal\u00f3gico a trav\u00e9s de I\/O BOX 350. I\/O BOX 350 permite la instalaci\u00f3n de un bloqueo Hi-O digital en un sistema controlado por rel\u00e9 anal\u00f3gico.<\/p>\n<p><b>El paquete del kit incluye:<\/b><\/p>\n<p>Carcasa para cerradura de pulsador el\u00e9ctrica 813C-50, cable de conexi\u00f3n EA226 (10m), im\u00e1n para placa de cierre 1487 y 2 uds. pines de impresi\u00f3n 520H 43 mm.<\/p>\n<div>\n<b>Caracter\u00edsticas:<\/b><\/div>\n<div>\n<ul>\n<li>Funci\u00f3n \u00fanica, control el\u00e9ctrico interior y exterior (husillo fijo)<\/li>\n<li>Caja de pulsador con enclavamiento<\/li>\n<li>La cerradura siempre se puede accionar con la llave\/perilla<\/li>\n<li>Aprobado para instalaci\u00f3n en el l\u00edmite del compartimento de incendio E\/EI 120<\/li>\n<li>Certificado seg\u00fan SSF 3522-1093, clase 1.<\/li>\n<li>Multifuncional<\/li>\n<li>Funci\u00f3n de avance\/retroceso f\u00e1cilmente conmutable<\/li>\n<li>Pestillo reversible para puertas batientes a la derecha o a la izquierda<\/li>\n<li>Multivoltaje 12-24V<\/li>\n<li>Indicaci\u00f3n de estado disponible en el bus Hi-O y a trav\u00e9s del rel\u00e9 en el I\/O BOX 350 (ver hoja de producto)<\/li>\n<\/ul>\n<\/div>\n<div><\/div>\n<div>\n<p><b>Funci\u00f3n:<\/b><\/p>\n<ul>\n<li>La presi\u00f3n se activa con control el\u00e9ctrico desde el interior y el exterior, esto se utiliza luego para abrir la puerta.<\/li>\n<li>La presi\u00f3n interior y exterior se activa el\u00e9ctricamente a trav\u00e9s de una se\u00f1al de un sistema de control de acceso, cerradura de c\u00f3digo o similar, o alternativamente, la activaci\u00f3n de la presi\u00f3n interior est\u00e1 conectada a un bot\u00f3n de apertura.<\/li>\n<\/ul>\n<\/div>","protected":false},"excerpt":{"rendered":"<h5><a href=\"https:\/\/elslutblecksguiden.se\/\" target=\"_blank\" rel=\"noopener\">Gu\u00eda para cerraduras el\u00e9ctricas ASSA, cerraduras motorizadas, placas de cierre el\u00e9ctricas y gu\u00eda de reemplazo<\/a><\/h5>","protected":false},"featured_media":139558,"template":"","meta":{"_acf_changed":false},"product_brand":[],"product_cat":[2429],"product_tag":[2967],"class_list":{"0":"post-83947","1":"product","2":"type-product","3":"status-publish","4":"has-post-thumbnail","6":"product_cat-ellas","7":"product_tag-rg-assa-abloy","8":"product_shipping_class-tunga-paket","9":"pa_brands-abloy","10":"tm-no-options","12":"first","13":"onbackorder","14":"sale","15":"taxable","16":"shipping-taxable","17":"purchasable","18":"product-type-simple"},"acf":[],"_links":{"self":[{"href":"https:\/\/secureus.se\/es\/wp-json\/wp\/v2\/product\/83947","targetHints":{"allow":["GET"]}}],"collection":[{"href":"https:\/\/secureus.se\/es\/wp-json\/wp\/v2\/product"}],"about":[{"href":"https:\/\/secureus.se\/es\/wp-json\/wp\/v2\/types\/product"}],"wp:featuredmedia":[{"embeddable":true,"href":"https:\/\/secureus.se\/es\/wp-json\/wp\/v2\/media\/139558"}],"wp:attachment":[{"href":"https:\/\/secureus.se\/es\/wp-json\/wp\/v2\/media?parent=83947"}],"wp:term":[{"taxonomy":"product_brand","embeddable":true,"href":"https:\/\/secureus.se\/es\/wp-json\/wp\/v2\/product_brand?post=83947"},{"taxonomy":"product_cat","embeddable":true,"href":"https:\/\/secureus.se\/es\/wp-json\/wp\/v2\/product_cat?post=83947"},{"taxonomy":"product_tag","embeddable":true,"href":"https:\/\/secureus.se\/es\/wp-json\/wp\/v2\/product_tag?post=83947"}],"curies":[{"name":"wp","href":"https:\/\/api.w.org\/{rel}","templated":true}]}}