{"id":83955,"date":"2023-09-27T17:58:30","date_gmt":"2023-09-27T15:58:30","guid":{"rendered":"https:\/\/secureus.se\/produkt\/eltryckeslashus-825c-50-hi-o\/"},"modified":"2026-03-26T09:41:56","modified_gmt":"2026-03-26T08:41:56","slug":"eltryckeslashus-825c-50-hi-o","status":"publish","type":"product","link":"https:\/\/secureus.se\/es\/eltryckeslashus-825c-50-hi-o\/","title":{"rendered":"Carcasa de cerradura de empuje el\u00e9ctrica 825C-50 Hi-O"},"content":{"rendered":"<p>ASSA ABLOY 825C-50 Hi-O es una cerradura de empuje el\u00e9ctrica de la serie Velox, adaptada para puertas de alta frecuencia con huecos ASSA modulares o Connect. Adecuado como cerradura de d\u00eda.<\/p>\n<div>y cierres interiores en comercios, oficinas e industrias o en accesos y zonas p\u00fablicas de edificios de viviendas. Certificado seg\u00fan SS-EN 179, que permite su instalaci\u00f3n en v\u00edas de escape. 825C-50 es una cerradura digital basada en tecnolog\u00eda CAN-bus Hi-O. Hi-O significa que los dispositivos tienen una microcomputadora incorporada y se comunican entre s\u00ed para la instalaci\u00f3n plug-and-play, la sincronizaci\u00f3n del funcionamiento de la puerta, el monitoreo del comportamiento y el env\u00edo de informaci\u00f3n de diagn\u00f3stico. Una unidad Hi-O debe conectarse a un bus Hi-O a trav\u00e9s de DAC 530\/564, o a un sistema anal\u00f3gico a trav\u00e9s de I\/O BOX 350. I\/O BOX 350 permite la instalaci\u00f3n de un bloqueo Hi-O digital en un sistema controlado por rel\u00e9 anal\u00f3gico.<\/div>\n<div>\n<div>\n<b>Caracter\u00edsticas:<\/b><\/div>\n<div>\n<ul>\n<li>Ca\u00edda de presi\u00f3n conmutable, funci\u00f3n simple o dividida.<\/li>\n<li>Lateral f\u00e1cilmente conmutable de operaci\u00f3n el\u00e9ctrica\/mec\u00e1nica<\/li>\n<li>Funci\u00f3n de avance\/retroceso f\u00e1cilmente conmutable<\/li>\n<li>Pestillo de gancho\u2026 bloqueo mec\u00e1nico\/desbloqueo autom\u00e1tico al activar la funci\u00f3n de empuje<\/li>\n<li>Pestillo reversible para puertas batientes a la derecha o a la izquierda<\/li>\n<li>Caja de pulsador con enclavamiento<\/li>\n<li>La cerradura siempre se puede accionar con la llave\/perilla<\/li>\n<li>Aprobado para instalaci\u00f3n en el l\u00edmite del compartimento de incendio E\/EI 120<\/li>\n<li>Certificado seg\u00fan SSF 3522-1093, clase 2\/2B y SS-EN 179<\/li>\n<li>Aprobado para combinarse con el accesorio de evacuaci\u00f3n de emergencia 179J<\/li>\n<li>La funci\u00f3n de reocupaci\u00f3n se puede activar a trav\u00e9s de I\/O BOX 350 con se\u00f1al de alarma de evacuaci\u00f3n\/incendio<\/li>\n<li>Multifuncional<\/li>\n<li>Multivoltaje 12-24V<\/li>\n<li>Indicaci\u00f3n de estado disponible en el bus Hi-O y a trav\u00e9s del rel\u00e9 en el I\/O BOX 350 (ver hoja de producto)<\/li>\n<\/ul>\n<\/div>\n<div><\/div>\n<div>\n<p><b>Funci\u00f3n:<\/b><\/p>\n<ul>\n<li>La presi\u00f3n se activa el\u00e9ctricamente dentro\/fuera, alternativamente controlada el\u00e9ctricamente fuera y conectada mec\u00e1nicamente dentro, ajustable.<\/li>\n<li>Control el\u00e9ctrico en el exterior, conexi\u00f3n mec\u00e1nica en el interior (husillo dividido)<\/li>\n<li>Control el\u00e9ctrico exterior e interior (husillo fijo)<\/li>\n<li>El pestillo del gancho se desbloquea manualmente mediante un cilindro o una perilla.<\/li>\n<li>Retracci\u00f3n autom\u00e1tica, el pestillo del gancho se retrae cuando se activa la presi\u00f3n<\/li>\n<\/ul>\n<\/div>\n<\/div>","protected":false},"excerpt":{"rendered":"<h5><a href=\"https:\/\/elslutblecksguiden.se\/\" target=\"_blank\" rel=\"noopener\">Gu\u00eda para cerraduras el\u00e9ctricas ASSA, cerraduras motorizadas, placas de cierre el\u00e9ctricas y gu\u00eda de reemplazo<\/a><\/h5>","protected":false},"featured_media":139974,"template":"","meta":{"_acf_changed":false},"product_brand":[],"product_cat":[2429],"product_tag":[2967],"class_list":{"0":"post-83955","1":"product","2":"type-product","3":"status-publish","4":"has-post-thumbnail","6":"product_cat-ellas","7":"product_tag-rg-assa-abloy","8":"product_shipping_class-tunga-paket","9":"pa_brands-abloy","10":"tm-no-options","12":"first","13":"instock","14":"sale","15":"taxable","16":"shipping-taxable","17":"purchasable","18":"product-type-simple"},"acf":[],"_links":{"self":[{"href":"https:\/\/secureus.se\/es\/wp-json\/wp\/v2\/product\/83955","targetHints":{"allow":["GET"]}}],"collection":[{"href":"https:\/\/secureus.se\/es\/wp-json\/wp\/v2\/product"}],"about":[{"href":"https:\/\/secureus.se\/es\/wp-json\/wp\/v2\/types\/product"}],"wp:featuredmedia":[{"embeddable":true,"href":"https:\/\/secureus.se\/es\/wp-json\/wp\/v2\/media\/139974"}],"wp:attachment":[{"href":"https:\/\/secureus.se\/es\/wp-json\/wp\/v2\/media?parent=83955"}],"wp:term":[{"taxonomy":"product_brand","embeddable":true,"href":"https:\/\/secureus.se\/es\/wp-json\/wp\/v2\/product_brand?post=83955"},{"taxonomy":"product_cat","embeddable":true,"href":"https:\/\/secureus.se\/es\/wp-json\/wp\/v2\/product_cat?post=83955"},{"taxonomy":"product_tag","embeddable":true,"href":"https:\/\/secureus.se\/es\/wp-json\/wp\/v2\/product_tag?post=83955"}],"curies":[{"name":"wp","href":"https:\/\/api.w.org\/{rel}","templated":true}]}}