{"id":83960,"date":"2023-10-05T11:38:23","date_gmt":"2023-10-05T09:38:23","guid":{"rendered":"https:\/\/secureus.se\/?post_type=product&#038;p=83960"},"modified":"2026-04-08T16:46:29","modified_gmt":"2026-04-08T14:46:29","slug":"rokdetektor-optisk-dp721i","status":"publish","type":"product","link":"https:\/\/secureus.se\/es\/rokdetektor-optisk-dp721i\/","title":{"rendered":"Aritech \u2013 Detector de humo \u00f3ptico DP721I"},"content":{"rendered":"<p>DP721I es un detector de humo \u00f3ptico de dos cables con c\u00e1mara de humo reemplazable dise\u00f1ado para su conexi\u00f3n a paneles de control convencionales.<\/p>\n<p>El detector cumple con los requisitos de EN54.<\/p>\n<p>El DP721I funciona seg\u00fan el principio de luz reflejada y la c\u00e1mara de medici\u00f3n patentada proporciona una detecci\u00f3n confiable incluso en una etapa temprana del incendio.<\/p>\n<p>Una vez al d\u00eda se realiza una prueba autom\u00e1tica completa de la electr\u00f3nica y de la c\u00e1mara de medici\u00f3n.<\/p>\n<p>En caso de error, se enciende un LED amarillo en el detector y no se requiere ning\u00fan equipo de prueba especial.<\/p>\n<p>Los cambios en la sensibilidad del detector provocados, por ejemplo, por la contaminaci\u00f3n, se compensan autom\u00e1ticamente.<\/p>\n<p>Esto mantiene la sensibilidad originalmente calibrada seg\u00fan la especificaci\u00f3n EN54 y minimiza el riesgo de falsas alarmas.<\/p>\n<p>Gracias a que la c\u00e1mara de medici\u00f3n es f\u00e1cilmente reemplazable, el servicio y el mantenimiento pueden hacerse m\u00e1s eficientes.<\/p>\n<p>El estado del detector y la necesidad de limpieza se pueden comprobar mediante la funci\u00f3n de prueba incorporada.<\/p>\n<p>Caracter\u00edsticas: Autodiagn\u00f3stico autom\u00e1tico.<\/p>\n<p>Pruebas in situ sin equipo de medici\u00f3n adicional.<\/p>\n<p>Sensor \u00f3ptico con c\u00e1mara que puede reemplazarse in situ y dejarse para reciclar (respetuoso con el medio ambiente).<\/p>\n<p>LED separados para incendio y error.<\/p>\n<p>Puede funcionar con 12-24 VCC.<\/p>\n<p>No sensible a la polaridad.<\/p>\n<p>Alta inmunidad a falsas alarmas.<\/p>\n<p>Salida para indicaci\u00f3n de detector oculto.<\/p>\n<p>Aprobado seg\u00fan EN 54 y certificado CPR.<\/p>\n<p>Datos t\u00e9cnicos: Tensi\u00f3n de alimentaci\u00f3n: 8,5-33 VDC.<\/p>\n<p>Consumo de corriente: 100 \u00b5A a 24 VCC, &lt;60 mA durante alarma.<\/p>\n<p>Dimensiones (\u00d8xAl): 100\u00d750 mm.<\/p>\n<p>Peso: 112 g.<\/p>\n<p>Color: Blanco (RAL 9001).<\/p>\n<p>Normas: EN54-7.<\/p>","protected":false},"excerpt":{"rendered":"<p>DP721I es un detector de humo \u00f3ptico de dos cables con c\u00e1mara de humo reemplazable dise\u00f1ado para su conexi\u00f3n a paneles de control convencionales. El detector cumple con los requisitos de EN54. El DP721I funciona seg\u00fan el principio de luz reflejada y el sistema patentado<\/p>","protected":false},"featured_media":138915,"template":"","meta":{"_acf_changed":false},"product_brand":[],"product_cat":[3373,1756],"product_tag":[],"class_list":{"0":"post-83960","1":"product","2":"type-product","3":"status-publish","4":"has-post-thumbnail","6":"product_cat-rokdetektorer","7":"product_cat-rokdetektorer-kolmonoxid","8":"product_shipping_class-postnord-varubrev","9":"pa_brands-aritech","10":"tm-no-options","12":"first","13":"onbackorder","14":"sale","15":"taxable","16":"shipping-taxable","17":"purchasable","18":"product-type-simple"},"acf":[],"_links":{"self":[{"href":"https:\/\/secureus.se\/es\/wp-json\/wp\/v2\/product\/83960","targetHints":{"allow":["GET"]}}],"collection":[{"href":"https:\/\/secureus.se\/es\/wp-json\/wp\/v2\/product"}],"about":[{"href":"https:\/\/secureus.se\/es\/wp-json\/wp\/v2\/types\/product"}],"wp:featuredmedia":[{"embeddable":true,"href":"https:\/\/secureus.se\/es\/wp-json\/wp\/v2\/media\/138915"}],"wp:attachment":[{"href":"https:\/\/secureus.se\/es\/wp-json\/wp\/v2\/media?parent=83960"}],"wp:term":[{"taxonomy":"product_brand","embeddable":true,"href":"https:\/\/secureus.se\/es\/wp-json\/wp\/v2\/product_brand?post=83960"},{"taxonomy":"product_cat","embeddable":true,"href":"https:\/\/secureus.se\/es\/wp-json\/wp\/v2\/product_cat?post=83960"},{"taxonomy":"product_tag","embeddable":true,"href":"https:\/\/secureus.se\/es\/wp-json\/wp\/v2\/product_tag?post=83960"}],"curies":[{"name":"wp","href":"https:\/\/api.w.org\/{rel}","templated":true}]}}