{"id":83962,"date":"2023-10-05T11:38:27","date_gmt":"2023-10-05T09:38:27","guid":{"rendered":"https:\/\/secureus.se\/?post_type=product&#038;p=83962"},"modified":"2026-04-27T12:21:52","modified_gmt":"2026-04-27T10:21:52","slug":"detektorsockel-db702","status":"publish","type":"product","link":"https:\/\/secureus.se\/es\/detektorsockel-db702\/","title":{"rendered":"BASE DE DETECTOR DB702"},"content":{"rendered":"<p>Z\u00f3calo para detectores con indicaci\u00f3n paralela y salidas de rel\u00e9.<\/p>\n<p>DB702 es un z\u00f3calo para detectores convencionales de la serie 700 de Aritech.<\/p>\n<p>La base est\u00e1 equipada con un puente que permite probar la red de cableado durante la instalaci\u00f3n (NC).<\/p>\n<p>Al montar un detector en la base, el contacto cambia de funci\u00f3n (NO) a monitoreo est\u00e1ndar.<\/p>\n<p>La base est\u00e1 equipada con un mecanismo de bloqueo para proteger contra el desmontaje no autorizado del detector.<\/p>","protected":false},"excerpt":{"rendered":"<p>Z\u00f3calo para detectores con indicaci\u00f3n paralela y salidas de rel\u00e9. DB702 es un z\u00f3calo para detectores convencionales de la serie 700 de Aritech. La base est\u00e1 equipada con un puente que permite probar la red de cableado durante la instalaci\u00f3n (NC). En<\/p>","protected":false},"featured_media":140020,"template":"","meta":{"_acf_changed":false},"product_brand":[],"product_cat":[1756,3373],"product_tag":[],"class_list":{"0":"post-83962","1":"product","2":"type-product","3":"status-publish","4":"has-post-thumbnail","6":"product_cat-rokdetektorer-kolmonoxid","7":"product_cat-rokdetektorer","8":"product_shipping_class-postnord-varubrev","9":"pa_brands-aritech","10":"tm-no-options","12":"first","13":"instock","14":"sale","15":"taxable","16":"shipping-taxable","17":"purchasable","18":"product-type-simple"},"acf":[],"_links":{"self":[{"href":"https:\/\/secureus.se\/es\/wp-json\/wp\/v2\/product\/83962","targetHints":{"allow":["GET"]}}],"collection":[{"href":"https:\/\/secureus.se\/es\/wp-json\/wp\/v2\/product"}],"about":[{"href":"https:\/\/secureus.se\/es\/wp-json\/wp\/v2\/types\/product"}],"wp:featuredmedia":[{"embeddable":true,"href":"https:\/\/secureus.se\/es\/wp-json\/wp\/v2\/media\/140020"}],"wp:attachment":[{"href":"https:\/\/secureus.se\/es\/wp-json\/wp\/v2\/media?parent=83962"}],"wp:term":[{"taxonomy":"product_brand","embeddable":true,"href":"https:\/\/secureus.se\/es\/wp-json\/wp\/v2\/product_brand?post=83962"},{"taxonomy":"product_cat","embeddable":true,"href":"https:\/\/secureus.se\/es\/wp-json\/wp\/v2\/product_cat?post=83962"},{"taxonomy":"product_tag","embeddable":true,"href":"https:\/\/secureus.se\/es\/wp-json\/wp\/v2\/product_tag?post=83962"}],"curies":[{"name":"wp","href":"https:\/\/api.w.org\/{rel}","templated":true}]}}