{"id":84577,"date":"2022-11-18T13:01:46","date_gmt":"2022-11-18T12:01:46","guid":{"rendered":"https:\/\/secureus.se\/produkt\/rfid-tag-pvc-kombi-em4200-mifare1k-2\/"},"modified":"2026-04-02T15:45:51","modified_gmt":"2026-04-02T13:45:51","slug":"rfid-tag-pvc-kombi-em4200-mifare1k-2","status":"publish","type":"product","link":"https:\/\/secureus.se\/es\/rfid-tag-pvc-kombi-em4200-mifare1k-2\/","title":{"rendered":"Etiqueta RFID PVC Blanca Combi EM4200\/Mifare1k"},"content":{"rendered":"<p><strong>Aqu\u00ed tienes una etiqueta con n\u00fameros est\u00e1ndar grabados en la etiqueta para los siguientes sistemas.<\/strong><\/p>\n<p>Para EM4200: RCO Security (R), Axema VAKA (V), Bewator\/Vanderbilt (B), ASSA ARX (S) Para Mifare: RCO (MFR), Axema VAKA (MFV), ASSA, Aptus, Bewator, Axema, Axema VAKA, Vanderbilt y otros (MFD)<br \/>\n<strong>Etiqueta de dise\u00f1o: crea tu estilo \u00fanico<\/strong><\/p>\n<p>Descubra nuestra etiqueta RFID m\u00e1s delgada, Design Tagg, que tiene solo 1,5 mm de grosor. Est\u00e1 fabricado con un material de PVC de alto brillo que le da un acabado incre\u00edblemente elegante y un toque elegante a sus aplicaciones.<strong>Crea tu perfil personal<\/strong><\/p>\n<p>Design Tagg es perfecto para complementar tu vida cotidiana, pero tambi\u00e9n ofrece oportunidades para perfilar tu empresa. A\u00f1ade tu n\u00famero de tel\u00e9fono, eslogan o promociona eventos especiales con fechas y horarios de apertura. S\u00f3lo tu imaginaci\u00f3n establece los l\u00edmites de c\u00f3mo puedes usarlo.<\/p>\n<p><strong>Fabricaci\u00f3n de alta calidad al estilo de una tarjeta bancaria.<\/strong><\/p>\n<p>Fabricamos Design Tag utilizando la misma tecnolog\u00eda que se utiliza para tarjetas bancarias y de cr\u00e9dito. Esto significa que est\u00e1 hecho de material de PVC y se puede imprimir con cualquier dise\u00f1o que desees. Luego, se aplica una capa pl\u00e1stica protectora sobre la impresi\u00f3n para garantizar su calidad y funcionalidad.<\/p>\n<p><strong>Tiempo de producci\u00f3n: Aproximadamente 3 semanas<\/strong>Tenga en cuenta que debido al proceso de fabricaci\u00f3n \u00fanico de cada cliente, nuestra etiqueta RFID \u201cPVC\/Dise\u00f1o\u201d no se puede enviar r\u00e1pidamente. Queremos ofrecerle el mejor producto posible y por eso tardamos aproximadamente 3 semanas en fabricar su etiqueta personalizada.<\/p>\n<p><strong>Incluido en el precio: Personalizaci\u00f3n y grabado.<\/strong><\/p>\n<p>Cuando elige Design Tagg, puede contar con una personalizaci\u00f3n completa seg\u00fan sus necesidades. Env\u00edanos tu foto, logotipo o texto y crearemos una prueba digital para tu aprobaci\u00f3n. Tambi\u00e9n grabamos sus n\u00fameros de sistema para sistemas de acceso, alarmas o n\u00fameros de serie completamente seg\u00fan sus deseos: todo est\u00e1 incluido en el precio.<\/p>\n<p><strong>Chip original de alta calidad para mayor confiabilidad y seguridad.<\/strong><\/p>\n<p>Para garantizar la fiabilidad y la seguridad, nuestra etiqueta RFID \u201cDise\u00f1o \/ PVC\u201d est\u00e1 equipada con el chip original de la m\u00e1s alta calidad. S\u00f3lo seleccionamos chips originales de fabricantes reconocidos para cumplir con los m\u00e1s altos est\u00e1ndares. Con nuestras etiquetas RFID, puede estar seguro de que est\u00e1 obteniendo un producto que ofrece un rendimiento confiable y eficiente. Siempre nos esforzamos por ofrecer la mejor tecnolog\u00eda y compatibilidad para garantizar que nuestras etiquetas RFID funcionen de forma segura y satisfagan sus necesidades a largo plazo.<\/p>","protected":false},"excerpt":{"rendered":"<p>Puede proporcionar esta etiqueta con su propio dise\u00f1o exclusivo si compra m\u00e1s de 500 etiquetas.<\/p>","protected":false},"featured_media":141549,"template":"","meta":{"_acf_changed":false},"product_brand":[],"product_cat":[4786,1324,4534],"product_tag":[2642,2958],"class_list":{"0":"post-84577","1":"product","2":"type-product","3":"status-publish","4":"has-post-thumbnail","6":"product_cat-mifare1kem4200-tagg","7":"product_cat-outlet","8":"product_cat-pvc","9":"product_tag-500-moq-design-pvc","10":"product_tag-stonehouse-produkt","11":"product_shipping_class-postnord-varubrev","12":"pa_brands-stonehouse-security","13":"pa_chip-teknik-kombi-em4200mifare1k","14":"pa_farg-vit","15":"tm-no-options","17":"first","18":"instock","19":"sale","20":"featured","21":"taxable","22":"shipping-taxable","23":"purchasable","24":"product-type-simple"},"acf":[],"_links":{"self":[{"href":"https:\/\/secureus.se\/es\/wp-json\/wp\/v2\/product\/84577","targetHints":{"allow":["GET"]}}],"collection":[{"href":"https:\/\/secureus.se\/es\/wp-json\/wp\/v2\/product"}],"about":[{"href":"https:\/\/secureus.se\/es\/wp-json\/wp\/v2\/types\/product"}],"wp:featuredmedia":[{"embeddable":true,"href":"https:\/\/secureus.se\/es\/wp-json\/wp\/v2\/media\/141549"}],"wp:attachment":[{"href":"https:\/\/secureus.se\/es\/wp-json\/wp\/v2\/media?parent=84577"}],"wp:term":[{"taxonomy":"product_brand","embeddable":true,"href":"https:\/\/secureus.se\/es\/wp-json\/wp\/v2\/product_brand?post=84577"},{"taxonomy":"product_cat","embeddable":true,"href":"https:\/\/secureus.se\/es\/wp-json\/wp\/v2\/product_cat?post=84577"},{"taxonomy":"product_tag","embeddable":true,"href":"https:\/\/secureus.se\/es\/wp-json\/wp\/v2\/product_tag?post=84577"}],"curies":[{"name":"wp","href":"https:\/\/api.w.org\/{rel}","templated":true}]}}