{"id":84582,"date":"2022-11-18T11:51:52","date_gmt":"2022-11-18T10:51:52","guid":{"rendered":"https:\/\/secureus.se\/produkt\/rfid-tag-pvc-em4200\/"},"modified":"2026-04-02T15:48:14","modified_gmt":"2026-04-02T13:48:14","slug":"tagg-em4200-pvc-design","status":"publish","type":"product","link":"https:\/\/secureus.se\/es\/tagg-em4200-pvc-design\/","title":{"rendered":"Dise\u00f1o de PVC EM4200 - Grosor de tarjeta de cr\u00e9dito de 1,5 mm (EM 125 kHz)"},"content":{"rendered":"<h1>Dise\u00f1o de PVC EM4200 - Grosor de tarjeta de cr\u00e9dito de 1,5 mm (EM 125 kHz)<\/h1>\n<p><strong>La etiqueta m\u00e1s fina y elegante: se siente exactamente como una tarjeta bancaria.<\/strong><br \/>\nPVC de alto brillo con capa protectora de pl\u00e1stico. Se suministra de serie completamente brillante o con n\u00fameros opcionales.<\/p>\n<div style=\"background: #f4f9ff;border: 2px solid #0066cc;border-radius: 12px;padding: 20px;margin: 30px 0;text-align: center\">\n<h3 style=\"margin: 0 0 12px 0;color: #003366\">\u00bfNo est\u00e1 seguro si tiene EM o Mifare?<\/h3>\n<p style=\"margin: 8px 0;font-size: 1.05em;color: #333\">Pruebe ambas t\u00e9cnicas en casa por solo <strong>69 coronas<\/strong><br \/>\nDevoluci\u00f3n de dinero al comprar 100 o m\u00e1s<\/p>\n<p><a style=\"display: inline-block;background: #0066cc;color: white;font-weight: bold;padding: 14px 32px;border-radius: 8px;text-decoration: none;margin: 15px 0;font-size: 1.1em\" href=\"\/es\/testtagg-em-mifare\/\" target=\"_blank\" rel=\"noopener\">Compre la etiqueta de prueba ahora \u2013 69 kr<br \/>\n<\/a><\/p>\n<\/div>\n<h2>Sistemas compatibles y prefijos EM m\u00e1s comunes<\/h2>\n<table style=\"width: 100%;border-collapse: collapse;font-size: 0.96em;margin: 20px 0\">\n<tbody>\n<tr style=\"background: #f5f5f5\">\n<th style=\"text-align: left;padding: 10px\">Sistema<\/th>\n<th style=\"text-align: left;padding: 10px\">Prefijo m\u00e1s com\u00fan<\/th>\n<\/tr>\n<tr>\n<td style=\"padding: 10px\">Aptus<\/td>\n<td><strong>A<\/strong> + n\u00famero<\/td>\n<\/tr>\n<tr style=\"background: #f9f9f9\">\n<td>ASSA ARX \/ S\u00f3lido \/ Entro<\/td>\n<td><strong>S<\/strong> + n\u00famero<\/td>\n<\/tr>\n<tr>\n<td>Axema DESPIERTA<\/td>\n<td><strong>V<\/strong> + n\u00famero<\/td>\n<\/tr>\n<tr style=\"background: #f9f9f9\">\n<td>Axema (otro)<\/td>\n<td><strong>OREJA<\/strong> + n\u00famero<\/td>\n<\/tr>\n<tr>\n<td>Paxton<\/td>\n<td><strong>PAG<\/strong> + n\u00famero<\/td>\n<\/tr>\n<tr style=\"background: #f9f9f9\">\n<td>Seguridad RCO<\/td>\n<td><strong>R<\/strong> + n\u00famero<\/td>\n<\/tr>\n<tr>\n<td>M\u00e1quina del tiempo<\/td>\n<td><strong>T<\/strong> + n\u00famero<\/td>\n<\/tr>\n<tr style=\"background: #f9f9f9\">\n<td>Vanderbilt\/Bewator<\/td>\n<td><strong>B<\/strong> + n\u00famero<\/td>\n<\/tr>\n<tr style=\"background: #f5f5f5\">\n<td>Sistema propio<\/td>\n<td>Ingrese opcional<\/td>\n<\/tr>\n<\/tbody>\n<\/table>\n<div style=\"background: #fff8e1;border-left: 5px solid #ffb300;padding: 18px;margin: 30px 0\">\n<p style=\"margin: 0 0 10px 0;font-size: 1.05em\"><strong>\u00bfQuieres tu propio dise\u00f1o o logotipo?<\/strong><\/p>\n<p style=\"margin: 0\">\u2192 Pedido m\u00ednimo: 500 unidades.<br \/>\n\u2192 Cont\u00e1ctanos en <a href=\"mailto:secureus@secureus.se\">secureus@secureus.se<\/a> o llame al 031 70 70 201 para solicitar un presupuesto<br \/>\n\u2192 Por supuesto, tambi\u00e9n podemos producir con n\u00fameros de sistema, n\u00fameros de serie, etc. predefinidos (por ejemplo, A0001\u2013A1000).<\/p>\n<\/div>\n<div style=\"background: #fff3e0;border: 2px solid #ff9800;border-radius: 10px;padding: 18px;margin: 30px 0\">\n<p style=\"margin: 0;font-size: 1.05em\"><strong>\u00bfNecesitas un n\u00famero de sistema en la etiqueta?<\/strong><br \/>\n\u2192 Entonces puedes elegir en su lugar: <a style=\"font-weight: bold;text-decoration: underline\" href=\"\/es\/rfid-tag-pvc-em4200-stnd-nr\/\">PVC con n\u00fameros preimpresos aqu\u00ed<\/a><\/p>\n<\/div>\n<h2>Por eso mucha gente elige el dise\u00f1o de PVC.<\/h2>\n<ul>\n<li>Solo <strong>1,5 mm<\/strong> Delgado, se siente como una tarjeta real<\/li>\n<li>Acabado de alto brillo con capa protectora de pl\u00e1stico.<\/li>\n<li>Perfecta como tarjeta de membres\u00eda, tarjeta de empleado o tarjeta de visita con acceso.<\/li>\n<li>Chip original de EM Microelectronic<\/li>\n<\/ul>\n<h2>Especificaciones t\u00e9cnicas<\/h2>\n<table style=\"width: 100%;border-collapse: collapse;margin: 20px 0\">\n<tbody>\n<tr>\n<td><strong>Chip<\/strong><\/td>\n<td>EM4200 original<\/td>\n<\/tr>\n<tr>\n<td><strong>Frecuencia<\/strong><\/td>\n<td>125 kHz<\/td>\n<\/tr>\n<tr>\n<td><strong>Material<\/strong><\/td>\n<td>PVC de alto brillo + capa protectora<\/td>\n<\/tr>\n<tr>\n<td><strong>Espesor<\/strong><\/td>\n<td>1,5 mm<\/td>\n<\/tr>\n<tr>\n<td><strong>Impresi\u00f3n\/grabado<\/strong><\/td>\n<td>No es posible con productos en stock; solo para pedidos especiales de 500 unidades o m\u00e1s.<\/td>\n<\/tr>\n<\/tbody>\n<\/table>\n<h2>Entrega<\/h2>\n<ul>\n<li>Producto en stock: <strong>1\u20133 d\u00edas h\u00e1biles<\/strong><\/li>\n<li>Dise\u00f1o propio \u2265500 unidades: presupuesto y plazo de entrega aproximado de 3 a 4 semanas.<\/li>\n<li>Env\u00edo gratuito a partir de 1000 SEK<\/li>\n<\/ul>","protected":false},"excerpt":{"rendered":"<p><strong>EM4200 Dise\u00f1o de PVC - Grosor de tarjeta de cr\u00e9dito de 1,5 mm (EM 125 kHz)<\/strong><\/p>\n<p>PVC de alto brillo \u2219 Chip original EM Microelectronic<br \/>\nDise\u00f1o e impresi\u00f3n personalizados a partir de 500 piezas: cont\u00e1ctenos para solicitar un presupuesto.<\/p>\n<p style=\"color: #d32f2f;font-size: 0.95em;margin-top: 8px\">Funkar <strong>no<\/strong> en los sistemas Mifare<\/p>","protected":false},"featured_media":141857,"template":"","meta":{"_acf_changed":false},"product_brand":[],"product_cat":[4783,1324,4534],"product_tag":[2642,2958],"class_list":{"0":"post-84582","1":"product","2":"type-product","3":"status-publish","4":"has-post-thumbnail","6":"product_cat-em4200-tagg","7":"product_cat-outlet","8":"product_cat-pvc","9":"product_tag-500-moq-design-pvc","10":"product_tag-stonehouse-produkt","11":"product_shipping_class-postnord-varubrev","12":"pa_brands-stonehouse-security","13":"pa_chip-teknik-em4200-kompatibelt-med-4100-4102-och-4305","14":"pa_farg-svart","15":"tm-no-options","17":"first","18":"instock","19":"sale","20":"featured","21":"taxable","22":"shipping-taxable","23":"purchasable","24":"product-type-simple"},"acf":[],"_links":{"self":[{"href":"https:\/\/secureus.se\/es\/wp-json\/wp\/v2\/product\/84582","targetHints":{"allow":["GET"]}}],"collection":[{"href":"https:\/\/secureus.se\/es\/wp-json\/wp\/v2\/product"}],"about":[{"href":"https:\/\/secureus.se\/es\/wp-json\/wp\/v2\/types\/product"}],"wp:featuredmedia":[{"embeddable":true,"href":"https:\/\/secureus.se\/es\/wp-json\/wp\/v2\/media\/141857"}],"wp:attachment":[{"href":"https:\/\/secureus.se\/es\/wp-json\/wp\/v2\/media?parent=84582"}],"wp:term":[{"taxonomy":"product_brand","embeddable":true,"href":"https:\/\/secureus.se\/es\/wp-json\/wp\/v2\/product_brand?post=84582"},{"taxonomy":"product_cat","embeddable":true,"href":"https:\/\/secureus.se\/es\/wp-json\/wp\/v2\/product_cat?post=84582"},{"taxonomy":"product_tag","embeddable":true,"href":"https:\/\/secureus.se\/es\/wp-json\/wp\/v2\/product_tag?post=84582"}],"curies":[{"name":"wp","href":"https:\/\/api.w.org\/{rel}","templated":true}]}}