{"id":84717,"date":"2023-10-17T14:18:37","date_gmt":"2023-10-17T12:18:37","guid":{"rendered":"https:\/\/secureus.se\/produkt\/stromstallare-trapp\/"},"modified":"2026-04-07T12:54:06","modified_gmt":"2026-04-07T10:54:06","slug":"stromstallare-trapp","status":"publish","type":"product","link":"https:\/\/secureus.se\/es\/stromstallare-trapp\/","title":{"rendered":"Interruptor de escalera"},"content":{"rendered":"<p>Interruptor de escalera Exxact con balanc\u00edn cuadrado, liberaci\u00f3n r\u00e1pida, para montaje inf IP20 en caja de dispositivo c\/c de 60 mm.<\/p>\n<p>Para el montaje en superficie, se utiliza una caja de 21 mm.<\/p>\n<p>El interruptor no tiene terminales neutrales.<\/p>\n<p>Forma de entrega: embalaje a granel de 50 uds.<\/p>\n<p>Blanco<\/p>","protected":false},"excerpt":{"rendered":"<p>Interruptor de escalera Exxact con balanc\u00edn cuadrado, liberaci\u00f3n r\u00e1pida, para montaje inf IP20 en caja de dispositivo c\/c de 60 mm. Para el montaje en superficie, se utiliza una caja de 21 mm. El interruptor no tiene terminales neutrales. Forma de entrega: embalaje a granel de 50 uds.<\/p>","protected":false},"featured_media":139313,"template":"","meta":{"_acf_changed":false},"product_brand":[],"product_cat":[4826],"product_tag":[3129],"class_list":{"0":"post-84717","1":"product","2":"type-product","3":"status-publish","4":"has-post-thumbnail","6":"product_cat-exxact","7":"product_tag-stromstallare-utan-logo","8":"product_shipping_class-postnord-varubrev","9":"pa_brands-schneider-electric","10":"tm-no-options","12":"first","13":"instock","14":"sale","15":"featured","16":"taxable","17":"shipping-taxable","18":"purchasable","19":"product-type-simple"},"acf":[],"_links":{"self":[{"href":"https:\/\/secureus.se\/es\/wp-json\/wp\/v2\/product\/84717","targetHints":{"allow":["GET"]}}],"collection":[{"href":"https:\/\/secureus.se\/es\/wp-json\/wp\/v2\/product"}],"about":[{"href":"https:\/\/secureus.se\/es\/wp-json\/wp\/v2\/types\/product"}],"wp:featuredmedia":[{"embeddable":true,"href":"https:\/\/secureus.se\/es\/wp-json\/wp\/v2\/media\/139313"}],"wp:attachment":[{"href":"https:\/\/secureus.se\/es\/wp-json\/wp\/v2\/media?parent=84717"}],"wp:term":[{"taxonomy":"product_brand","embeddable":true,"href":"https:\/\/secureus.se\/es\/wp-json\/wp\/v2\/product_brand?post=84717"},{"taxonomy":"product_cat","embeddable":true,"href":"https:\/\/secureus.se\/es\/wp-json\/wp\/v2\/product_cat?post=84717"},{"taxonomy":"product_tag","embeddable":true,"href":"https:\/\/secureus.se\/es\/wp-json\/wp\/v2\/product_tag?post=84717"}],"curies":[{"name":"wp","href":"https:\/\/api.w.org\/{rel}","templated":true}]}}