{"id":84844,"date":"2023-10-23T14:30:19","date_gmt":"2023-10-23T12:30:19","guid":{"rendered":"https:\/\/secureus.se\/produkt\/armbagsbrytare-jck205-plast\/"},"modified":"2026-04-07T12:55:49","modified_gmt":"2026-04-07T10:55:49","slug":"armbagskontakt-jck205-plast","status":"publish","type":"product","link":"https:\/\/secureus.se\/es\/armbagskontakt-jck205-plast\/","title":{"rendered":"Conector de codo \u2013 Pl\u00e1stico ABS \u2013 JCK205"},"content":{"rendered":"<h1 class=\"product_title entry-title elementor-heading-title elementor-size-default\">Conector de codo \u2013 Pl\u00e1stico ABS \u2013 JCK205<\/h1>\n<p>Modelo robusto en pl\u00e1stico ABS con placa de presi\u00f3n convexa y ranuras t\u00e1ctiles de serie.<\/p>\n<p>Las ranuras facilitan que las personas con discapacidad visual sepan d\u00f3nde presionar para activar el interruptor del codo.<\/p>\n<p>El modelo tiene una tapa de color aluminio y un fondo gris oscuro.<\/p>\n<p>JCK205 se entrega con 1 microinterruptor en IP67, pero tambi\u00e9n se puede pedir con m\u00e1s.<\/p>\n<section>\n<h3>Especificaciones t\u00e9cnicas<\/h3>\n<ul>\n<li>Hecho en Suecia.<\/li>\n<li>Material: Pl\u00e1stico ABS reciclable.<\/li>\n<li>Dimensiones l\/a\/al: 250x95x25 mm.<\/li>\n<li>Microinterruptor: Est\u00e1ndar 1pc NO IP67. Se puede pedir con 2 piezas, as\u00ed como con NO\/NC.<\/li>\n<\/ul>\n<\/section>","protected":false},"excerpt":{"rendered":"<p>Conector de codo de pl\u00e1stico con placa de presi\u00f3n convexa y ranuras t\u00e1ctiles.<\/p>\n<p>Placa de impresi\u00f3n de color aluminio y marco gris oscuro.<\/p>","protected":false},"featured_media":139952,"template":"","meta":{"_acf_changed":false},"product_brand":[],"product_cat":[4705,1422],"product_tag":[2989],"class_list":{"0":"post-84844","1":"product","2":"type-product","3":"status-publish","4":"has-post-thumbnail","6":"product_cat-abs-plast","7":"product_cat-armbagskontakter-dorrautomatik","8":"product_tag-egen-logo-ej-taggar-kort","9":"product_shipping_class-postnord-varubrev","10":"pa_brands-jc-kontakter","11":"tm-has-options","13":"first","14":"instock","15":"sale","16":"featured","17":"taxable","18":"shipping-taxable","19":"purchasable","20":"product-type-simple"},"acf":[],"_links":{"self":[{"href":"https:\/\/secureus.se\/es\/wp-json\/wp\/v2\/product\/84844","targetHints":{"allow":["GET"]}}],"collection":[{"href":"https:\/\/secureus.se\/es\/wp-json\/wp\/v2\/product"}],"about":[{"href":"https:\/\/secureus.se\/es\/wp-json\/wp\/v2\/types\/product"}],"wp:featuredmedia":[{"embeddable":true,"href":"https:\/\/secureus.se\/es\/wp-json\/wp\/v2\/media\/139952"}],"wp:attachment":[{"href":"https:\/\/secureus.se\/es\/wp-json\/wp\/v2\/media?parent=84844"}],"wp:term":[{"taxonomy":"product_brand","embeddable":true,"href":"https:\/\/secureus.se\/es\/wp-json\/wp\/v2\/product_brand?post=84844"},{"taxonomy":"product_cat","embeddable":true,"href":"https:\/\/secureus.se\/es\/wp-json\/wp\/v2\/product_cat?post=84844"},{"taxonomy":"product_tag","embeddable":true,"href":"https:\/\/secureus.se\/es\/wp-json\/wp\/v2\/product_tag?post=84844"}],"curies":[{"name":"wp","href":"https:\/\/api.w.org\/{rel}","templated":true}]}}