{"id":84854,"date":"2023-03-27T11:53:50","date_gmt":"2023-03-27T09:53:50","guid":{"rendered":"https:\/\/secureus.se\/produkt\/ir-detektor-blueline-12m-isc-bpr2-w12\/"},"modified":"2026-04-01T14:40:29","modified_gmt":"2026-04-01T12:40:29","slug":"ir-detektor-blueline-12m-isc-bpr2-w12","status":"publish","type":"product","link":"https:\/\/secureus.se\/es\/ir-detektor-blueline-12m-isc-bpr2-w12\/","title":{"rendered":"Bosch Blueline 12M ISC-BPR2-W12 12 metros 90 grados con espacio de acceso"},"content":{"rendered":"<h1>Bosch Blueline 12M ISC-BPR2-W12 12 metros 90 grados con espacio de acceso<\/h1>\n<p data-start=\"283\" data-end=\"1267\">El Bosch Blueline 12M ISC-BPR2-W12 es un detector PIR avanzado que ofrece un \u00e1rea de cobertura de 12\u00d712 metros y una zona de rastreo seleccionable.<\/p>\n<p data-start=\"283\" data-end=\"1267\">Mediante el uso de dos lentes Fresnel dise\u00f1adas para proporcionar im\u00e1genes n\u00edtidas y enfocadas en toda el \u00e1rea de cobertura, ofrece una detecci\u00f3n \u00f3ptima de intrusos.<br data-start=\"625\" data-end=\"628\" \/>Las dos lentes crean un patr\u00f3n de alta resoluci\u00f3n con 77 zonas de detecci\u00f3n, lo que permite al detector identificar el movimiento con alta precisi\u00f3n y seguridad.<\/p>\n<p data-start=\"283\" data-end=\"1267\">Esto da como resultado siete cortinas de detecci\u00f3n fijas y una zona de rastreo flexible, lo que permite personalizar el detector para adaptarse a diferentes necesidades de instalaci\u00f3n.<br data-start=\"941\" data-end=\"944\" \/>Con f\u00e1cil instalaci\u00f3n y opciones de montaje flexibles, este detector es perfecto para proporcionar detecci\u00f3n de \u00faltima generaci\u00f3n en entornos comerciales y residenciales.<\/p>\n<p data-start=\"283\" data-end=\"1267\">El ISC-BPR2-W12 tambi\u00e9n cuenta con la certificaci\u00f3n SBSC y cumple con la norma EN50130-5 Clase II para garantizar que el producto cumpla con altos est\u00e1ndares de seguridad y confiabilidad.<\/p>\n<p data-start=\"1269\" data-end=\"1299\"><strong data-start=\"1269\" data-end=\"1297\">Caracter\u00edsticas y beneficios:<\/strong><\/p>\n<ul data-start=\"1300\" data-end=\"1634\">\n<li data-start=\"1300\" data-end=\"1372\">\n<p data-start=\"1302\" data-end=\"1372\">\u00c1rea de cobertura de 12 \u00d7 12 m y zona de rastreo seleccionable para una instalaci\u00f3n flexible<\/p>\n<\/li>\n<li data-start=\"1373\" data-end=\"1449\">\n<p data-start=\"1375\" data-end=\"1449\">77 zonas de detecci\u00f3n para patrones de alta resoluci\u00f3n y mayor precisi\u00f3n de detecci\u00f3n<\/p>\n<\/li>\n<li data-start=\"1450\" data-end=\"1515\">\n<p data-start=\"1452\" data-end=\"1515\">Siete cortinas de detecci\u00f3n fijas para una detecci\u00f3n segura y precisa<\/p>\n<\/li>\n<li data-start=\"1516\" data-end=\"1573\">\n<p data-start=\"1518\" data-end=\"1573\">F\u00e1cil instalaci\u00f3n y opciones de montaje flexibles.<\/p>\n<\/li>\n<li data-start=\"1574\" data-end=\"1634\">\n<p data-start=\"1576\" data-end=\"1634\">Certificado por SBSC y cumple con los est\u00e1ndares EN50130-5 Clase II<\/p>\n<\/li>\n<\/ul>\n<p data-start=\"1636\" data-end=\"1667\"><strong data-start=\"1636\" data-end=\"1665\">Especificaciones t\u00e9cnicas:<\/strong><\/p>\n<ul data-start=\"1668\" data-end=\"2167\">\n<li data-start=\"1668\" data-end=\"1696\">\n<p data-start=\"1670\" data-end=\"1696\">\u00c1rea de cobertura: 12\u00d712 m<\/p>\n<\/li>\n<li data-start=\"1697\" data-end=\"1751\">\n<p data-start=\"1699\" data-end=\"1751\">Consumo de energ\u00eda (suspensi\u00f3n\/alarma): 10 mA a 12 VCC<\/p>\n<\/li>\n<li data-start=\"1752\" data-end=\"1791\">\n<p data-start=\"1754\" data-end=\"1791\">Voltaje (de funcionamiento): 9 a 15 VCC<\/p>\n<\/li>\n<li data-start=\"1792\" data-end=\"1845\">\n<p data-start=\"1794\" data-end=\"1845\">Humedad relativa: 0\u201395 %, sin condensaci\u00f3n<\/p>\n<\/li>\n<li data-start=\"1846\" data-end=\"1889\">\n<p data-start=\"1848\" data-end=\"1889\">Temperatura (de funcionamiento): -30 a +55 \u00b0C<\/p>\n<\/li>\n<li data-start=\"1890\" data-end=\"1903\">\n<p data-start=\"1892\" data-end=\"1903\">Color: blanco<\/p>\n<\/li>\n<li data-start=\"1904\" data-end=\"1930\">\n<p data-start=\"1906\" data-end=\"1930\">Dimensiones: 105 x 61 x 44 mm<\/p>\n<\/li>\n<li data-start=\"1931\" data-end=\"2036\">\n<p data-start=\"1933\" data-end=\"2036\">Rel\u00e9: de estado s\u00f3lido, contactos normalmente cerrados (NC) monitoreados para = 100 mA, 25 VCC, 2,5 W, &lt;20 ohmios cerrado<\/p>\n<\/li>\n<li data-start=\"2037\" data-end=\"2116\">\n<p data-start=\"2039\" data-end=\"2116\">Protecci\u00f3n contra manipulaciones: contactos normalmente cerrados (NC) para m\u00e1x. = 100 mA, 25 VCC, 2,5 W<\/p>\n<\/li>\n<li data-start=\"2117\" data-end=\"2167\">\n<p data-start=\"2119\" data-end=\"2167\">Aprobaciones: Certificado SBSC, EN50130-5 Clase II<\/p>\n<\/li>\n<\/ul>","protected":false},"excerpt":{"rendered":"<p>Detector PIR con \u00e1rea de cobertura de 12\u00d712 m y zona de rastreo seleccionable.<\/p>\n<p>Instalaci\u00f3n flexible, detecci\u00f3n de alta resoluci\u00f3n y protecci\u00f3n contra manipulaciones.<\/p>","protected":false},"featured_media":140479,"template":"","meta":{"_acf_changed":false},"product_brand":[],"product_cat":[1325],"product_tag":[2145,2418,2465],"class_list":{"0":"post-84854","1":"product","2":"type-product","3":"status-publish","4":"has-post-thumbnail","6":"product_cat-larmgivare-skalskydd","7":"product_tag-rorelsedetektor-ir-detektorer","8":"product_tag-rel-larmgivare","9":"product_tag-sbsc-larmklass2","10":"product_shipping_class-postnord-varubrev","11":"pa_brands-bosch","12":"tm-no-options","14":"first","15":"instock","16":"sale","17":"featured","18":"taxable","19":"shipping-taxable","20":"purchasable","21":"product-type-simple"},"acf":[],"_links":{"self":[{"href":"https:\/\/secureus.se\/es\/wp-json\/wp\/v2\/product\/84854","targetHints":{"allow":["GET"]}}],"collection":[{"href":"https:\/\/secureus.se\/es\/wp-json\/wp\/v2\/product"}],"about":[{"href":"https:\/\/secureus.se\/es\/wp-json\/wp\/v2\/types\/product"}],"wp:featuredmedia":[{"embeddable":true,"href":"https:\/\/secureus.se\/es\/wp-json\/wp\/v2\/media\/140479"}],"wp:attachment":[{"href":"https:\/\/secureus.se\/es\/wp-json\/wp\/v2\/media?parent=84854"}],"wp:term":[{"taxonomy":"product_brand","embeddable":true,"href":"https:\/\/secureus.se\/es\/wp-json\/wp\/v2\/product_brand?post=84854"},{"taxonomy":"product_cat","embeddable":true,"href":"https:\/\/secureus.se\/es\/wp-json\/wp\/v2\/product_cat?post=84854"},{"taxonomy":"product_tag","embeddable":true,"href":"https:\/\/secureus.se\/es\/wp-json\/wp\/v2\/product_tag?post=84854"}],"curies":[{"name":"wp","href":"https:\/\/api.w.org\/{rel}","templated":true}]}}