{"id":84858,"date":"2023-02-20T14:25:13","date_gmt":"2023-02-20T13:25:13","guid":{"rendered":"https:\/\/secureus.se\/produkt\/flx-s-dt-flipx-standard-indoor-pir-with-dual-technology\/"},"modified":"2026-05-04T09:09:46","modified_gmt":"2026-05-04T07:09:46","slug":"optex-flx-s-dt-flipx-standard-indoor-pir","status":"publish","type":"product","link":"https:\/\/secureus.se\/es\/optex-flx-s-dt-flipx-standard-indoor-pir\/","title":{"rendered":"Optex FLX-S-DT FlipX Detector combinado PIR + Microondas 15 m 85 grados o haz de 24 metros de largo"},"content":{"rendered":"<h1>El Optex FLX-S-DT es parte de la nueva serie FlipX Standard, conocida por sus innovadores sensores que ofrecen una combinaci\u00f3n de tecnolog\u00eda PIR (infrarrojo pasivo) y microondas.<\/h1>\n<p>Esta tecnolog\u00eda dual mejora la precisi\u00f3n y confiabilidad de la detecci\u00f3n, lo que la hace ideal para su uso en entornos interiores desafiantes, donde la interferencia y los cambios de temperatura pueden afectar la tecnolog\u00eda PIR tradicional.<\/p>\n<p>El detector est\u00e1 equipado con una lente giratoria, que proporciona un alto grado de flexibilidad al permitirle ajustar el \u00e1rea de detecci\u00f3n desde un \u00e1ngulo de visi\u00f3n m\u00e1s amplio de 12 metros, 85 grados, a una detecci\u00f3n m\u00e1s estrecha y enfocada de hasta 18 metros.<\/p>\n<p>Esta capacidad de ajuste permite que el FLX-S-DT cubra una variedad de necesidades de instalaci\u00f3n, ya sean habitaciones grandes o pasillos estrechos.<\/p>\n<p>Con el nuevo elemento piroel\u00e9ctrico del FLX-S-DT, obtiene una tolerancia superior a las mascotas y un rendimiento mejorado en la captura de personas, lo que hace que sea m\u00e1s f\u00e1cil ignorar los movimientos de mascotas m\u00e1s peque\u00f1as sin comprometer la seguridad.<\/p>\n<p>Esto hace que el sensor sea especialmente \u00fatil en hogares con mascotas, donde las falsas alarmas pueden ser un problema con los detectores tradicionales.<\/p>\n<p>El Optex FLX-S-DT tambi\u00e9n est\u00e1 dise\u00f1ado con una funcionalidad antiinterferencias avanzada y un indicador LED mejorado que permite al usuario ver m\u00e1s f\u00e1cilmente el estado del dispositivo incluso desde larga distancia.<\/p>\n<p>Tambi\u00e9n utiliza el algoritmo patentado SMDA, que ayuda al sensor a comprender y analizar los cambios ambientales y eliminar eficazmente las causas de falsas alarmas, como reflejos de luz o sombras.<\/p>\n<p>La instalaci\u00f3n del FLX-S-DT es sencilla y r\u00e1pida, y el detector se puede montar en una pared o en el techo seg\u00fan las necesidades.<\/p>\n<p>Con su construcci\u00f3n robusta y su capacidad de adaptar la detecci\u00f3n a diferentes entornos y necesidades espec\u00edficas del usuario, este sensor PIR es perfecto tanto para viviendas particulares como para peque\u00f1as propiedades comerciales.<\/p>\n<p>Adem\u00e1s, tiene una larga vida \u00fatil y se puede instalar a una altura de entre 2 y 3 metros, lo que lo convierte en una soluci\u00f3n flexible para una variedad de necesidades de seguridad.<\/p>\n<p><strong>Especificaciones t\u00e9cnicas:<\/strong><\/p>\n<ul>\n<li><strong>Tecnolog\u00eda de detecci\u00f3n:<\/strong> Detecci\u00f3n PIR y microondas (Dual-Tech)<\/li>\n<li><strong>Rango de detecci\u00f3n:<\/strong> Hasta 12 metros de ancho, 18 metros de estrecho.<\/li>\n<li><strong>Lente giratoria:<\/strong> S\u00ed, para ajustar el \u00e1rea de detecci\u00f3n<\/li>\n<li><strong>Tolerancia a las mascotas:<\/strong> S\u00ed, con elemento piroel\u00e9ctrico mejorado.<\/li>\n<li><strong>Altura de montaje:<\/strong> 2\u20133 metros<\/li>\n<li><strong>Caracter\u00edsticas:<\/strong> Algoritmo SMDA para minimizar falsas alarmas, sistema antiinterferencias, indicador de estado LED<\/li>\n<li><strong>Fuente de alimentaci\u00f3n:<\/strong> 12 V CC<\/li>\n<li><strong>Rango de temperatura:<\/strong> -20\u00b0C a +50\u00b0C<\/li>\n<\/ul>","protected":false},"excerpt":{"rendered":"<p>Optex FLX-S-DT es un detector PIR avanzado con tecnolog\u00eda dual (PIR + detecci\u00f3n de microondas) para uso en interiores.<\/p>\n<p>Equipado con una lente giratoria que le permite ajustar f\u00e1cilmente el \u00e1rea de detecci\u00f3n, el detector es una opci\u00f3n perfecta tanto para instalaciones residenciales como para peque\u00f1as instalaciones comerciales.<\/p>","protected":false},"featured_media":138481,"template":"","meta":{"_acf_changed":false},"product_brand":[],"product_cat":[1325],"product_tag":[2989,2145,2465],"class_list":{"0":"post-84858","1":"product","2":"type-product","3":"status-publish","4":"has-post-thumbnail","6":"product_cat-larmgivare-skalskydd","7":"product_tag-egen-logo-ej-taggar-kort","8":"product_tag-rorelsedetektor-ir-detektorer","9":"product_tag-sbsc-larmklass2","10":"product_shipping_class-postnord-varubrev","11":"pa_brands-optex","12":"tm-no-options","14":"first","15":"instock","16":"featured","17":"taxable","18":"shipping-taxable","19":"purchasable","20":"product-type-simple"},"acf":[],"_links":{"self":[{"href":"https:\/\/secureus.se\/es\/wp-json\/wp\/v2\/product\/84858","targetHints":{"allow":["GET"]}}],"collection":[{"href":"https:\/\/secureus.se\/es\/wp-json\/wp\/v2\/product"}],"about":[{"href":"https:\/\/secureus.se\/es\/wp-json\/wp\/v2\/types\/product"}],"wp:featuredmedia":[{"embeddable":true,"href":"https:\/\/secureus.se\/es\/wp-json\/wp\/v2\/media\/138481"}],"wp:attachment":[{"href":"https:\/\/secureus.se\/es\/wp-json\/wp\/v2\/media?parent=84858"}],"wp:term":[{"taxonomy":"product_brand","embeddable":true,"href":"https:\/\/secureus.se\/es\/wp-json\/wp\/v2\/product_brand?post=84858"},{"taxonomy":"product_cat","embeddable":true,"href":"https:\/\/secureus.se\/es\/wp-json\/wp\/v2\/product_cat?post=84858"},{"taxonomy":"product_tag","embeddable":true,"href":"https:\/\/secureus.se\/es\/wp-json\/wp\/v2\/product_tag?post=84858"}],"curies":[{"name":"wp","href":"https:\/\/api.w.org\/{rel}","templated":true}]}}