{"id":84860,"date":"2023-01-04T17:29:24","date_gmt":"2023-01-04T16:29:24","guid":{"rendered":"https:\/\/secureus.se\/produkt\/optex-pir-mw-cdx-dam-kombi-15x15-meter-antimask-sbsc-klass-3\/"},"modified":"2026-04-01T13:25:55","modified_gmt":"2026-04-01T11:25:55","slug":"optex-cdx-dam-pir-mikrovagsdetektor","status":"publish","type":"product","link":"https:\/\/secureus.se\/es\/optex-cdx-dam-pir-mikrovagsdetektor\/","title":{"rendered":"Detector PIR\/Microondas Optex CDX-DAM-X5 de 15 metros antienmascaramiento"},"content":{"rendered":"<h1>El detector PIR\/microondas CDX-DAM de Optex es una soluci\u00f3n de seguridad de primera calidad para \u00e1reas donde la alta confiabilidad es crucial.<\/h1>\n<p>Combina tecnolog\u00eda infrarroja pasiva (PIR) y microondas para proporcionar una detecci\u00f3n de movimiento precisa y r\u00e1pida.<\/p>\n<p>Una de las caracter\u00edsticas m\u00e1s destacadas es el antienmascaramiento IR activo, que protege al detector contra intentos de enmascarar o manipular las se\u00f1ales, lo que lo convierte en una opci\u00f3n perfecta para instalaciones de alta seguridad.<\/p>\n<p>Con un \u00e1rea de detecci\u00f3n de hasta 15 x 15 metros para haz ancho y 24 x 2 metros para haz largo, cubre un \u00e1rea amplia.<\/p>\n<p>Gracias a la lente giratoria, el \u00e1rea de detecci\u00f3n se puede ajustar para adaptarse a diferentes necesidades de instalaci\u00f3n. Al utilizar la funci\u00f3n de largo alcance, el elemento de microondas se desconecta para maximizar la precisi\u00f3n.<\/p>\n<p>El CDX-DAM tambi\u00e9n est\u00e1 equipado con un blindaje doblemente conductor que protege contra interferencias causadas por luz brillante o interferencias de RF, lo que garantiza una detecci\u00f3n estable y confiable en toda el \u00e1rea de vigilancia.<\/p>\n<p>Tambi\u00e9n est\u00e1 equipado con un procesador de se\u00f1al digital de nuevo desarrollo, que hace que la detecci\u00f3n y el an\u00e1lisis sean m\u00e1s precisos.<\/p>\n<p>Para la instalaci\u00f3n, existe la opci\u00f3n de utilizar resistencias EOL (Fin de l\u00ednea) para conectar f\u00e1cilmente el detector a varios sistemas de alarma.<\/p>\n<p>El detector tambi\u00e9n est\u00e1 equipado con una salida antimanipulaci\u00f3n y puede identificar r\u00e1pidamente si alguien est\u00e1 intentando manipular el dispositivo.<\/p>\n<p>El dise\u00f1o de pl\u00e1stico de acrilonitrilo lo hace resistente a la luz ultravioleta, lo que mantiene el detector blanco y hermoso durante mucho tiempo.<\/p>\n<p><strong>Especificaciones t\u00e9cnicas:<\/strong><\/p>\n<ul>\n<li><strong>Rango de detecci\u00f3n:<\/strong> Viga de 15 x 15 m de ancho, viga de 24 x 2 m de largo<\/li>\n<li><strong>Tecnolog\u00eda de detecci\u00f3n:<\/strong> PIR y microondas<\/li>\n<li><strong>Rango de temperatura:<\/strong> -10\u00b0C a +50\u00b0C<\/li>\n<li><strong>Fuente de alimentaci\u00f3n:<\/strong> 9-18 V CC<\/li>\n<li><strong>Consumo de energ\u00eda:<\/strong> 19-26 mA<\/li>\n<li><strong>Salida de alarma:<\/strong> NC 28 V CC 0,2 A m\u00e1x.<\/li>\n<li><strong>Salida de manipulaci\u00f3n:<\/strong> NC 28 V CC 0,1 A m\u00e1x.<\/li>\n<li><strong>Clase de recinto:<\/strong> IP30<\/li>\n<li><strong>Medida:<\/strong> 140 x 70 x 52,3 mm<\/li>\n<li><strong>Peso:<\/strong> 180 gramos<\/li>\n<li><strong>Montaje:<\/strong> Montaje en pared o techo, altura 2-3 m<\/li>\n<\/ul>","protected":false},"excerpt":{"rendered":"<p>Optex CDX-DAM es un detector PIR\/microondas avanzado con antienmascaramiento IR activo, dise\u00f1ado para entornos de alta seguridad y aprobado seg\u00fan SBSC Alarm Class 3.<\/p>\n<p>Ofrece detecci\u00f3n flexible con rango ajustable y combina tecnolog\u00eda PIR y microondas para minimizar las falsas alarmas.<\/p>","protected":false},"featured_media":141281,"template":"","meta":{"_acf_changed":false},"product_brand":[],"product_cat":[1325],"product_tag":[2146,3067],"class_list":{"0":"post-84860","1":"product","2":"type-product","3":"status-publish","4":"has-post-thumbnail","6":"product_cat-larmgivare-skalskydd","7":"product_tag-rorelsedetektor-kombidetektorer","8":"product_tag-optex-cdx-outlet","9":"product_shipping_class-postnord-varubrev","10":"pa_brands-optex","11":"tm-no-options","13":"first","14":"instock","15":"sale","16":"featured","17":"taxable","18":"shipping-taxable","19":"purchasable","20":"product-type-simple"},"acf":[],"_links":{"self":[{"href":"https:\/\/secureus.se\/es\/wp-json\/wp\/v2\/product\/84860","targetHints":{"allow":["GET"]}}],"collection":[{"href":"https:\/\/secureus.se\/es\/wp-json\/wp\/v2\/product"}],"about":[{"href":"https:\/\/secureus.se\/es\/wp-json\/wp\/v2\/types\/product"}],"wp:featuredmedia":[{"embeddable":true,"href":"https:\/\/secureus.se\/es\/wp-json\/wp\/v2\/media\/141281"}],"wp:attachment":[{"href":"https:\/\/secureus.se\/es\/wp-json\/wp\/v2\/media?parent=84860"}],"wp:term":[{"taxonomy":"product_brand","embeddable":true,"href":"https:\/\/secureus.se\/es\/wp-json\/wp\/v2\/product_brand?post=84860"},{"taxonomy":"product_cat","embeddable":true,"href":"https:\/\/secureus.se\/es\/wp-json\/wp\/v2\/product_cat?post=84860"},{"taxonomy":"product_tag","embeddable":true,"href":"https:\/\/secureus.se\/es\/wp-json\/wp\/v2\/product_tag?post=84860"}],"curies":[{"name":"wp","href":"https:\/\/api.w.org\/{rel}","templated":true}]}}