{"id":85045,"date":"2022-06-28T13:04:54","date_gmt":"2022-06-28T11:04:54","guid":{"rendered":"https:\/\/secureus.se\/produkt\/glaskrossdetektor-gd-330\/"},"modified":"2026-04-08T16:48:16","modified_gmt":"2026-04-08T14:48:16","slug":"glaskrossdetektor-gd-330","status":"publish","type":"product","link":"https:\/\/secureus.se\/es\/glaskrossdetektor-gd-330\/","title":{"rendered":"Detector de rotura de cristales Gd 330"},"content":{"rendered":"<p>Detector de rotura de cristales con salida de rel\u00e9. Redondo, por lo que nunca puede quedar torcido. El detector est\u00e1 pegado a la secci\u00f3n de vidrio. Para una instalaci\u00f3n r\u00e1pida y sencilla, se incluye una plantilla, una paleta y un protector de cable. Blanco. No apto para vidrio laminado. Cable de 3m.<\/p>","protected":false},"excerpt":{"rendered":"<p>Detector de rotura de cristales con salida de rel\u00e9. Redondo, por lo que nunca puede quedar torcido. El detector est\u00e1 pegado a la secci\u00f3n de vidrio. Para una instalaci\u00f3n r\u00e1pida y sencilla, se incluye una plantilla, una paleta y un protector de cable. Blanco. No apto para laminados.<\/p>","protected":false},"featured_media":142760,"template":"","meta":{"_acf_changed":false},"product_brand":[],"product_cat":[3085],"product_tag":[2283],"class_list":{"0":"post-85045","1":"product","2":"type-product","3":"status-publish","4":"has-post-thumbnail","6":"product_cat-vibationsdetektorer-glaskrossdetektorer","7":"product_tag-glaskross-limmad-4-trad","8":"product_shipping_class-postnord-varubrev","9":"pa_brands-alarmtech","10":"pa_farg-vit","11":"tm-no-options","13":"first","14":"instock","15":"sale","16":"featured","17":"taxable","18":"shipping-taxable","19":"purchasable","20":"product-type-simple"},"acf":[],"_links":{"self":[{"href":"https:\/\/secureus.se\/es\/wp-json\/wp\/v2\/product\/85045","targetHints":{"allow":["GET"]}}],"collection":[{"href":"https:\/\/secureus.se\/es\/wp-json\/wp\/v2\/product"}],"about":[{"href":"https:\/\/secureus.se\/es\/wp-json\/wp\/v2\/types\/product"}],"wp:featuredmedia":[{"embeddable":true,"href":"https:\/\/secureus.se\/es\/wp-json\/wp\/v2\/media\/142760"}],"wp:attachment":[{"href":"https:\/\/secureus.se\/es\/wp-json\/wp\/v2\/media?parent=85045"}],"wp:term":[{"taxonomy":"product_brand","embeddable":true,"href":"https:\/\/secureus.se\/es\/wp-json\/wp\/v2\/product_brand?post=85045"},{"taxonomy":"product_cat","embeddable":true,"href":"https:\/\/secureus.se\/es\/wp-json\/wp\/v2\/product_cat?post=85045"},{"taxonomy":"product_tag","embeddable":true,"href":"https:\/\/secureus.se\/es\/wp-json\/wp\/v2\/product_tag?post=85045"}],"curies":[{"name":"wp","href":"https:\/\/api.w.org\/{rel}","templated":true}]}}