{"id":85061,"date":"2022-06-28T13:04:43","date_gmt":"2022-06-28T11:04:43","guid":{"rendered":"https:\/\/secureus.se\/produkt\/akust-glaskrossdet-ad800-am\/"},"modified":"2026-04-23T11:33:24","modified_gmt":"2026-04-23T09:33:24","slug":"akust-glaskrossdet-ad800-am","status":"publish","type":"product","link":"https:\/\/secureus.se\/es\/akust-glaskrossdet-ad800-am\/","title":{"rendered":"Rompecristales ac\u00fastico Ad800-Am"},"content":{"rendered":"<p>Detector ac\u00fastico de rotura de cristales con funci\u00f3n Anti-Enmascaramiento avanzada. El detector monitorea una o m\u00e1s ventanas o secciones de vidrio dentro de un \u00e1rea de cobertura de hasta 9 m y 165\u00b0. Los diferentes niveles de sensibilidad y tipos de ventanas se configuran mediante interruptores DIP. Maneja vidrio laminado. Doble funci\u00f3n Anti-Enmascaramiento que reacciona al cubrimiento del micr\u00f3fono y del detector. Clase de alarma 4 (Grado 3). Utilice la unidad de prueba ADT700 (n.\u00b0 de pieza 6332552) para ayudar con la instalaci\u00f3n y el servicio del detector. Tipo de mensaje: Indicador ac\u00fastico de rotura de cristales, Radio de monitorizaci\u00f3n: 9 m, Clase VdS: B, Color: Blanco<\/p>","protected":false},"excerpt":{"rendered":"<p>Detector ac\u00fastico de rotura de cristales con funci\u00f3n Anti-Enmascaramiento avanzada. El detector monitorea una o m\u00e1s ventanas o secciones de vidrio dentro de un \u00e1rea de cobertura de hasta 9 m y 165\u00b0. Los diferentes niveles de sensibilidad y tipos de ventanas se configuran mediante interruptores DIP.<\/p>","protected":false},"featured_media":142920,"template":"","meta":{"_acf_changed":false},"product_brand":[],"product_cat":[3085],"product_tag":[2279,2418],"class_list":{"0":"post-85061","1":"product","2":"type-product","3":"status-publish","4":"has-post-thumbnail","6":"product_cat-vibationsdetektorer-glaskrossdetektorer","7":"product_tag-glaskross-akustisk","8":"product_tag-rel-larmgivare","9":"product_shipping_class-postnord-varubrev","10":"pa_brands-alarmtech","11":"pa_farg-vit","12":"tm-no-options","14":"first","15":"instock","16":"sale","17":"featured","18":"taxable","19":"shipping-taxable","20":"purchasable","21":"product-type-simple"},"acf":[],"_links":{"self":[{"href":"https:\/\/secureus.se\/es\/wp-json\/wp\/v2\/product\/85061","targetHints":{"allow":["GET"]}}],"collection":[{"href":"https:\/\/secureus.se\/es\/wp-json\/wp\/v2\/product"}],"about":[{"href":"https:\/\/secureus.se\/es\/wp-json\/wp\/v2\/types\/product"}],"wp:featuredmedia":[{"embeddable":true,"href":"https:\/\/secureus.se\/es\/wp-json\/wp\/v2\/media\/142920"}],"wp:attachment":[{"href":"https:\/\/secureus.se\/es\/wp-json\/wp\/v2\/media?parent=85061"}],"wp:term":[{"taxonomy":"product_brand","embeddable":true,"href":"https:\/\/secureus.se\/es\/wp-json\/wp\/v2\/product_brand?post=85061"},{"taxonomy":"product_cat","embeddable":true,"href":"https:\/\/secureus.se\/es\/wp-json\/wp\/v2\/product_cat?post=85061"},{"taxonomy":"product_tag","embeddable":true,"href":"https:\/\/secureus.se\/es\/wp-json\/wp\/v2\/product_tag?post=85061"}],"curies":[{"name":"wp","href":"https:\/\/api.w.org\/{rel}","templated":true}]}}