{"id":85062,"date":"2022-06-28T13:04:43","date_gmt":"2022-06-28T11:04:43","guid":{"rendered":"https:\/\/secureus.se\/produkt\/analysator-iu-400\/"},"modified":"2026-02-20T12:09:55","modified_gmt":"2026-02-20T11:09:55","slug":"analysator-iu-400","status":"publish","type":"product","link":"https:\/\/secureus.se\/es\/analysator-iu-400\/","title":{"rendered":"Analizador IU 400"},"content":{"rendered":"<p>Unidad analizadora para detectores de rotura de vidrio GD 475 que en conjunto est\u00e1n aprobados seg\u00fan la clase\/grado 3 de EN. El analizador contiene 3 rel\u00e9s; Alarmas, errores y protecci\u00f3n de apertura\/ruptura. Se pueden conectar un m\u00e1ximo de 20 detectores a una IU 400, se recomiendan 10 detectores. IU 400 monitorea el voltaje en el bucle y se\u00f1ala un error si el voltaje del bucle cambia. La tensi\u00f3n de bucle se \u201cprograma\u201d (determina) cuando el sistema se pone en funcionamiento.<\/p>","protected":false},"excerpt":{"rendered":"<p>Analysatorenhet till GD 475 glaskrossdetektorer som tillsammans \u00e4r godk\u00e4nda enl EN klass\/grade 3. I analysatorn finns 3 rel\u00e4er; larm, fel och \u00f6ppningsskydd\/bortbrytning. Max 20 detektorer kan anslutas till en IU<\/p>","protected":false},"featured_media":143294,"template":"","meta":{"_acf_changed":false},"product_brand":[],"product_cat":[3085],"product_tag":[2278],"class_list":{"0":"post-85062","1":"product","2":"type-product","3":"status-publish","4":"has-post-thumbnail","6":"product_cat-vibationsdetektorer-glaskrossdetektorer","7":"product_tag-glaskross-aterstallningsenheter-analysator","8":"product_shipping_class-postnord-varubrev","9":"pa_brands-alarmtech","10":"pa_farg-vit","11":"tm-no-options","13":"first","14":"instock","15":"sale","16":"featured","17":"taxable","18":"shipping-taxable","19":"purchasable","20":"product-type-simple"},"acf":[],"_links":{"self":[{"href":"https:\/\/secureus.se\/es\/wp-json\/wp\/v2\/product\/85062","targetHints":{"allow":["GET"]}}],"collection":[{"href":"https:\/\/secureus.se\/es\/wp-json\/wp\/v2\/product"}],"about":[{"href":"https:\/\/secureus.se\/es\/wp-json\/wp\/v2\/types\/product"}],"wp:featuredmedia":[{"embeddable":true,"href":"https:\/\/secureus.se\/es\/wp-json\/wp\/v2\/media\/143294"}],"wp:attachment":[{"href":"https:\/\/secureus.se\/es\/wp-json\/wp\/v2\/media?parent=85062"}],"wp:term":[{"taxonomy":"product_brand","embeddable":true,"href":"https:\/\/secureus.se\/es\/wp-json\/wp\/v2\/product_brand?post=85062"},{"taxonomy":"product_cat","embeddable":true,"href":"https:\/\/secureus.se\/es\/wp-json\/wp\/v2\/product_cat?post=85062"},{"taxonomy":"product_tag","embeddable":true,"href":"https:\/\/secureus.se\/es\/wp-json\/wp\/v2\/product_tag?post=85062"}],"curies":[{"name":"wp","href":"https:\/\/api.w.org\/{rel}","templated":true}]}}