{"id":85232,"date":"2022-03-10T15:48:00","date_gmt":"2022-03-10T14:48:00","guid":{"rendered":"https:\/\/secureus.se\/produkt\/takfaste-ca-2c-multivinkel-alla-optex-utom-rx40\/"},"modified":"2025-12-31T19:49:12","modified_gmt":"2025-12-31T18:49:12","slug":"optex-ca-2c-takfaste-multivinkel","status":"publish","type":"product","link":"https:\/\/secureus.se\/es\/optex-ca-2c-takfaste-multivinkel\/","title":{"rendered":"Montaje en techo multi\u00e1ngulo Optex CA-2C (todos los Optex excepto RX40)"},"content":{"rendered":"<h3>El soporte de techo multi\u00e1ngulo Optex CA-2C es una soluci\u00f3n robusta y flexible dise\u00f1ada para garantizar una f\u00e1cil instalaci\u00f3n y ajuste de los detectores Optex.<\/h3>\n<p>Este soporte se adapta a todos los modelos Optex excepto el RX-40 y ofrece una soluci\u00f3n eficaz para instalar detectores en el techo para un rango de detecci\u00f3n \u00f3ptimo.<\/p>\n<p>El dise\u00f1o ajustable del CA-2C permite un ajuste r\u00e1pido del \u00e1ngulo de instalaci\u00f3n para garantizar la mejor detecci\u00f3n posible.<\/p>\n<p>Este soporte de techo es una excelente opci\u00f3n tanto para propiedades comerciales como residenciales y se utiliza a menudo en sistemas de seguridad donde es importante maximizar la cobertura y minimizar los puntos ciegos.<\/p>\n<p>La gran ventaja del CA-2C es su flexibilidad. Se puede utilizar en una variedad de entornos y garantiza una instalaci\u00f3n segura y estable.<\/p>\n<p>El soporte est\u00e1 dise\u00f1ado para ser f\u00e1cil de instalar, lo que permite a los instaladores montar y ajustar r\u00e1pidamente el sistema sin tener que desmontar la unidad.<\/p>\n<p>Esto reduce el tiempo de instalaci\u00f3n y ahorra costes y mano de obra.<\/p>\n<p>El soporte de techo CA-2C es particularmente \u00fatil para instalaciones donde los detectores deben montarse en el techo para proporcionar un \u00e1ngulo de visi\u00f3n m\u00e1s amplio, lo que permite monitorear \u00e1reas m\u00e1s grandes de manera efectiva.<\/p>\n<p>El sistema se adapta a todos los detectores Optex excepto RX-40 y se puede utilizar para optimizar la detecci\u00f3n en propiedades privadas y comerciales.<\/p>\n<p>Este soporte no solo es f\u00e1cil de instalar, sino que tambi\u00e9n tiene una construcci\u00f3n duradera que est\u00e1 dise\u00f1ada para durar muchos a\u00f1os, lo que lo convierte en una soluci\u00f3n a largo plazo para los sistemas de seguridad.<\/p>\n<p><strong>Especificaciones t\u00e9cnicas:<\/strong><\/p>\n<ul>\n<li><strong>Compatibilidad:<\/strong> Se adapta a todos los detectores Optex excepto RX-40.<\/li>\n<li><strong>Usar:<\/strong> Uso en interiores (recomendado).<\/li>\n<li><strong>Instalaci\u00f3n:<\/strong> F\u00e1cil de instalar, \u00e1ngulo ajustable para una detecci\u00f3n \u00f3ptima.<\/li>\n<li><strong>Material:<\/strong> Construcci\u00f3n robusta y duradera.<\/li>\n<li><strong>Ventajas:<\/strong> Flexibilidad en \u00e1ngulos de instalaci\u00f3n para garantizar la mejor cobertura y detecci\u00f3n.<\/li>\n<\/ul>","protected":false},"excerpt":{"rendered":"<p>Optex CA-2C Soporte de techo multi\u00e1ngulo: soporte de techo flexible para todos los detectores Optex (excepto RX-40).<\/p>\n<p>F\u00e1cil de instalar y ajustar para un rango de detecci\u00f3n \u00f3ptimo. Perfecto para uso en interiores.<\/p>","protected":false},"featured_media":145066,"template":"","meta":{"_acf_changed":false},"product_brand":[],"product_cat":[1325],"product_tag":[2145],"class_list":{"0":"post-85232","1":"product","2":"type-product","3":"status-publish","4":"has-post-thumbnail","6":"product_cat-larmgivare-skalskydd","7":"product_tag-rorelsedetektor-ir-detektorer","8":"product_shipping_class-tunga-paket","9":"pa_brands-optex","10":"tm-no-options","12":"first","13":"instock","14":"sale","15":"featured","16":"taxable","17":"shipping-taxable","18":"purchasable","19":"product-type-simple"},"acf":[],"_links":{"self":[{"href":"https:\/\/secureus.se\/es\/wp-json\/wp\/v2\/product\/85232","targetHints":{"allow":["GET"]}}],"collection":[{"href":"https:\/\/secureus.se\/es\/wp-json\/wp\/v2\/product"}],"about":[{"href":"https:\/\/secureus.se\/es\/wp-json\/wp\/v2\/types\/product"}],"wp:featuredmedia":[{"embeddable":true,"href":"https:\/\/secureus.se\/es\/wp-json\/wp\/v2\/media\/145066"}],"wp:attachment":[{"href":"https:\/\/secureus.se\/es\/wp-json\/wp\/v2\/media?parent=85232"}],"wp:term":[{"taxonomy":"product_brand","embeddable":true,"href":"https:\/\/secureus.se\/es\/wp-json\/wp\/v2\/product_brand?post=85232"},{"taxonomy":"product_cat","embeddable":true,"href":"https:\/\/secureus.se\/es\/wp-json\/wp\/v2\/product_cat?post=85232"},{"taxonomy":"product_tag","embeddable":true,"href":"https:\/\/secureus.se\/es\/wp-json\/wp\/v2\/product_tag?post=85232"}],"curies":[{"name":"wp","href":"https:\/\/api.w.org\/{rel}","templated":true}]}}