{"id":85233,"date":"2022-03-10T15:48:00","date_gmt":"2022-03-10T14:48:00","guid":{"rendered":"https:\/\/secureus.se\/produkt\/vaggfaste-ca-1w-multivinkel-alla-optex-utom-rx40\/"},"modified":"2025-12-31T19:43:10","modified_gmt":"2025-12-31T18:43:10","slug":"optex-ca-1w-vaggfaste-multivinkel","status":"publish","type":"product","link":"https:\/\/secureus.se\/es\/optex-ca-1w-vaggfaste-multivinkel\/","title":{"rendered":"Soporte de pared multi\u00e1ngulo Optex CA-1W (todos los Optex excepto RX40)"},"content":{"rendered":"<div class=\"value\">\n<div class=\"value\">\n<h1>El soporte de pared multi\u00e1ngulo Optex CA-1W es un soporte de pared robusto y vers\u00e1til dise\u00f1ado para brindar soporte e instalaci\u00f3n sencilla de varios detectores y sistemas de seguridad Optex.<\/h1>\n<p>La montura es compatible con todos los modelos Optex excepto el RX-40 y ofrece a los usuarios la posibilidad de optimizar la detecci\u00f3n simplemente ajustando el \u00e1ngulo para obtener la mejor cobertura.<\/p>\n<p>Con su dise\u00f1o flexible y funci\u00f3n multi\u00e1ngulo, el soporte CA-1W proporciona una soluci\u00f3n f\u00e1cil para personalizar el \u00e1ngulo de instalaci\u00f3n del sistema de seguridad.<\/p>\n<p>Esto le permite maximizar el alcance y la eficacia de los detectores. Ya sea que se trate de instalar detectores en un hogar, una oficina o un entorno industrial, este soporte es una opci\u00f3n confiable.<\/p>\n<p>Una de las grandes ventajas de esta montura es su versatilidad. El CA-1W est\u00e1 especialmente recomendado para instalaciones en interiores, pero tambi\u00e9n se puede utilizar en exteriores, lo que lo hace \u00fatil para una amplia gama de instalaciones de sistemas de seguridad.<\/p>\n<p>Gracias al material duradero y al dise\u00f1o flexible, este soporte es perfecto tanto para propiedades comerciales como privadas.<\/p>\n<p>Tambi\u00e9n es muy f\u00e1cil de instalar. El soporte viene con todos los componentes de montaje necesarios y se puede ajustar r\u00e1pidamente al \u00e1ngulo deseado para una mejor detecci\u00f3n, ahorrando tiempo y mano de obra durante la instalaci\u00f3n.<\/p>\n<p>Su construcci\u00f3n robusta asegura que se mantenga estable y eficiente durante mucho tiempo.<\/p>\n<p><strong>Especificaciones t\u00e9cnicas:<\/strong><\/p>\n<ul>\n<li><strong>Compatibilidad:<\/strong> Se adapta a todos los modelos Optex excepto RX-40, incluidos los modelos CX-702, CX-702 MKII, CX-702RS, LX-402, LX-802N y QXI.<\/li>\n<li><strong>Usar:<\/strong> En interiores (recomendado) y en exteriores.<\/li>\n<li><strong>Instalaci\u00f3n:<\/strong> F\u00e1cil montaje con componentes incluidos.<\/li>\n<li><strong>Ventajas:<\/strong> Ajuste flexible del \u00e1ngulo de instalaci\u00f3n para una detecci\u00f3n optimizada.<\/li>\n<li><strong>Material:<\/strong> Construcci\u00f3n duradera y robusta<\/li>\n<\/ul>\n<\/div>\n<\/div>","protected":false},"excerpt":{"rendered":"<p>Optex CA-1W Soporte de pared multi\u00e1ngulo: soporte de pared flexible para detectores Optex, compatible con todos los modelos excepto RX-40.<\/p>\n<p>F\u00e1cil instalaci\u00f3n y ajuste tanto para uso interior como exterior.<\/p>","protected":false},"featured_media":145562,"template":"","meta":{"_acf_changed":false},"product_brand":[],"product_cat":[1325],"product_tag":[2145],"class_list":{"0":"post-85233","1":"product","2":"type-product","3":"status-publish","4":"has-post-thumbnail","6":"product_cat-larmgivare-skalskydd","7":"product_tag-rorelsedetektor-ir-detektorer","8":"product_shipping_class-tunga-paket","9":"pa_brands-optex","10":"tm-no-options","12":"first","13":"instock","14":"sale","15":"featured","16":"taxable","17":"shipping-taxable","18":"purchasable","19":"product-type-simple"},"acf":[],"_links":{"self":[{"href":"https:\/\/secureus.se\/es\/wp-json\/wp\/v2\/product\/85233","targetHints":{"allow":["GET"]}}],"collection":[{"href":"https:\/\/secureus.se\/es\/wp-json\/wp\/v2\/product"}],"about":[{"href":"https:\/\/secureus.se\/es\/wp-json\/wp\/v2\/types\/product"}],"wp:featuredmedia":[{"embeddable":true,"href":"https:\/\/secureus.se\/es\/wp-json\/wp\/v2\/media\/145562"}],"wp:attachment":[{"href":"https:\/\/secureus.se\/es\/wp-json\/wp\/v2\/media?parent=85233"}],"wp:term":[{"taxonomy":"product_brand","embeddable":true,"href":"https:\/\/secureus.se\/es\/wp-json\/wp\/v2\/product_brand?post=85233"},{"taxonomy":"product_cat","embeddable":true,"href":"https:\/\/secureus.se\/es\/wp-json\/wp\/v2\/product_cat?post=85233"},{"taxonomy":"product_tag","embeddable":true,"href":"https:\/\/secureus.se\/es\/wp-json\/wp\/v2\/product_tag?post=85233"}],"curies":[{"name":"wp","href":"https:\/\/api.w.org\/{rel}","templated":true}]}}