{"id":85237,"date":"2022-03-10T15:47:00","date_gmt":"2022-03-10T14:47:00","guid":{"rendered":"https:\/\/secureus.se\/produkt\/optex-ir-detektor-vxi-st-12-meter-utomhus\/"},"modified":"2025-12-31T19:48:42","modified_gmt":"2025-12-31T18:48:42","slug":"optex-ir-detektor-vxi-st-12-meter-utomhus","status":"publish","type":"product","link":"https:\/\/secureus.se\/es\/optex-ir-detektor-vxi-st-12-meter-utomhus\/","title":{"rendered":"Detector de infrarrojos Optex VXI-ST de 12 metros para exteriores"},"content":{"rendered":"<h1>El Optex VXI-ST es un detector PIR flexible y de alta calidad dise\u00f1ado para uso en exteriores y especialmente adecuado para aplicaciones de CCTV y alarmas externas.<\/h1>\n<p>Con un rango de detecci\u00f3n de hasta 12 metros y un patr\u00f3n de detecci\u00f3n de gran \u00e1ngulo de 90\u00b0, el VXI-ST proporciona una cobertura amplia y confiable del \u00e1rea monitoreada.<\/p>\n<p>Este detector est\u00e1 equipado con tecnolog\u00eda avanzada SMDA (Super Multidimensional Analysis) que le permite identificar amenazas reales mientras reduce eficazmente el riesgo de falsas alarmas causadas por interferencias ambientales como reflejos de luz o condiciones clim\u00e1ticas.<\/p>\n<p>Una caracter\u00edstica \u00fanica del VXI-ST es su sensibilidad ajustable, que permite ajustar el detector para detectar peque\u00f1os movimientos o filtrar movimientos insignificantes.<\/p>\n<p>Con cinco \u00e1reas de detecci\u00f3n y opciones de patrones diferentes, la instalaci\u00f3n se puede optimizar para adaptarse a necesidades espec\u00edficas. El VXI-ST tambi\u00e9n tiene una entrada auxiliar para conectar una fotoc\u00e9lula externa u otro dispositivo de detecci\u00f3n, lo que aumenta su usabilidad en entornos de instalaci\u00f3n complejos.<\/p>\n<p>El detector tiene clasificaci\u00f3n IP55 y est\u00e1 dise\u00f1ado para soportar las duras condiciones clim\u00e1ticas que pueden ocurrir en instalaciones al aire libre, lo que lo hace ideal tanto para aplicaciones residenciales como comerciales.<\/p>\n<p>El VXI-ST tambi\u00e9n est\u00e1 protegido contra sabotaje y manipulaci\u00f3n, lo que proporciona un nivel adicional de seguridad. Para garantizar un rendimiento estable y a largo plazo, se recomienda una altura de montaje entre 0,8 y 1,2 metros.<\/p>\n<p><strong>Especificaciones t\u00e9cnicas<\/strong>:<\/p>\n<ul>\n<li><strong>M\u00e9todo de detecci\u00f3n<\/strong>:PIR<\/li>\n<li><strong>\u00c1rea de detecci\u00f3n<\/strong>:12 metros<\/li>\n<li><strong>\u00c1ngulo de detecci\u00f3n<\/strong>: Gran angular de 90\u00b0<\/li>\n<li><strong>Ajuste de sensibilidad<\/strong>: S\u00ed<\/li>\n<li><strong>Caracter\u00edsticas<\/strong>:Cinco \u00e1reas de detecci\u00f3n ajustables, cinco opciones de patr\u00f3n, protecci\u00f3n de enmascaramiento<\/li>\n<li><strong>Fuente de alimentaci\u00f3n<\/strong>: 9,5 \u2013 18 V CC<\/li>\n<li><strong>Consumo de energ\u00eda<\/strong>: 24 mA a 12 V CC<\/li>\n<li><strong>Rango de temperatura<\/strong>:-20\u00b0C a +60\u00b0C<\/li>\n<li><strong>Clase de protecci\u00f3n<\/strong>:IP55<\/li>\n<li><strong>Peso<\/strong>:600 gramos<\/li>\n<li><strong>Altura de montaje<\/strong>: 0,8 a 1,2 metros<\/li>\n<li><strong>Adjunto<\/strong>:Pared o poste<\/li>\n<li><strong>Entrada extra para fotoc\u00e9lula<\/strong>: S\u00ed<\/li>\n<li><strong>Salida de alarma<\/strong>: NC o NO seleccionable<\/li>\n<\/ul>","protected":false},"excerpt":{"rendered":"<p>El Optex VXI-ST es un detector PIR de gran angular de 12 metros para uso en exteriores, perfecto para aplicaciones de CCTV y alarmas externas.<\/p>\n<p>Equipado con detecci\u00f3n SMDA avanzada y sensibilidad ajustable, este detector ofrece alta seguridad y eficiencia.<\/p>","protected":false},"featured_media":145190,"template":"","meta":{"_acf_changed":false},"product_brand":[],"product_cat":[1325,4756],"product_tag":[2147],"class_list":{"0":"post-85237","1":"product","2":"type-product","3":"status-publish","4":"has-post-thumbnail","6":"product_cat-larmgivare-skalskydd","7":"product_cat-utomhussakerhet-tradade-larmenheter","8":"product_tag-rorelsedetektor-utomhus","9":"product_shipping_class-postnord-varubrev","10":"pa_brands-optex","11":"tm-no-options","13":"first","14":"instock","15":"sale","16":"featured","17":"taxable","18":"shipping-taxable","19":"purchasable","20":"product-type-simple"},"acf":[],"_links":{"self":[{"href":"https:\/\/secureus.se\/es\/wp-json\/wp\/v2\/product\/85237","targetHints":{"allow":["GET"]}}],"collection":[{"href":"https:\/\/secureus.se\/es\/wp-json\/wp\/v2\/product"}],"about":[{"href":"https:\/\/secureus.se\/es\/wp-json\/wp\/v2\/types\/product"}],"wp:featuredmedia":[{"embeddable":true,"href":"https:\/\/secureus.se\/es\/wp-json\/wp\/v2\/media\/145190"}],"wp:attachment":[{"href":"https:\/\/secureus.se\/es\/wp-json\/wp\/v2\/media?parent=85237"}],"wp:term":[{"taxonomy":"product_brand","embeddable":true,"href":"https:\/\/secureus.se\/es\/wp-json\/wp\/v2\/product_brand?post=85237"},{"taxonomy":"product_cat","embeddable":true,"href":"https:\/\/secureus.se\/es\/wp-json\/wp\/v2\/product_cat?post=85237"},{"taxonomy":"product_tag","embeddable":true,"href":"https:\/\/secureus.se\/es\/wp-json\/wp\/v2\/product_tag?post=85237"}],"curies":[{"name":"wp","href":"https:\/\/api.w.org\/{rel}","templated":true}]}}