{"id":85725,"date":"2023-09-13T10:32:57","date_gmt":"2023-09-13T08:32:57","guid":{"rendered":"https:\/\/secureus.se\/produkt\/electromagnetic-door-suction-acm-md603\/"},"modified":"2025-12-31T20:54:27","modified_gmt":"2025-12-31T19:54:27","slug":"electromagnetic-door-suction-acm-md603","status":"publish","type":"product","link":"https:\/\/secureus.se\/es\/electromagnetic-door-suction-acm-md603\/","title":{"rendered":"Im\u00e1n retenedor de puerta con bot\u00f3n de liberaci\u00f3n incl. anclaje de pared"},"content":{"rendered":"<p id=\"tw-target-text\" class=\"tw-data-text tw-text-large tw-ta\" dir=\"ltr\" data-placeholder=\"Translation\"><span class=\"Y2IQFc\" lang=\"sv\">Par\u00e1metros t\u00e9cnicos: <\/span><\/p>\n<p class=\"tw-data-text tw-text-large tw-ta\" dir=\"ltr\" data-placeholder=\"Translation\"><span class=\"Y2IQFc\" lang=\"sv\">Voltaje de entrada: DC12V\/24V (opcional) <\/span><\/p>\n<p class=\"tw-data-text tw-text-large tw-ta\" dir=\"ltr\" data-placeholder=\"Translation\"><span class=\"Y2IQFc\" lang=\"sv\">Corriente de trabajo: DC12V\/170mA o DC24V\/85 mA<\/span><\/p>\n<p class=\"tw-data-text tw-text-large tw-ta\" dir=\"ltr\" data-placeholder=\"Translation\"><span class=\"Y2IQFc\" lang=\"sv\">Fuerza de sujeci\u00f3n: 60 kg Fuerza de tracci\u00f3n en l\u00ednea recta <\/span><\/p>\n<p class=\"tw-data-text tw-text-large tw-ta\" dir=\"ltr\" data-placeholder=\"Translation\"><span class=\"Y2IQFc\" lang=\"sv\">Temperatura de funcionamiento: 0~55\u2103 <\/span><\/p>\n<p class=\"tw-data-text tw-text-large tw-ta\" dir=\"ltr\" data-placeholder=\"Translation\"><span class=\"Y2IQFc\" lang=\"sv\">Humedad de funcionamiento: 0~95% <\/span><\/p>\n<p class=\"tw-data-text tw-text-large tw-ta\" dir=\"ltr\" data-placeholder=\"Translation\"><span class=\"Y2IQFc\" lang=\"sv\">Peso: 0,85 kg <\/span><\/p>\n<p class=\"tw-data-text tw-text-large tw-ta\" dir=\"ltr\" data-placeholder=\"Translation\"><span class=\"Y2IQFc\" lang=\"sv\">Caracter\u00edsticas: Voltaje dual: DC12V\/24V (opcional) <\/span><\/p>\n<p class=\"tw-data-text tw-text-large tw-ta\" dir=\"ltr\" data-placeholder=\"Translation\"><span class=\"Y2IQFc\" lang=\"sv\">Bot\u00f3n de apertura de emergencia o bot\u00f3n de prueba <\/span><\/p>\n<p class=\"tw-data-text tw-text-large tw-ta\" dir=\"ltr\" data-placeholder=\"Translation\"><span class=\"Y2IQFc\" lang=\"sv\">Dise\u00f1o de bajo consumo montado en la pared <\/span><\/p>\n<p class=\"tw-data-text tw-text-large tw-ta\" dir=\"ltr\" data-placeholder=\"Translation\"><span class=\"Y2IQFc\" lang=\"sv\">Configuraci\u00f3n de seguridad a prueba de fallos <\/span><\/p>\n<p class=\"tw-data-text tw-text-large tw-ta\" dir=\"ltr\" data-placeholder=\"Translation\"><span class=\"Y2IQFc\" lang=\"sv\">Operaci\u00f3n sostenible<\/span><\/p>","protected":false},"excerpt":{"rendered":"<p>Retenedor de puerta magn\u00e9tico de pared con bot\u00f3n de cierre, destinado al cierre de puertas cortafuegos.<\/p>","protected":false},"featured_media":139839,"template":"","meta":{"_acf_changed":false},"product_brand":[],"product_cat":[1560],"product_tag":[2958],"class_list":{"0":"post-85725","1":"product","2":"type-product","3":"status-publish","4":"has-post-thumbnail","6":"product_cat-branddorrstangning","7":"product_tag-stonehouse-produkt","8":"product_shipping_class-tunga-paket","9":"pa_brands-stonehouse-security","10":"tm-no-options","12":"first","13":"instock","14":"sale","15":"featured","16":"taxable","17":"shipping-taxable","18":"purchasable","19":"product-type-simple"},"acf":[],"_links":{"self":[{"href":"https:\/\/secureus.se\/es\/wp-json\/wp\/v2\/product\/85725","targetHints":{"allow":["GET"]}}],"collection":[{"href":"https:\/\/secureus.se\/es\/wp-json\/wp\/v2\/product"}],"about":[{"href":"https:\/\/secureus.se\/es\/wp-json\/wp\/v2\/types\/product"}],"wp:featuredmedia":[{"embeddable":true,"href":"https:\/\/secureus.se\/es\/wp-json\/wp\/v2\/media\/139839"}],"wp:attachment":[{"href":"https:\/\/secureus.se\/es\/wp-json\/wp\/v2\/media?parent=85725"}],"wp:term":[{"taxonomy":"product_brand","embeddable":true,"href":"https:\/\/secureus.se\/es\/wp-json\/wp\/v2\/product_brand?post=85725"},{"taxonomy":"product_cat","embeddable":true,"href":"https:\/\/secureus.se\/es\/wp-json\/wp\/v2\/product_cat?post=85725"},{"taxonomy":"product_tag","embeddable":true,"href":"https:\/\/secureus.se\/es\/wp-json\/wp\/v2\/product_tag?post=85725"}],"curies":[{"name":"wp","href":"https:\/\/api.w.org\/{rel}","templated":true}]}}